{"id":2543,"date":"2016-07-14T02:27:55","date_gmt":"2016-07-14T00:27:55","guid":{"rendered":"https:\/\/www.soletanchefreyssinet.com\/groupe\/qui-sommes-nous\/"},"modified":"2025-01-17T15:17:06","modified_gmt":"2025-01-17T14:17:06","slug":"quienes-somos","status":"publish","type":"page","link":"https:\/\/www.soletanchefreyssinet.com\/es\/grupo\/quienes-somos\/","title":{"rendered":"\u00bfQuienes somos?"},"content":{"rendered":"<p><div class=\"fusion-fullwidth fullwidth-box fusion-builder-row-1 nonhundred-percent-fullwidth non-hundred-percent-height-scrolling\" style=\"--awb-border-radius-top-left:0px;--awb-border-radius-top-right:0px;--awb-border-radius-bottom-right:0px;--awb-border-radius-bottom-left:0px;--awb-flex-wrap:wrap;\" ><div class=\"fusion-builder-row fusion-row\"><div class=\"fusion-layout-column fusion_builder_column fusion-builder-column-0 fusion_builder_column_1_1 1_1 fusion-one-full fusion-column-first fusion-column-last\" style=\"--awb-padding-right:0%;--awb-padding-left:0%;--awb-bg-size:cover;\"><div class=\"fusion-column-wrapper fusion-column-has-shadow fusion-flex-column-wrapper-legacy\"><div class=\"fusion-text fusion-text-1\"><p><span style=\"font-size: 14pt;\"><strong>L\u00edder mundial en las actividades de suelos, estructuras y nuclear, Soletanche Freyssinet re\u00fane una gama de pericias sin igual en los \u00e1mbitos de la construcci\u00f3n y la ingenier\u00eda. Con sus seis empresas, Soletanche Freyssinet pone su excelencia t\u00e9cnica al servicio de sus clientes y de la performance de las obras.<\/strong><\/span><\/p>\n<\/div><div class=\"fusion-sep-clear\"><\/div><div class=\"fusion-separator fusion-full-width-sep\" style=\"margin-left: auto;margin-right: auto;margin-top:20px;width:100%;\"><\/div><div class=\"fusion-sep-clear\"><\/div><div class=\"fusion-clearfix\"><\/div><\/div><\/div><\/div><\/div><div class=\"fusion-fullwidth fullwidth-box fusion-builder-row-2 nonhundred-percent-fullwidth non-hundred-percent-height-scrolling\" style=\"--awb-border-radius-top-left:0px;--awb-border-radius-top-right:0px;--awb-border-radius-bottom-right:0px;--awb-border-radius-bottom-left:0px;--awb-flex-wrap:wrap;\" ><div class=\"fusion-builder-row fusion-row\"><div class=\"fusion-layout-column fusion_builder_column fusion-builder-column-1 fusion_builder_column_1_3 1_3 fusion-one-third fusion-column-first\" style=\"--awb-padding-top:0px;--awb-bg-size:cover;--awb-margin-top:20px;width:33.333333333333%;width:calc(33.333333333333% - ( ( 4% ) * 0.33333333333333 ) );margin-right: 4%;\"><div class=\"fusion-column-wrapper fusion-column-has-shadow fusion-flex-column-wrapper-legacy\"><div class=\"fusion-image-element in-legacy-container\" style=\"--awb-max-width:350px;--awb-caption-title-font-family:var(--h2_typography-font-family);--awb-caption-title-font-weight:var(--h2_typography-font-weight);--awb-caption-title-font-style:var(--h2_typography-font-style);--awb-caption-title-size:var(--h2_typography-font-size);--awb-caption-title-transform:var(--h2_typography-text-transform);--awb-caption-title-line-height:var(--h2_typography-line-height);--awb-caption-title-letter-spacing:var(--h2_typography-letter-spacing);\"><span class=\" fusion-imageframe imageframe-none imageframe-1 hover-type-zoomout fusion-animated\" data-animationType=\"fadeInDown\" data-animationDuration=\"0.7\" data-animationOffset=\"top-into-view\"><img decoding=\"async\" width=\"400\" height=\"600\" title=\"CH_20180725_033\" src=\"https:\/\/www.soletanchefreyssinet.com\/wp-content\/uploads\/2020\/07\/CH_20180725_033-scaled.jpg\" data-orig-src=\"https:\/\/www.soletanchefreyssinet.com\/wp-content\/uploads\/2020\/07\/CH_20180725_033-400x600.jpg\" alt class=\"lazyload img-responsive wp-image-1990\" srcset=\"data:image\/svg+xml,%3Csvg%20xmlns%3D%27http%3A%2F%2Fwww.w3.org%2F2000%2Fsvg%27%20width%3D%271707%27%20height%3D%272560%27%20viewBox%3D%270%200%201707%202560%27%3E%3Crect%20width%3D%271707%27%20height%3D%272560%27%20fill-opacity%3D%220%22%2F%3E%3C%2Fsvg%3E\" data-srcset=\"https:\/\/www.soletanchefreyssinet.com\/wp-content\/uploads\/2020\/07\/CH_20180725_033-200x300.jpg 200w, https:\/\/www.soletanchefreyssinet.com\/wp-content\/uploads\/2020\/07\/CH_20180725_033-400x600.jpg 400w, https:\/\/www.soletanchefreyssinet.com\/wp-content\/uploads\/2020\/07\/CH_20180725_033-600x900.jpg 600w, https:\/\/www.soletanchefreyssinet.com\/wp-content\/uploads\/2020\/07\/CH_20180725_033-800x1200.jpg 800w, https:\/\/www.soletanchefreyssinet.com\/wp-content\/uploads\/2020\/07\/CH_20180725_033-1200x1800.jpg 1200w, https:\/\/www.soletanchefreyssinet.com\/wp-content\/uploads\/2020\/07\/CH_20180725_033-scaled.jpg 1707w\" data-sizes=\"auto\" data-orig-sizes=\"(max-width: 800px) 100vw, 400px\" \/><\/span><\/div><div class=\"fusion-text fusion-text-2\"><p><span style=\"color: #ffffff;\"><em>Le Bureau d&#8217;Etudes int\u00e9gr\u00e9 de Soletanche Bachy France<\/em><\/span><\/p>\n<\/div><div class=\"fusion-clearfix\"><\/div><\/div><\/div><div class=\"fusion-layout-column fusion_builder_column fusion-builder-column-2 fusion_builder_column_2_3 2_3 fusion-two-third fusion-column-last\" style=\"--awb-padding-top:0px;--awb-bg-size:cover;width:66.666666666667%;width:calc(66.666666666667% - ( ( 4% ) * 0.66666666666667 ) );\"><div class=\"fusion-column-wrapper fusion-column-has-shadow fusion-flex-column-wrapper-legacy\"><div class=\"fusion-text fusion-text-3\"><h3>Esp\u00edritu pionero<\/h3>\n<p>Soletanche Freyssinet se distingue por la combinaci\u00f3n \u00fanica de aspectos asociados a su historia, su car\u00e1cter pionero, la excelencia y la proximidad de sus equipos, lo que le permite aportar lo mejor de la ingenier\u00eda y la construcci\u00f3n a sus clientes.<\/p>\n<h3>Construir nuestro mundo<\/h3>\n<p>Cada una de las empresas de Soletanche Freyssinet ha sabido, con el paso de los a\u00f1os, desarrollarse y adaptarse a los desaf\u00edos de su \u00e9poca.<\/p>\n<p>As\u00ed pues, desempe\u00f1an un papel fundamental en la construcci\u00f3n del mundo que nos rodea. Soletanche Freyssinet dispone de un abanico de t\u00e9cnicas que permite a\u00a0<a href=\"https:\/\/www.soletanchefreyssinet.com\/es\/our-brands\/soletanche-bachy\/\" rel=\"noopener noreferrer\">Soletanche Bachy<\/a>, <a href=\"https:\/\/www.soletanchefreyssinet.com\/es\/our-brands\/menard\/\" rel=\"noopener noreferrer\">Menard<\/a>, <a href=\"https:\/\/www.soletanchefreyssinet.com\/es\/our-brands\/terre-armee\/\" rel=\"noopener noreferrer\">Geoquest<\/a>, <a href=\"https:\/\/www.soletanchefreyssinet.com\/es\/our-brands\/freyssinet\/\" rel=\"noopener noreferrer\">Freyssinet<\/a>, <a href=\"https:\/\/www.soletanchefreyssinet.com\/es\/our-brands\/nuvia\/\" rel=\"noopener noreferrer\">Nuvia<\/a> et <a href=\"https:\/\/www.soletanchefreyssinet.com\/es\/our-brands\/sixense\/\" rel=\"noopener noreferrer\">Sixense<\/a>, dar respuesta a los principales retos del mundo del ma\u00f1ana.<\/p>\n<h3>Una oferta global y a medida<\/h3>\n<p>Las empresas de Soletanche Freyssinet proponen ofertas globales integradas verticalmente desde las fases de concepci\u00f3n\/asesoramiento\/dise\u00f1o hasta la realizaci\u00f3n y la ejecuci\u00f3n.<\/p>\n<\/div><div class=\"fusion-clearfix\"><\/div><\/div><\/div><\/div><\/div><div class=\"fusion-fullwidth fullwidth-box fusion-builder-row-3 nonhundred-percent-fullwidth non-hundred-percent-height-scrolling\" style=\"--awb-border-radius-top-left:0px;--awb-border-radius-top-right:0px;--awb-border-radius-bottom-right:0px;--awb-border-radius-bottom-left:0px;--awb-flex-wrap:wrap;\" ><div class=\"fusion-builder-row fusion-row\"><div class=\"fusion-layout-column fusion_builder_column fusion-builder-column-3 fusion_builder_column_1_1 1_1 fusion-one-full fusion-column-first fusion-column-last\" style=\"--awb-bg-size:cover;\"><div class=\"fusion-column-wrapper fusion-column-has-shadow fusion-flex-column-wrapper-legacy\"><div class=\"fusion-counters-box counters-box row fusion-clearfix fusion-columns-2\"><div class=\"fusion-counter-box fusion-column col-counter-box counter-box-wrapper col-lg-6 col-md-6 col-sm-6\" data-animationOffset=\"top-into-view\"><div class=\"counter-box-container\"><div class=\"content-box-percentage content-box-counter\"><span class=\"display-counter\" data-value=\"4674\" data-delimiter=\" \" data-direction=\"up\" data-decimals=\"0\">0<\/span><span class=\"unit\"> M\u20ac<\/span><\/div><div class=\"counter-box-content\">Cifra de negocios (2023)<\/div><\/div><\/div><div class=\"fusion-counter-box fusion-column col-counter-box counter-box-wrapper col-lg-6 col-md-6 col-sm-6\" data-animationOffset=\"top-into-view\"><div class=\"counter-box-container\"><div class=\"content-box-percentage content-box-counter\"><span class=\"display-counter\" data-value=\"24495\" data-delimiter=\" \" data-direction=\"up\" data-decimals=\"0\">0<\/span><\/div><div class=\"counter-box-content\">Empleados (2023)<\/div><\/div><\/div><\/div><div class=\"clearfix\"><\/div><div class=\"fusion-sep-clear\"><\/div><div class=\"fusion-separator fusion-full-width-sep\" style=\"margin-left: auto;margin-right: auto;margin-top:20px;width:100%;\"><\/div><div class=\"fusion-sep-clear\"><\/div><div class=\"fusion-video fusion-youtube fusion-aligncenter\" style=\"--awb-max-width:600px;--awb-max-height:360px;--awb-width:100%;\"><div class=\"video-shortcode\"><div class=\"fluid-width-video-wrapper\" style=\"padding-top:60%;\" ><iframe title=\"YouTube video player 1\" src=\"https:\/\/www.youtube.com\/embed\/SIKPmBXZ7LY?wmode=transparent&autoplay=0&amp;rel=0\" width=\"600\" height=\"360\" allowfullscreen allow=\"autoplay; clipboard-write; encrypted-media; gyroscope; picture-in-picture;\"><\/iframe><\/div><\/div><\/div><div class=\"fusion-clearfix\"><\/div><\/div><\/div><\/div><\/div><\/p>\n","protected":false},"excerpt":{"rendered":"","protected":false},"author":1,"featured_media":0,"parent":2533,"menu_order":0,"comment_status":"closed","ping_status":"closed","template":"100-width.php","meta":{"_acf_changed":false,"inline_featured_image":false,"footnotes":""},"class_list":["post-2543","page","type-page","status-publish","hentry"],"acf":[],"yoast_head":"<!-- This site is optimized with the Yoast SEO plugin v27.2 - https:\/\/yoast.com\/product\/yoast-seo-wordpress\/ -->\n<title>Descubra Soletanche Freyssinet y sus empresas<\/title>\n<meta name=\"description\" content=\"Soletanche Freyssinet es el l\u00edder mundial en las actividades de suelos, estructuras y nuclear por lo que respecta a los \u00e1mbitos de la construcci\u00f3n y la ingenier\u00eda.\" \/>\n<meta name=\"robots\" content=\"index, follow, max-snippet:-1, max-image-preview:large, max-video-preview:-1\" \/>\n<link rel=\"canonical\" href=\"https:\/\/www.soletanchefreyssinet.com\/es\/grupo\/quienes-somos\/\" \/>\n<meta property=\"og:locale\" content=\"es_ES\" \/>\n<meta property=\"og:type\" content=\"article\" \/>\n<meta property=\"og:title\" content=\"Descubra Soletanche Freyssinet y sus empresas\" \/>\n<meta property=\"og:description\" content=\"Soletanche Freyssinet es el l\u00edder mundial en las actividades de suelos, estructuras y nuclear por lo que respecta a los \u00e1mbitos de la construcci\u00f3n y la ingenier\u00eda.\" \/>\n<meta property=\"og:url\" content=\"https:\/\/www.soletanchefreyssinet.com\/es\/grupo\/quienes-somos\/\" \/>\n<meta property=\"og:site_name\" content=\"Soletanche Freyssinet\" \/>\n<meta property=\"article:publisher\" content=\"https:\/\/www.facebook.com\/soletanchefreyssinet.group\" \/>\n<meta property=\"article:modified_time\" content=\"2025-01-17T14:17:06+00:00\" \/>\n<meta property=\"og:image\" content=\"https:\/\/www.soletanchefreyssinet.com\/wp-content\/uploads\/2020\/07\/SOLETANCHE_FREYSSINET_BOT_GB_V_RVB.gif\" \/>\n\t<meta property=\"og:image:width\" content=\"355\" \/>\n\t<meta property=\"og:image:height\" content=\"162\" \/>\n\t<meta property=\"og:image:type\" content=\"image\/gif\" \/>\n<meta name=\"twitter:card\" content=\"summary_large_image\" \/>\n<script type=\"application\/ld+json\" class=\"yoast-schema-graph\">{\"@context\":\"https:\/\/schema.org\",\"@graph\":[{\"@type\":\"WebPage\",\"@id\":\"https:\/\/www.soletanchefreyssinet.com\/es\/grupo\/quienes-somos\/\",\"url\":\"https:\/\/www.soletanchefreyssinet.com\/es\/grupo\/quienes-somos\/\",\"name\":\"Descubra Soletanche Freyssinet y sus empresas\",\"isPartOf\":{\"@id\":\"https:\/\/www.soletanchefreyssinet.com\/es\/#website\"},\"datePublished\":\"2016-07-14T00:27:55+00:00\",\"dateModified\":\"2025-01-17T14:17:06+00:00\",\"description\":\"Soletanche Freyssinet es el l\u00edder mundial en las actividades de suelos, estructuras y nuclear por lo que respecta a los \u00e1mbitos de la construcci\u00f3n y la ingenier\u00eda.\",\"breadcrumb\":{\"@id\":\"https:\/\/www.soletanchefreyssinet.com\/es\/grupo\/quienes-somos\/#breadcrumb\"},\"inLanguage\":\"es\",\"potentialAction\":[{\"@type\":\"ReadAction\",\"target\":[\"https:\/\/www.soletanchefreyssinet.com\/es\/grupo\/quienes-somos\/\"]}]},{\"@type\":\"BreadcrumbList\",\"@id\":\"https:\/\/www.soletanchefreyssinet.com\/es\/grupo\/quienes-somos\/#breadcrumb\",\"itemListElement\":[{\"@type\":\"ListItem\",\"position\":1,\"name\":\"Accueil\",\"item\":\"https:\/\/www.soletanchefreyssinet.com\/es\/\"},{\"@type\":\"ListItem\",\"position\":2,\"name\":\"Grupo\",\"item\":\"https:\/\/www.soletanchefreyssinet.com\/es\/grupo\/\"},{\"@type\":\"ListItem\",\"position\":3,\"name\":\"\u00bfQuienes somos?\"}]},{\"@type\":\"WebSite\",\"@id\":\"https:\/\/www.soletanchefreyssinet.com\/es\/#website\",\"url\":\"https:\/\/www.soletanchefreyssinet.com\/es\/\",\"name\":\"Soletanche Freyssinet\",\"description\":\"Leader mondial dans les m\u00e9tiers du sol, des structures et du nucl\u00e9aire\",\"publisher\":{\"@id\":\"https:\/\/www.soletanchefreyssinet.com\/es\/#organization\"},\"potentialAction\":[{\"@type\":\"SearchAction\",\"target\":{\"@type\":\"EntryPoint\",\"urlTemplate\":\"https:\/\/www.soletanchefreyssinet.com\/es\/?s={search_term_string}\"},\"query-input\":{\"@type\":\"PropertyValueSpecification\",\"valueRequired\":true,\"valueName\":\"search_term_string\"}}],\"inLanguage\":\"es\"},{\"@type\":\"Organization\",\"@id\":\"https:\/\/www.soletanchefreyssinet.com\/es\/#organization\",\"name\":\"Soletanche freyssinet\",\"url\":\"https:\/\/www.soletanchefreyssinet.com\/es\/\",\"logo\":{\"@type\":\"ImageObject\",\"inLanguage\":\"es\",\"@id\":\"https:\/\/www.soletanchefreyssinet.com\/es\/#\/schema\/logo\/image\/\",\"url\":\"https:\/\/www.soletanchefreyssinet.com\/wp-content\/uploads\/2020\/07\/SOLETANCHE_FREYSSINET_BOT_GB_V_RVB.gif\",\"contentUrl\":\"https:\/\/www.soletanchefreyssinet.com\/wp-content\/uploads\/2020\/07\/SOLETANCHE_FREYSSINET_BOT_GB_V_RVB.gif\",\"width\":355,\"height\":162,\"caption\":\"Soletanche freyssinet\"},\"image\":{\"@id\":\"https:\/\/www.soletanchefreyssinet.com\/es\/#\/schema\/logo\/image\/\"},\"sameAs\":[\"https:\/\/www.facebook.com\/soletanchefreyssinet.group\"]}]}<\/script>\n<!-- \/ Yoast SEO plugin. -->","yoast_head_json":{"title":"Descubra Soletanche Freyssinet y sus empresas","description":"Soletanche Freyssinet es el l\u00edder mundial en las actividades de suelos, estructuras y nuclear por lo que respecta a los \u00e1mbitos de la construcci\u00f3n y la ingenier\u00eda.","robots":{"index":"index","follow":"follow","max-snippet":"max-snippet:-1","max-image-preview":"max-image-preview:large","max-video-preview":"max-video-preview:-1"},"canonical":"https:\/\/www.soletanchefreyssinet.com\/es\/grupo\/quienes-somos\/","og_locale":"es_ES","og_type":"article","og_title":"Descubra Soletanche Freyssinet y sus empresas","og_description":"Soletanche Freyssinet es el l\u00edder mundial en las actividades de suelos, estructuras y nuclear por lo que respecta a los \u00e1mbitos de la construcci\u00f3n y la ingenier\u00eda.","og_url":"https:\/\/www.soletanchefreyssinet.com\/es\/grupo\/quienes-somos\/","og_site_name":"Soletanche Freyssinet","article_publisher":"https:\/\/www.facebook.com\/soletanchefreyssinet.group","article_modified_time":"2025-01-17T14:17:06+00:00","og_image":[{"width":355,"height":162,"url":"https:\/\/www.soletanchefreyssinet.com\/wp-content\/uploads\/2020\/07\/SOLETANCHE_FREYSSINET_BOT_GB_V_RVB.gif","type":"image\/gif"}],"twitter_card":"summary_large_image","schema":{"@context":"https:\/\/schema.org","@graph":[{"@type":"WebPage","@id":"https:\/\/www.soletanchefreyssinet.com\/es\/grupo\/quienes-somos\/","url":"https:\/\/www.soletanchefreyssinet.com\/es\/grupo\/quienes-somos\/","name":"Descubra Soletanche Freyssinet y sus empresas","isPartOf":{"@id":"https:\/\/www.soletanchefreyssinet.com\/es\/#website"},"datePublished":"2016-07-14T00:27:55+00:00","dateModified":"2025-01-17T14:17:06+00:00","description":"Soletanche Freyssinet es el l\u00edder mundial en las actividades de suelos, estructuras y nuclear por lo que respecta a los \u00e1mbitos de la construcci\u00f3n y la ingenier\u00eda.","breadcrumb":{"@id":"https:\/\/www.soletanchefreyssinet.com\/es\/grupo\/quienes-somos\/#breadcrumb"},"inLanguage":"es","potentialAction":[{"@type":"ReadAction","target":["https:\/\/www.soletanchefreyssinet.com\/es\/grupo\/quienes-somos\/"]}]},{"@type":"BreadcrumbList","@id":"https:\/\/www.soletanchefreyssinet.com\/es\/grupo\/quienes-somos\/#breadcrumb","itemListElement":[{"@type":"ListItem","position":1,"name":"Accueil","item":"https:\/\/www.soletanchefreyssinet.com\/es\/"},{"@type":"ListItem","position":2,"name":"Grupo","item":"https:\/\/www.soletanchefreyssinet.com\/es\/grupo\/"},{"@type":"ListItem","position":3,"name":"\u00bfQuienes somos?"}]},{"@type":"WebSite","@id":"https:\/\/www.soletanchefreyssinet.com\/es\/#website","url":"https:\/\/www.soletanchefreyssinet.com\/es\/","name":"Soletanche Freyssinet","description":"Leader mondial dans les m\u00e9tiers du sol, des structures et du nucl\u00e9aire","publisher":{"@id":"https:\/\/www.soletanchefreyssinet.com\/es\/#organization"},"potentialAction":[{"@type":"SearchAction","target":{"@type":"EntryPoint","urlTemplate":"https:\/\/www.soletanchefreyssinet.com\/es\/?s={search_term_string}"},"query-input":{"@type":"PropertyValueSpecification","valueRequired":true,"valueName":"search_term_string"}}],"inLanguage":"es"},{"@type":"Organization","@id":"https:\/\/www.soletanchefreyssinet.com\/es\/#organization","name":"Soletanche freyssinet","url":"https:\/\/www.soletanchefreyssinet.com\/es\/","logo":{"@type":"ImageObject","inLanguage":"es","@id":"https:\/\/www.soletanchefreyssinet.com\/es\/#\/schema\/logo\/image\/","url":"https:\/\/www.soletanchefreyssinet.com\/wp-content\/uploads\/2020\/07\/SOLETANCHE_FREYSSINET_BOT_GB_V_RVB.gif","contentUrl":"https:\/\/www.soletanchefreyssinet.com\/wp-content\/uploads\/2020\/07\/SOLETANCHE_FREYSSINET_BOT_GB_V_RVB.gif","width":355,"height":162,"caption":"Soletanche freyssinet"},"image":{"@id":"https:\/\/www.soletanchefreyssinet.com\/es\/#\/schema\/logo\/image\/"},"sameAs":["https:\/\/www.facebook.com\/soletanchefreyssinet.group"]}]}},"_links":{"self":[{"href":"https:\/\/www.soletanchefreyssinet.com\/es\/wp-json\/wp\/v2\/pages\/2543","targetHints":{"allow":["GET"]}}],"collection":[{"href":"https:\/\/www.soletanchefreyssinet.com\/es\/wp-json\/wp\/v2\/pages"}],"about":[{"href":"https:\/\/www.soletanchefreyssinet.com\/es\/wp-json\/wp\/v2\/types\/page"}],"author":[{"embeddable":true,"href":"https:\/\/www.soletanchefreyssinet.com\/es\/wp-json\/wp\/v2\/users\/1"}],"replies":[{"embeddable":true,"href":"https:\/\/www.soletanchefreyssinet.com\/es\/wp-json\/wp\/v2\/comments?post=2543"}],"version-history":[{"count":3,"href":"https:\/\/www.soletanchefreyssinet.com\/es\/wp-json\/wp\/v2\/pages\/2543\/revisions"}],"predecessor-version":[{"id":5486,"href":"https:\/\/www.soletanchefreyssinet.com\/es\/wp-json\/wp\/v2\/pages\/2543\/revisions\/5486"}],"up":[{"embeddable":true,"href":"https:\/\/www.soletanchefreyssinet.com\/es\/wp-json\/wp\/v2\/pages\/2533"}],"wp:attachment":[{"href":"https:\/\/www.soletanchefreyssinet.com\/es\/wp-json\/wp\/v2\/media?parent=2543"}],"curies":[{"name":"wp","href":"https:\/\/api.w.org\/{rel}","templated":true}]}}