{"id":2570,"date":"2020-06-15T18:04:17","date_gmt":"2020-06-15T16:04:17","guid":{"rendered":"https:\/\/www.soletanchefreyssinet.com\/groupo\/organisation\/"},"modified":"2025-01-17T15:21:40","modified_gmt":"2025-01-17T14:21:40","slug":"organizacion","status":"publish","type":"page","link":"https:\/\/www.soletanchefreyssinet.com\/es\/grupo\/organizacion\/","title":{"rendered":"Organizaci\u00f3n"},"content":{"rendered":"<p><div class=\"fusion-fullwidth fullwidth-box fusion-builder-row-1 nonhundred-percent-fullwidth non-hundred-percent-height-scrolling\" style=\"--awb-border-radius-top-left:0px;--awb-border-radius-top-right:0px;--awb-border-radius-bottom-right:0px;--awb-border-radius-bottom-left:0px;--awb-flex-wrap:wrap;\" ><div class=\"fusion-builder-row fusion-row\"><div class=\"fusion-layout-column fusion_builder_column fusion-builder-column-0 fusion_builder_column_1_1 1_1 fusion-one-full fusion-column-first fusion-column-last\" style=\"--awb-padding-right:0%;--awb-padding-left:0%;--awb-bg-size:cover;\"><div class=\"fusion-column-wrapper fusion-column-has-shadow fusion-flex-column-wrapper-legacy\"><div class=\"fusion-text fusion-text-1\"><p><span style=\"font-size: 14pt;\"><strong>La organizaci\u00f3n de Soletanche Freyssinet y de sus empresas se apoya en unos principios \u00fanicos que permiten al grupo desarrollarse lo m\u00e1s cerca posible de sus clientes y aportar una gran autonom\u00eda a sus filiales locales.<\/strong><\/span><\/p>\n<\/div><div class=\"fusion-sep-clear\"><\/div><div class=\"fusion-separator fusion-full-width-sep\" style=\"margin-left: auto;margin-right: auto;margin-top:20px;width:100%;\"><\/div><div class=\"fusion-sep-clear\"><\/div><div class=\"fusion-clearfix\"><\/div><\/div><\/div><\/div><\/div><div class=\"fusion-fullwidth fullwidth-box fusion-builder-row-2 nonhundred-percent-fullwidth non-hundred-percent-height-scrolling\" style=\"--awb-border-radius-top-left:0px;--awb-border-radius-top-right:0px;--awb-border-radius-bottom-right:0px;--awb-border-radius-bottom-left:0px;--awb-flex-wrap:wrap;\" ><div class=\"fusion-builder-row fusion-row\"><div class=\"fusion-layout-column fusion_builder_column fusion-builder-column-1 fusion_builder_column_1_1 1_1 fusion-one-full fusion-column-first fusion-column-last\" style=\"--awb-bg-size:cover;\"><div class=\"fusion-column-wrapper fusion-column-has-shadow fusion-flex-column-wrapper-legacy\"><div class=\"fusion-text fusion-text-2\"><p>Este modelo de empresa se apoya en las siguientes bases:<\/p>\n<ul>\n<li>una red internacional de empresas;<\/li>\n<li>una pericia t\u00e9cnica sin igual;<\/li>\n<li>un modelo integrado;<\/li>\n<li>una cultura com\u00fan.<\/li>\n<\/ul>\n<h3>Una red internacional de empresas<\/h3>\n<p>Soletanche Freyssinet cuenta con una red de m\u00e1s de 150 filiales distribuidas en 80 pa\u00edses, lo que garantiza a sus empresas <a href=\"https:\/\/www.soletanchefreyssinet.com\/es\/our-brands\/soletanche-bachy\/\" rel=\"noopener noreferrer\">Soletanche Bachy<\/a>, <a href=\"https:\/\/www.soletanchefreyssinet.com\/es\/our-brands\/menard\/\" rel=\"noopener noreferrer\">Menard<\/a>, <a href=\"https:\/\/www.soletanchefreyssinet.com\/es\/our-brands\/terre-armee\/\" rel=\"noopener noreferrer\">Terre Arm\u00e9e<\/a>, <a href=\"https:\/\/www.soletanchefreyssinet.com\/es\/our-brands\/freyssinet\/\" rel=\"noopener noreferrer\">Freyssinet<\/a>, <a href=\"https:\/\/www.soletanchefreyssinet.com\/es\/our-brands\/nuvia\/\" rel=\"noopener noreferrer\">Nuvia<\/a> y\u00a0<a href=\"https:\/\/www.soletanchefreyssinet.com\/es\/our-brands\/sixense\/\" rel=\"noopener noreferrer\">Sixense<\/a> una presencia internacional fuerte. Esta implantaci\u00f3n, lo m\u00e1s cercana posible a sus mercados y a sus clientes, se ve reforzada por las pericias transversales de los equipos de <a href=\"\/es\/engineering\/\">ingenier\u00eda<\/a> y de grandes proyectos, que ponen las competencias globales del grupo al servicio de los proyectos locales. Gracias a este fuerte arraigo local, las empresas de Soletanche Freyssinet est\u00e1n capacitadas para aprovechar las innumerables oportunidades de sus mercados.<\/p>\n<\/div><div class=\"fusion-image-element fusion-image-align-center in-legacy-container\" style=\"text-align:center;--awb-caption-title-font-family:var(--h2_typography-font-family);--awb-caption-title-font-weight:var(--h2_typography-font-weight);--awb-caption-title-font-style:var(--h2_typography-font-style);--awb-caption-title-size:var(--h2_typography-font-size);--awb-caption-title-transform:var(--h2_typography-text-transform);--awb-caption-title-line-height:var(--h2_typography-line-height);--awb-caption-title-letter-spacing:var(--h2_typography-letter-spacing);\"><div class=\"imageframe-align-center\"><span class=\" fusion-imageframe imageframe-none imageframe-1 hover-type-none\"><img decoding=\"async\" width=\"1024\" height=\"697\" title=\"carte-ESP\" src=\"https:\/\/www.soletanchefreyssinet.com\/wp-content\/uploads\/2020\/08\/carte-ESP-1.jpg\" data-orig-src=\"https:\/\/www.soletanchefreyssinet.com\/wp-content\/uploads\/2020\/08\/carte-ESP-1-1024x697.jpg\" alt class=\"lazyload img-responsive wp-image-2778\" srcset=\"data:image\/svg+xml,%3Csvg%20xmlns%3D%27http%3A%2F%2Fwww.w3.org%2F2000%2Fsvg%27%20width%3D%271493%27%20height%3D%271016%27%20viewBox%3D%270%200%201493%201016%27%3E%3Crect%20width%3D%271493%27%20height%3D%271016%27%20fill-opacity%3D%220%22%2F%3E%3C%2Fsvg%3E\" data-srcset=\"https:\/\/www.soletanchefreyssinet.com\/wp-content\/uploads\/2020\/08\/carte-ESP-1-200x136.jpg 200w, https:\/\/www.soletanchefreyssinet.com\/wp-content\/uploads\/2020\/08\/carte-ESP-1-400x272.jpg 400w, https:\/\/www.soletanchefreyssinet.com\/wp-content\/uploads\/2020\/08\/carte-ESP-1-600x408.jpg 600w, https:\/\/www.soletanchefreyssinet.com\/wp-content\/uploads\/2020\/08\/carte-ESP-1-800x544.jpg 800w, https:\/\/www.soletanchefreyssinet.com\/wp-content\/uploads\/2020\/08\/carte-ESP-1-1200x817.jpg 1200w, https:\/\/www.soletanchefreyssinet.com\/wp-content\/uploads\/2020\/08\/carte-ESP-1.jpg 1493w\" data-sizes=\"auto\" data-orig-sizes=\"(max-width: 800px) 100vw, 1200px\" \/><\/span><\/div><\/div><div class=\"fusion-text fusion-text-3\"><h3>Una pericia t\u00e9cnica sin igual<\/h3>\n<p>Las actividades de <a href=\"https:\/\/www.soletanchefreyssinet.com\/es\/our-brands\/soletanche-bachy\/\" rel=\"noopener noreferrer\">Soletanche Bachy<\/a>, <a href=\"https:\/\/www.soletanchefreyssinet.com\/es\/our-brands\/menard\/\" rel=\"noopener noreferrer\">Menard<\/a>, <a href=\"https:\/\/www.soletanchefreyssinet.com\/es\/our-brands\/terre-armee\/\" rel=\"noopener noreferrer\">Geoquest<\/a>, <a href=\"https:\/\/www.soletanchefreyssinet.com\/es\/our-brands\/freyssinet\/\" rel=\"noopener noreferrer\">Freyssinet<\/a>, <a href=\"https:\/\/www.soletanchefreyssinet.com\/es\/our-brands\/nuvia\/\" rel=\"noopener noreferrer\">Nuvia<\/a> y\u00a0<a href=\"https:\/\/www.soletanchefreyssinet.com\/es\/our-brands\/sixense\/\" rel=\"noopener noreferrer\">Sixense<\/a>\u00a0consisten en dise\u00f1ar y vender soluciones t\u00e9cnicas que permitan responder a las necesidades de sus clientes. Todas las actividades del grupo tienen un importante componente t\u00e9cnico y el dominio de estos aspectos t\u00e9cnicos es la marca de f\u00e1brica de Soletanche Freyssinet.<\/p>\n<h3>Un modelo integrado<\/h3>\n<p>Para lograr un dominio completo de nuestras prestaciones, las ofertas propuestas por Soletanche Bachy, Menard, Geoquest, Freyssinet, Nuvia y Sixense integran todos los componentes de los proyectos, desde el dise\u00f1o hasta la realizaci\u00f3n: ingenier\u00eda, suministro (equipo y materiales) y realizaci\u00f3n. Disponemos de nuestra propia cadena log\u00edstica en m\u00faltiples \u00e1mbitos.<\/p>\n<p>Fabricamos a nivel interno nuestras m\u00e1quinas y los materiales espec\u00edficos necesarios para nuestros proyectos. Esta organizaci\u00f3n nos aporta una gran capacidad de reacci\u00f3n, reduce el n\u00famero de intermediarios para nuestros clientes y permite un mejor control de riesgos.<\/p>\n<h3>Una cultura com\u00fan<\/h3>\n<p>Nuestra organizaci\u00f3n se construye en torno a una cultura com\u00fan basada en la descentralizaci\u00f3n. En todos los lugares donde operamos, los responsables de nuestras unidades de negocio gozan de una gran autonom\u00eda, con un objetivo de eficacia y capacidad de respuesta. Este modo de funcionamiento nos permite estar siempre m\u00e1s cerca de nuestros clientes y estimular las iniciativas.<\/p>\n<p>Se trata de un modelo que proviene de nuestra dilatada experiencia en el desarrollo internacional de nuestras especialidades. Esta organizaci\u00f3n es \u00f3ptima y permite que nuestros equipos puedan concentrarse plenamente en sus especialidades, sus mercados y sus clientes.<\/p>\n<\/div><div class=\"fusion-clearfix\"><\/div><\/div><\/div><\/div><\/div><\/p>\n","protected":false},"excerpt":{"rendered":"","protected":false},"author":1,"featured_media":0,"parent":2533,"menu_order":0,"comment_status":"closed","ping_status":"closed","template":"100-width.php","meta":{"_acf_changed":false,"inline_featured_image":false,"footnotes":""},"class_list":["post-2570","page","type-page","status-publish","hentry"],"acf":[],"yoast_head":"<!-- This site is optimized with the Yoast SEO plugin v27.2 - https:\/\/yoast.com\/product\/yoast-seo-wordpress\/ -->\n<title>Soletanche Freyssinet - Organizaci\u00f3n, un modelo decentralizado<\/title>\n<meta name=\"description\" content=\"La empresa se desarrolla lo m\u00e1s cerca posible de sus clientes y aporta una gran autonom\u00eda a sus filiales locales.\" \/>\n<meta name=\"robots\" content=\"index, follow, max-snippet:-1, max-image-preview:large, max-video-preview:-1\" \/>\n<link rel=\"canonical\" href=\"https:\/\/www.soletanchefreyssinet.com\/es\/grupo\/organizacion\/\" \/>\n<meta property=\"og:locale\" content=\"es_ES\" \/>\n<meta property=\"og:type\" content=\"article\" \/>\n<meta property=\"og:title\" content=\"Soletanche Freyssinet - Organizaci\u00f3n, un modelo decentralizado\" \/>\n<meta property=\"og:description\" content=\"La empresa se desarrolla lo m\u00e1s cerca posible de sus clientes y aporta una gran autonom\u00eda a sus filiales locales.\" \/>\n<meta property=\"og:url\" content=\"https:\/\/www.soletanchefreyssinet.com\/es\/grupo\/organizacion\/\" \/>\n<meta property=\"og:site_name\" content=\"Soletanche Freyssinet\" \/>\n<meta property=\"article:publisher\" content=\"https:\/\/www.facebook.com\/soletanchefreyssinet.group\" \/>\n<meta property=\"article:modified_time\" content=\"2025-01-17T14:21:40+00:00\" \/>\n<meta property=\"og:image\" content=\"https:\/\/www.soletanchefreyssinet.com\/wp-content\/uploads\/2020\/07\/SOLETANCHE_FREYSSINET_BOT_GB_V_RVB.gif\" \/>\n\t<meta property=\"og:image:width\" content=\"355\" \/>\n\t<meta property=\"og:image:height\" content=\"162\" \/>\n\t<meta property=\"og:image:type\" content=\"image\/gif\" \/>\n<meta name=\"twitter:card\" content=\"summary_large_image\" \/>\n<script type=\"application\/ld+json\" class=\"yoast-schema-graph\">{\"@context\":\"https:\/\/schema.org\",\"@graph\":[{\"@type\":\"WebPage\",\"@id\":\"https:\/\/www.soletanchefreyssinet.com\/es\/grupo\/organizacion\/\",\"url\":\"https:\/\/www.soletanchefreyssinet.com\/es\/grupo\/organizacion\/\",\"name\":\"Soletanche Freyssinet - Organizaci\u00f3n, un modelo decentralizado\",\"isPartOf\":{\"@id\":\"https:\/\/www.soletanchefreyssinet.com\/es\/#website\"},\"datePublished\":\"2020-06-15T16:04:17+00:00\",\"dateModified\":\"2025-01-17T14:21:40+00:00\",\"description\":\"La empresa se desarrolla lo m\u00e1s cerca posible de sus clientes y aporta una gran autonom\u00eda a sus filiales locales.\",\"breadcrumb\":{\"@id\":\"https:\/\/www.soletanchefreyssinet.com\/es\/grupo\/organizacion\/#breadcrumb\"},\"inLanguage\":\"es\",\"potentialAction\":[{\"@type\":\"ReadAction\",\"target\":[\"https:\/\/www.soletanchefreyssinet.com\/es\/grupo\/organizacion\/\"]}]},{\"@type\":\"BreadcrumbList\",\"@id\":\"https:\/\/www.soletanchefreyssinet.com\/es\/grupo\/organizacion\/#breadcrumb\",\"itemListElement\":[{\"@type\":\"ListItem\",\"position\":1,\"name\":\"Accueil\",\"item\":\"https:\/\/www.soletanchefreyssinet.com\/es\/\"},{\"@type\":\"ListItem\",\"position\":2,\"name\":\"Grupo\",\"item\":\"https:\/\/www.soletanchefreyssinet.com\/es\/grupo\/\"},{\"@type\":\"ListItem\",\"position\":3,\"name\":\"Organizaci\u00f3n\"}]},{\"@type\":\"WebSite\",\"@id\":\"https:\/\/www.soletanchefreyssinet.com\/es\/#website\",\"url\":\"https:\/\/www.soletanchefreyssinet.com\/es\/\",\"name\":\"Soletanche Freyssinet\",\"description\":\"Leader mondial dans les m\u00e9tiers du sol, des structures et du nucl\u00e9aire\",\"publisher\":{\"@id\":\"https:\/\/www.soletanchefreyssinet.com\/es\/#organization\"},\"potentialAction\":[{\"@type\":\"SearchAction\",\"target\":{\"@type\":\"EntryPoint\",\"urlTemplate\":\"https:\/\/www.soletanchefreyssinet.com\/es\/?s={search_term_string}\"},\"query-input\":{\"@type\":\"PropertyValueSpecification\",\"valueRequired\":true,\"valueName\":\"search_term_string\"}}],\"inLanguage\":\"es\"},{\"@type\":\"Organization\",\"@id\":\"https:\/\/www.soletanchefreyssinet.com\/es\/#organization\",\"name\":\"Soletanche freyssinet\",\"url\":\"https:\/\/www.soletanchefreyssinet.com\/es\/\",\"logo\":{\"@type\":\"ImageObject\",\"inLanguage\":\"es\",\"@id\":\"https:\/\/www.soletanchefreyssinet.com\/es\/#\/schema\/logo\/image\/\",\"url\":\"https:\/\/www.soletanchefreyssinet.com\/wp-content\/uploads\/2020\/07\/SOLETANCHE_FREYSSINET_BOT_GB_V_RVB.gif\",\"contentUrl\":\"https:\/\/www.soletanchefreyssinet.com\/wp-content\/uploads\/2020\/07\/SOLETANCHE_FREYSSINET_BOT_GB_V_RVB.gif\",\"width\":355,\"height\":162,\"caption\":\"Soletanche freyssinet\"},\"image\":{\"@id\":\"https:\/\/www.soletanchefreyssinet.com\/es\/#\/schema\/logo\/image\/\"},\"sameAs\":[\"https:\/\/www.facebook.com\/soletanchefreyssinet.group\"]}]}<\/script>\n<!-- \/ Yoast SEO plugin. -->","yoast_head_json":{"title":"Soletanche Freyssinet - Organizaci\u00f3n, un modelo decentralizado","description":"La empresa se desarrolla lo m\u00e1s cerca posible de sus clientes y aporta una gran autonom\u00eda a sus filiales locales.","robots":{"index":"index","follow":"follow","max-snippet":"max-snippet:-1","max-image-preview":"max-image-preview:large","max-video-preview":"max-video-preview:-1"},"canonical":"https:\/\/www.soletanchefreyssinet.com\/es\/grupo\/organizacion\/","og_locale":"es_ES","og_type":"article","og_title":"Soletanche Freyssinet - Organizaci\u00f3n, un modelo decentralizado","og_description":"La empresa se desarrolla lo m\u00e1s cerca posible de sus clientes y aporta una gran autonom\u00eda a sus filiales locales.","og_url":"https:\/\/www.soletanchefreyssinet.com\/es\/grupo\/organizacion\/","og_site_name":"Soletanche Freyssinet","article_publisher":"https:\/\/www.facebook.com\/soletanchefreyssinet.group","article_modified_time":"2025-01-17T14:21:40+00:00","og_image":[{"width":355,"height":162,"url":"https:\/\/www.soletanchefreyssinet.com\/wp-content\/uploads\/2020\/07\/SOLETANCHE_FREYSSINET_BOT_GB_V_RVB.gif","type":"image\/gif"}],"twitter_card":"summary_large_image","schema":{"@context":"https:\/\/schema.org","@graph":[{"@type":"WebPage","@id":"https:\/\/www.soletanchefreyssinet.com\/es\/grupo\/organizacion\/","url":"https:\/\/www.soletanchefreyssinet.com\/es\/grupo\/organizacion\/","name":"Soletanche Freyssinet - Organizaci\u00f3n, un modelo decentralizado","isPartOf":{"@id":"https:\/\/www.soletanchefreyssinet.com\/es\/#website"},"datePublished":"2020-06-15T16:04:17+00:00","dateModified":"2025-01-17T14:21:40+00:00","description":"La empresa se desarrolla lo m\u00e1s cerca posible de sus clientes y aporta una gran autonom\u00eda a sus filiales locales.","breadcrumb":{"@id":"https:\/\/www.soletanchefreyssinet.com\/es\/grupo\/organizacion\/#breadcrumb"},"inLanguage":"es","potentialAction":[{"@type":"ReadAction","target":["https:\/\/www.soletanchefreyssinet.com\/es\/grupo\/organizacion\/"]}]},{"@type":"BreadcrumbList","@id":"https:\/\/www.soletanchefreyssinet.com\/es\/grupo\/organizacion\/#breadcrumb","itemListElement":[{"@type":"ListItem","position":1,"name":"Accueil","item":"https:\/\/www.soletanchefreyssinet.com\/es\/"},{"@type":"ListItem","position":2,"name":"Grupo","item":"https:\/\/www.soletanchefreyssinet.com\/es\/grupo\/"},{"@type":"ListItem","position":3,"name":"Organizaci\u00f3n"}]},{"@type":"WebSite","@id":"https:\/\/www.soletanchefreyssinet.com\/es\/#website","url":"https:\/\/www.soletanchefreyssinet.com\/es\/","name":"Soletanche Freyssinet","description":"Leader mondial dans les m\u00e9tiers du sol, des structures et du nucl\u00e9aire","publisher":{"@id":"https:\/\/www.soletanchefreyssinet.com\/es\/#organization"},"potentialAction":[{"@type":"SearchAction","target":{"@type":"EntryPoint","urlTemplate":"https:\/\/www.soletanchefreyssinet.com\/es\/?s={search_term_string}"},"query-input":{"@type":"PropertyValueSpecification","valueRequired":true,"valueName":"search_term_string"}}],"inLanguage":"es"},{"@type":"Organization","@id":"https:\/\/www.soletanchefreyssinet.com\/es\/#organization","name":"Soletanche freyssinet","url":"https:\/\/www.soletanchefreyssinet.com\/es\/","logo":{"@type":"ImageObject","inLanguage":"es","@id":"https:\/\/www.soletanchefreyssinet.com\/es\/#\/schema\/logo\/image\/","url":"https:\/\/www.soletanchefreyssinet.com\/wp-content\/uploads\/2020\/07\/SOLETANCHE_FREYSSINET_BOT_GB_V_RVB.gif","contentUrl":"https:\/\/www.soletanchefreyssinet.com\/wp-content\/uploads\/2020\/07\/SOLETANCHE_FREYSSINET_BOT_GB_V_RVB.gif","width":355,"height":162,"caption":"Soletanche freyssinet"},"image":{"@id":"https:\/\/www.soletanchefreyssinet.com\/es\/#\/schema\/logo\/image\/"},"sameAs":["https:\/\/www.facebook.com\/soletanchefreyssinet.group"]}]}},"_links":{"self":[{"href":"https:\/\/www.soletanchefreyssinet.com\/es\/wp-json\/wp\/v2\/pages\/2570","targetHints":{"allow":["GET"]}}],"collection":[{"href":"https:\/\/www.soletanchefreyssinet.com\/es\/wp-json\/wp\/v2\/pages"}],"about":[{"href":"https:\/\/www.soletanchefreyssinet.com\/es\/wp-json\/wp\/v2\/types\/page"}],"author":[{"embeddable":true,"href":"https:\/\/www.soletanchefreyssinet.com\/es\/wp-json\/wp\/v2\/users\/1"}],"replies":[{"embeddable":true,"href":"https:\/\/www.soletanchefreyssinet.com\/es\/wp-json\/wp\/v2\/comments?post=2570"}],"version-history":[{"count":1,"href":"https:\/\/www.soletanchefreyssinet.com\/es\/wp-json\/wp\/v2\/pages\/2570\/revisions"}],"predecessor-version":[{"id":5490,"href":"https:\/\/www.soletanchefreyssinet.com\/es\/wp-json\/wp\/v2\/pages\/2570\/revisions\/5490"}],"up":[{"embeddable":true,"href":"https:\/\/www.soletanchefreyssinet.com\/es\/wp-json\/wp\/v2\/pages\/2533"}],"wp:attachment":[{"href":"https:\/\/www.soletanchefreyssinet.com\/es\/wp-json\/wp\/v2\/media?parent=2570"}],"curies":[{"name":"wp","href":"https:\/\/api.w.org\/{rel}","templated":true}]}}