{"id":2593,"date":"2020-06-15T18:05:04","date_gmt":"2020-06-15T16:05:04","guid":{"rendered":"https:\/\/www.soletanchefreyssinet.com\/groupo\/securite\/"},"modified":"2025-01-17T15:23:19","modified_gmt":"2025-01-17T14:23:19","slug":"seguridad","status":"publish","type":"page","link":"https:\/\/www.soletanchefreyssinet.com\/es\/grupo\/seguridad\/","title":{"rendered":"Seguridad"},"content":{"rendered":"<p><div class=\"fusion-fullwidth fullwidth-box fusion-builder-row-1 nonhundred-percent-fullwidth non-hundred-percent-height-scrolling\" style=\"--awb-border-radius-top-left:0px;--awb-border-radius-top-right:0px;--awb-border-radius-bottom-right:0px;--awb-border-radius-bottom-left:0px;--awb-flex-wrap:wrap;\" ><div class=\"fusion-builder-row fusion-row\"><div class=\"fusion-layout-column fusion_builder_column fusion-builder-column-0 fusion_builder_column_1_1 1_1 fusion-one-full fusion-column-first fusion-column-last\" style=\"--awb-padding-right:0%;--awb-padding-left:0%;--awb-bg-size:cover;\"><div class=\"fusion-column-wrapper fusion-column-has-shadow fusion-flex-column-wrapper-legacy\"><div class=\"fusion-text fusion-text-1\"><p><strong><span style=\"font-size: 14pt;\">Como constructor, Soletanche Freyssinet erige, junto con sus equipos, el mundo del ma\u00f1ana. En ese sentido, el grupo tiene una responsabilidad para con los hombres y las mujeres que forman sus equipos. La seguridad es un pilar fundamental de la empresa.<\/span><\/strong><\/p>\n<\/div><div class=\"fusion-sep-clear\"><\/div><div class=\"fusion-separator fusion-full-width-sep\" style=\"margin-left: auto;margin-right: auto;margin-top:20px;width:100%;\"><\/div><div class=\"fusion-sep-clear\"><\/div><div class=\"fusion-clearfix\"><\/div><\/div><\/div><\/div><\/div><div class=\"fusion-fullwidth fullwidth-box fusion-builder-row-2 nonhundred-percent-fullwidth non-hundred-percent-height-scrolling\" style=\"--awb-border-radius-top-left:0px;--awb-border-radius-top-right:0px;--awb-border-radius-bottom-right:0px;--awb-border-radius-bottom-left:0px;--awb-flex-wrap:wrap;\" ><div class=\"fusion-builder-row fusion-row\"><div class=\"fusion-layout-column fusion_builder_column fusion-builder-column-1 fusion_builder_column_1_1 1_1 fusion-one-full fusion-column-first fusion-column-last\" style=\"--awb-bg-size:cover;\"><div class=\"fusion-column-wrapper fusion-column-has-shadow fusion-flex-column-wrapper-legacy\"><div class=\"fusion-text fusion-text-2\"><h3>Seguridad: un compromiso firme<\/h3>\n<p>Todas las entidades de Soletanche Freyssinet (<a href=\"https:\/\/www.soletanche-bachy.com\/fr\/a-propos\" target=\"_blank\" rel=\"noopener noreferrer\">Soletanche Bachy<\/a>, <a href=\"https:\/\/www.menard-group.com\/notre-approche\/\" target=\"_blank\" rel=\"noopener noreferrer\">Menard<\/a>, <a href=\"https:\/\/www.terre-armee.com\/about\/presentation\/\" target=\"_blank\" rel=\"noopener noreferrer\">Geoquest<\/a>, <a href=\"http:\/\/www.freyssinet.com\/freyssinet\/wfreyssinet_fr.nsf\/sb\/l-entreprise.securite\" target=\"_blank\" rel=\"noopener noreferrer\">Freyssinet<\/a>, <a href=\"https:\/\/www.nuvia.com\/fr\/nos-engagements\/\" target=\"_blank\" rel=\"noopener noreferrer\">Nuvia<\/a> y <a href=\"https:\/\/www.sixense-group.com\/securite\/\" target=\"_blank\" rel=\"noopener noreferrer\">Sixense<\/a>), en todos los niveles, est\u00e1n plenamente comprometidas para garantir la seguridad en todos los planos y anticipar cualquier riesgo de accidente. El conjunto de reglas aplicadas en el seno de todas las empresas permite garantizar una prevenci\u00f3n \u00f3ptima y la materializaci\u00f3n del compromiso \u00abcero accidentes\u00bb.<\/p>\n<\/div><div class=\"fusion-builder-row fusion-builder-row-inner fusion-row\"><div class=\"fusion-layout-column fusion_builder_column_inner fusion-builder-nested-column-0 fusion_builder_column_inner_1_2 1_2 fusion-one-half fusion-column-first\" style=\"--awb-bg-size:cover;width:50%;width:calc(50% - ( ( 4% ) * 0.5 ) );margin-right: 4%;\"><div class=\"fusion-column-wrapper fusion-column-has-shadow fusion-flex-column-wrapper-legacy\"><div class=\"fusion-image-element fusion-image-align-center in-legacy-container\" style=\"text-align:center;--awb-caption-title-font-family:var(--h2_typography-font-family);--awb-caption-title-font-weight:var(--h2_typography-font-weight);--awb-caption-title-font-style:var(--h2_typography-font-style);--awb-caption-title-size:var(--h2_typography-font-size);--awb-caption-title-transform:var(--h2_typography-text-transform);--awb-caption-title-line-height:var(--h2_typography-line-height);--awb-caption-title-letter-spacing:var(--h2_typography-letter-spacing);\"><div class=\"imageframe-align-center\"><span class=\" fusion-imageframe imageframe-none imageframe-1 hover-type-none\"><img decoding=\"async\" width=\"400\" height=\"266\" title=\"SECURITE Sixense 2\" src=\"https:\/\/www.soletanchefreyssinet.com\/wp-content\/uploads\/2020\/07\/SECURITE-Sixense-2.jpg\" data-orig-src=\"https:\/\/www.soletanchefreyssinet.com\/wp-content\/uploads\/2020\/07\/SECURITE-Sixense-2-400x266.jpg\" alt class=\"lazyload img-responsive wp-image-2064\" srcset=\"data:image\/svg+xml,%3Csvg%20xmlns%3D%27http%3A%2F%2Fwww.w3.org%2F2000%2Fsvg%27%20width%3D%271270%27%20height%3D%27843%27%20viewBox%3D%270%200%201270%20843%27%3E%3Crect%20width%3D%271270%27%20height%3D%27843%27%20fill-opacity%3D%220%22%2F%3E%3C%2Fsvg%3E\" data-srcset=\"https:\/\/www.soletanchefreyssinet.com\/wp-content\/uploads\/2020\/07\/SECURITE-Sixense-2-200x133.jpg 200w, https:\/\/www.soletanchefreyssinet.com\/wp-content\/uploads\/2020\/07\/SECURITE-Sixense-2-400x266.jpg 400w, https:\/\/www.soletanchefreyssinet.com\/wp-content\/uploads\/2020\/07\/SECURITE-Sixense-2-600x398.jpg 600w, https:\/\/www.soletanchefreyssinet.com\/wp-content\/uploads\/2020\/07\/SECURITE-Sixense-2-800x531.jpg 800w, https:\/\/www.soletanchefreyssinet.com\/wp-content\/uploads\/2020\/07\/SECURITE-Sixense-2-1200x797.jpg 1200w, https:\/\/www.soletanchefreyssinet.com\/wp-content\/uploads\/2020\/07\/SECURITE-Sixense-2.jpg 1270w\" data-sizes=\"auto\" data-orig-sizes=\"(max-width: 800px) 100vw, 600px\" \/><\/span><\/div><\/div><div class=\"fusion-clearfix\"><\/div><\/div><\/div><div class=\"fusion-layout-column fusion_builder_column_inner fusion-builder-nested-column-1 fusion_builder_column_inner_1_2 1_2 fusion-one-half fusion-column-last\" style=\"--awb-bg-size:cover;width:50%;width:calc(50% - ( ( 4% ) * 0.5 ) );\"><div class=\"fusion-column-wrapper fusion-column-has-shadow fusion-flex-column-wrapper-legacy\"><div class=\"fusion-image-element in-legacy-container\" style=\"--awb-caption-title-font-family:var(--h2_typography-font-family);--awb-caption-title-font-weight:var(--h2_typography-font-weight);--awb-caption-title-font-style:var(--h2_typography-font-style);--awb-caption-title-size:var(--h2_typography-font-size);--awb-caption-title-transform:var(--h2_typography-text-transform);--awb-caption-title-line-height:var(--h2_typography-line-height);--awb-caption-title-letter-spacing:var(--h2_typography-letter-spacing);\"><span class=\" fusion-imageframe imageframe-none imageframe-2 hover-type-none\"><img decoding=\"async\" width=\"400\" height=\"266\" title=\"securite-1\" src=\"https:\/\/www.soletanchefreyssinet.com\/wp-content\/uploads\/2020\/09\/securite-1.jpg\" data-orig-src=\"https:\/\/www.soletanchefreyssinet.com\/wp-content\/uploads\/2020\/09\/securite-1.jpg\" alt class=\"lazyload img-responsive wp-image-4201\" srcset=\"data:image\/svg+xml,%3Csvg%20xmlns%3D%27http%3A%2F%2Fwww.w3.org%2F2000%2Fsvg%27%20width%3D%27400%27%20height%3D%27266%27%20viewBox%3D%270%200%20400%20266%27%3E%3Crect%20width%3D%27400%27%20height%3D%27266%27%20fill-opacity%3D%220%22%2F%3E%3C%2Fsvg%3E\" data-srcset=\"https:\/\/www.soletanchefreyssinet.com\/wp-content\/uploads\/2020\/09\/securite-1-200x133.jpg 200w, https:\/\/www.soletanchefreyssinet.com\/wp-content\/uploads\/2020\/09\/securite-1.jpg 400w\" data-sizes=\"auto\" data-orig-sizes=\"(max-width: 800px) 100vw, 400px\" \/><\/span><\/div><div class=\"fusion-clearfix\"><\/div><\/div><\/div><\/div><div class=\"fusion-text fusion-text-3\"><h3>Seguridad a todos los niveles<\/h3>\n<p>Desde el dise\u00f1o a la entrega de los proyectos, garantizar las mejores condiciones de seguridad para sus colaboradores, sus socios y sus subcontratistas es el principal objetivo de Soletanche Freyssinet.<\/p>\n<p>Organizaci\u00f3n, materiales, procedimientos y t\u00e9cnicas: la seguridad est\u00e1 integrada en los procesos de obra, en todos los talleres, las plantas y las agencias del grupo del mundo entero.<\/p>\n<h3>Seguridad: formaci\u00f3n continua<\/h3>\n<p>Se llevan a cabo numerosas iniciativas de sensibilizaci\u00f3n, tanto en las obras como en las oficinas: formaciones espec\u00edficas de obra, concienciaci\u00f3n de los riesgos para la seguridad vial, formaci\u00f3n de primeros auxilios, &#8230; Se dedican m\u00e1s de 230 000 horas anuales de formaci\u00f3n en materia de higiene, seguridad y medio ambiente.<\/p>\n<\/div><div class=\"fusion-video fusion-youtube fusion-aligncenter\" style=\"--awb-max-width:600px;--awb-max-height:360px;--awb-width:100%;\"><div class=\"video-shortcode\"><div class=\"fluid-width-video-wrapper\" style=\"padding-top:60%;\" ><iframe title=\"YouTube video player 1\" src=\"https:\/\/www.youtube.com\/embed\/nEG29GldG5o?wmode=transparent&autoplay=0&amp;rel=0\" width=\"600\" height=\"360\" allowfullscreen allow=\"autoplay; clipboard-write; encrypted-media; gyroscope; picture-in-picture;\"><\/iframe><\/div><\/div><\/div><div class=\"fusion-clearfix\"><\/div><\/div><\/div><\/div><\/div><\/p>\n","protected":false},"excerpt":{"rendered":"","protected":false},"author":1,"featured_media":0,"parent":2533,"menu_order":0,"comment_status":"closed","ping_status":"closed","template":"","meta":{"_acf_changed":false,"inline_featured_image":false,"footnotes":""},"class_list":["post-2593","page","type-page","status-publish","hentry"],"acf":[],"yoast_head":"<!-- This site is optimized with the Yoast SEO plugin v27.2 - https:\/\/yoast.com\/product\/yoast-seo-wordpress\/ -->\n<title>Soletanche Freyssinet \u2013 La seguridad ante todo<\/title>\n<meta name=\"description\" content=\"Soletanche Freyssinet se compromete de forma cotidiana a favor de la seguridad, la salud y la protecci\u00f3n de sus empleados y de todas las personas que participan en sus proyectos.\" \/>\n<meta name=\"robots\" content=\"index, follow, max-snippet:-1, max-image-preview:large, max-video-preview:-1\" \/>\n<link rel=\"canonical\" href=\"https:\/\/www.soletanchefreyssinet.com\/es\/grupo\/seguridad\/\" \/>\n<meta property=\"og:locale\" content=\"es_ES\" \/>\n<meta property=\"og:type\" content=\"article\" \/>\n<meta property=\"og:title\" content=\"Soletanche Freyssinet \u2013 La seguridad ante todo\" \/>\n<meta property=\"og:description\" content=\"Soletanche Freyssinet se compromete de forma cotidiana a favor de la seguridad, la salud y la protecci\u00f3n de sus empleados y de todas las personas que participan en sus proyectos.\" \/>\n<meta property=\"og:url\" content=\"https:\/\/www.soletanchefreyssinet.com\/es\/grupo\/seguridad\/\" \/>\n<meta property=\"og:site_name\" content=\"Soletanche Freyssinet\" \/>\n<meta property=\"article:publisher\" content=\"https:\/\/www.facebook.com\/soletanchefreyssinet.group\" \/>\n<meta property=\"article:modified_time\" content=\"2025-01-17T14:23:19+00:00\" \/>\n<meta property=\"og:image\" content=\"https:\/\/www.soletanchefreyssinet.com\/wp-content\/uploads\/2020\/07\/SOLETANCHE_FREYSSINET_BOT_GB_V_RVB.gif\" \/>\n\t<meta property=\"og:image:width\" content=\"355\" \/>\n\t<meta property=\"og:image:height\" content=\"162\" \/>\n\t<meta property=\"og:image:type\" content=\"image\/gif\" \/>\n<meta name=\"twitter:card\" content=\"summary_large_image\" \/>\n<script type=\"application\/ld+json\" class=\"yoast-schema-graph\">{\"@context\":\"https:\/\/schema.org\",\"@graph\":[{\"@type\":\"WebPage\",\"@id\":\"https:\/\/www.soletanchefreyssinet.com\/es\/grupo\/seguridad\/\",\"url\":\"https:\/\/www.soletanchefreyssinet.com\/es\/grupo\/seguridad\/\",\"name\":\"Soletanche Freyssinet \u2013 La seguridad ante todo\",\"isPartOf\":{\"@id\":\"https:\/\/www.soletanchefreyssinet.com\/es\/#website\"},\"datePublished\":\"2020-06-15T16:05:04+00:00\",\"dateModified\":\"2025-01-17T14:23:19+00:00\",\"description\":\"Soletanche Freyssinet se compromete de forma cotidiana a favor de la seguridad, la salud y la protecci\u00f3n de sus empleados y de todas las personas que participan en sus proyectos.\",\"breadcrumb\":{\"@id\":\"https:\/\/www.soletanchefreyssinet.com\/es\/grupo\/seguridad\/#breadcrumb\"},\"inLanguage\":\"es\",\"potentialAction\":[{\"@type\":\"ReadAction\",\"target\":[\"https:\/\/www.soletanchefreyssinet.com\/es\/grupo\/seguridad\/\"]}]},{\"@type\":\"BreadcrumbList\",\"@id\":\"https:\/\/www.soletanchefreyssinet.com\/es\/grupo\/seguridad\/#breadcrumb\",\"itemListElement\":[{\"@type\":\"ListItem\",\"position\":1,\"name\":\"Accueil\",\"item\":\"https:\/\/www.soletanchefreyssinet.com\/es\/\"},{\"@type\":\"ListItem\",\"position\":2,\"name\":\"Grupo\",\"item\":\"https:\/\/www.soletanchefreyssinet.com\/es\/grupo\/\"},{\"@type\":\"ListItem\",\"position\":3,\"name\":\"Seguridad\"}]},{\"@type\":\"WebSite\",\"@id\":\"https:\/\/www.soletanchefreyssinet.com\/es\/#website\",\"url\":\"https:\/\/www.soletanchefreyssinet.com\/es\/\",\"name\":\"Soletanche Freyssinet\",\"description\":\"Leader mondial dans les m\u00e9tiers du sol, des structures et du nucl\u00e9aire\",\"publisher\":{\"@id\":\"https:\/\/www.soletanchefreyssinet.com\/es\/#organization\"},\"potentialAction\":[{\"@type\":\"SearchAction\",\"target\":{\"@type\":\"EntryPoint\",\"urlTemplate\":\"https:\/\/www.soletanchefreyssinet.com\/es\/?s={search_term_string}\"},\"query-input\":{\"@type\":\"PropertyValueSpecification\",\"valueRequired\":true,\"valueName\":\"search_term_string\"}}],\"inLanguage\":\"es\"},{\"@type\":\"Organization\",\"@id\":\"https:\/\/www.soletanchefreyssinet.com\/es\/#organization\",\"name\":\"Soletanche freyssinet\",\"url\":\"https:\/\/www.soletanchefreyssinet.com\/es\/\",\"logo\":{\"@type\":\"ImageObject\",\"inLanguage\":\"es\",\"@id\":\"https:\/\/www.soletanchefreyssinet.com\/es\/#\/schema\/logo\/image\/\",\"url\":\"https:\/\/www.soletanchefreyssinet.com\/wp-content\/uploads\/2020\/07\/SOLETANCHE_FREYSSINET_BOT_GB_V_RVB.gif\",\"contentUrl\":\"https:\/\/www.soletanchefreyssinet.com\/wp-content\/uploads\/2020\/07\/SOLETANCHE_FREYSSINET_BOT_GB_V_RVB.gif\",\"width\":355,\"height\":162,\"caption\":\"Soletanche freyssinet\"},\"image\":{\"@id\":\"https:\/\/www.soletanchefreyssinet.com\/es\/#\/schema\/logo\/image\/\"},\"sameAs\":[\"https:\/\/www.facebook.com\/soletanchefreyssinet.group\"]}]}<\/script>\n<!-- \/ Yoast SEO plugin. -->","yoast_head_json":{"title":"Soletanche Freyssinet \u2013 La seguridad ante todo","description":"Soletanche Freyssinet se compromete de forma cotidiana a favor de la seguridad, la salud y la protecci\u00f3n de sus empleados y de todas las personas que participan en sus proyectos.","robots":{"index":"index","follow":"follow","max-snippet":"max-snippet:-1","max-image-preview":"max-image-preview:large","max-video-preview":"max-video-preview:-1"},"canonical":"https:\/\/www.soletanchefreyssinet.com\/es\/grupo\/seguridad\/","og_locale":"es_ES","og_type":"article","og_title":"Soletanche Freyssinet \u2013 La seguridad ante todo","og_description":"Soletanche Freyssinet se compromete de forma cotidiana a favor de la seguridad, la salud y la protecci\u00f3n de sus empleados y de todas las personas que participan en sus proyectos.","og_url":"https:\/\/www.soletanchefreyssinet.com\/es\/grupo\/seguridad\/","og_site_name":"Soletanche Freyssinet","article_publisher":"https:\/\/www.facebook.com\/soletanchefreyssinet.group","article_modified_time":"2025-01-17T14:23:19+00:00","og_image":[{"width":355,"height":162,"url":"https:\/\/www.soletanchefreyssinet.com\/wp-content\/uploads\/2020\/07\/SOLETANCHE_FREYSSINET_BOT_GB_V_RVB.gif","type":"image\/gif"}],"twitter_card":"summary_large_image","schema":{"@context":"https:\/\/schema.org","@graph":[{"@type":"WebPage","@id":"https:\/\/www.soletanchefreyssinet.com\/es\/grupo\/seguridad\/","url":"https:\/\/www.soletanchefreyssinet.com\/es\/grupo\/seguridad\/","name":"Soletanche Freyssinet \u2013 La seguridad ante todo","isPartOf":{"@id":"https:\/\/www.soletanchefreyssinet.com\/es\/#website"},"datePublished":"2020-06-15T16:05:04+00:00","dateModified":"2025-01-17T14:23:19+00:00","description":"Soletanche Freyssinet se compromete de forma cotidiana a favor de la seguridad, la salud y la protecci\u00f3n de sus empleados y de todas las personas que participan en sus proyectos.","breadcrumb":{"@id":"https:\/\/www.soletanchefreyssinet.com\/es\/grupo\/seguridad\/#breadcrumb"},"inLanguage":"es","potentialAction":[{"@type":"ReadAction","target":["https:\/\/www.soletanchefreyssinet.com\/es\/grupo\/seguridad\/"]}]},{"@type":"BreadcrumbList","@id":"https:\/\/www.soletanchefreyssinet.com\/es\/grupo\/seguridad\/#breadcrumb","itemListElement":[{"@type":"ListItem","position":1,"name":"Accueil","item":"https:\/\/www.soletanchefreyssinet.com\/es\/"},{"@type":"ListItem","position":2,"name":"Grupo","item":"https:\/\/www.soletanchefreyssinet.com\/es\/grupo\/"},{"@type":"ListItem","position":3,"name":"Seguridad"}]},{"@type":"WebSite","@id":"https:\/\/www.soletanchefreyssinet.com\/es\/#website","url":"https:\/\/www.soletanchefreyssinet.com\/es\/","name":"Soletanche Freyssinet","description":"Leader mondial dans les m\u00e9tiers du sol, des structures et du nucl\u00e9aire","publisher":{"@id":"https:\/\/www.soletanchefreyssinet.com\/es\/#organization"},"potentialAction":[{"@type":"SearchAction","target":{"@type":"EntryPoint","urlTemplate":"https:\/\/www.soletanchefreyssinet.com\/es\/?s={search_term_string}"},"query-input":{"@type":"PropertyValueSpecification","valueRequired":true,"valueName":"search_term_string"}}],"inLanguage":"es"},{"@type":"Organization","@id":"https:\/\/www.soletanchefreyssinet.com\/es\/#organization","name":"Soletanche freyssinet","url":"https:\/\/www.soletanchefreyssinet.com\/es\/","logo":{"@type":"ImageObject","inLanguage":"es","@id":"https:\/\/www.soletanchefreyssinet.com\/es\/#\/schema\/logo\/image\/","url":"https:\/\/www.soletanchefreyssinet.com\/wp-content\/uploads\/2020\/07\/SOLETANCHE_FREYSSINET_BOT_GB_V_RVB.gif","contentUrl":"https:\/\/www.soletanchefreyssinet.com\/wp-content\/uploads\/2020\/07\/SOLETANCHE_FREYSSINET_BOT_GB_V_RVB.gif","width":355,"height":162,"caption":"Soletanche freyssinet"},"image":{"@id":"https:\/\/www.soletanchefreyssinet.com\/es\/#\/schema\/logo\/image\/"},"sameAs":["https:\/\/www.facebook.com\/soletanchefreyssinet.group"]}]}},"_links":{"self":[{"href":"https:\/\/www.soletanchefreyssinet.com\/es\/wp-json\/wp\/v2\/pages\/2593","targetHints":{"allow":["GET"]}}],"collection":[{"href":"https:\/\/www.soletanchefreyssinet.com\/es\/wp-json\/wp\/v2\/pages"}],"about":[{"href":"https:\/\/www.soletanchefreyssinet.com\/es\/wp-json\/wp\/v2\/types\/page"}],"author":[{"embeddable":true,"href":"https:\/\/www.soletanchefreyssinet.com\/es\/wp-json\/wp\/v2\/users\/1"}],"replies":[{"embeddable":true,"href":"https:\/\/www.soletanchefreyssinet.com\/es\/wp-json\/wp\/v2\/comments?post=2593"}],"version-history":[{"count":1,"href":"https:\/\/www.soletanchefreyssinet.com\/es\/wp-json\/wp\/v2\/pages\/2593\/revisions"}],"predecessor-version":[{"id":5492,"href":"https:\/\/www.soletanchefreyssinet.com\/es\/wp-json\/wp\/v2\/pages\/2593\/revisions\/5492"}],"up":[{"embeddable":true,"href":"https:\/\/www.soletanchefreyssinet.com\/es\/wp-json\/wp\/v2\/pages\/2533"}],"wp:attachment":[{"href":"https:\/\/www.soletanchefreyssinet.com\/es\/wp-json\/wp\/v2\/media?parent=2593"}],"curies":[{"name":"wp","href":"https:\/\/api.w.org\/{rel}","templated":true}]}}