{"id":2604,"date":"2020-06-15T18:05:29","date_gmt":"2020-06-15T16:05:29","guid":{"rendered":"https:\/\/www.soletanchefreyssinet.com\/groupo\/environnement\/"},"modified":"2025-01-17T15:24:46","modified_gmt":"2025-01-17T14:24:46","slug":"medio-ambiente","status":"publish","type":"page","link":"https:\/\/www.soletanchefreyssinet.com\/es\/grupo\/medio-ambiente\/","title":{"rendered":"Medio ambiente"},"content":{"rendered":"<p><div class=\"fusion-fullwidth fullwidth-box fusion-builder-row-1 nonhundred-percent-fullwidth non-hundred-percent-height-scrolling\" style=\"--awb-border-radius-top-left:0px;--awb-border-radius-top-right:0px;--awb-border-radius-bottom-right:0px;--awb-border-radius-bottom-left:0px;--awb-flex-wrap:wrap;\" ><div class=\"fusion-builder-row fusion-row\"><div class=\"fusion-layout-column fusion_builder_column fusion-builder-column-0 fusion_builder_column_1_1 1_1 fusion-one-full fusion-column-first fusion-column-last\" style=\"--awb-padding-right:0%;--awb-padding-left:0%;--awb-bg-size:cover;\"><div class=\"fusion-column-wrapper fusion-column-has-shadow fusion-flex-column-wrapper-legacy\"><div class=\"fusion-text fusion-text-1\"><p><span style=\"font-size: 14pt;\"><strong>Las empresas de Soletanche Freyssinet se esfuerzan por limitar el impacto medioambiental de sus actividades. As\u00ed, desarrollan ofertas que contribuyen a reducir las cantidades de materiales empleados en la ejecuci\u00f3n de las obras y el consumo energ\u00e9tico de los proyectos, y a preservar la biodiversidad.<\/strong><\/span><\/p>\n<\/div><div class=\"fusion-sep-clear\"><\/div><div class=\"fusion-separator fusion-full-width-sep\" style=\"margin-left: auto;margin-right: auto;margin-top:20px;width:100%;\"><\/div><div class=\"fusion-sep-clear\"><\/div><div class=\"fusion-clearfix\"><\/div><\/div><\/div><\/div><\/div><div class=\"fusion-fullwidth fullwidth-box fusion-builder-row-2 nonhundred-percent-fullwidth non-hundred-percent-height-scrolling\" style=\"--awb-border-radius-top-left:0px;--awb-border-radius-top-right:0px;--awb-border-radius-bottom-right:0px;--awb-border-radius-bottom-left:0px;--awb-flex-wrap:wrap;\" ><div class=\"fusion-builder-row fusion-row\"><div class=\"fusion-layout-column fusion_builder_column fusion-builder-column-1 fusion_builder_column_1_1 1_1 fusion-one-full fusion-column-first fusion-column-last\" style=\"--awb-bg-size:cover;\"><div class=\"fusion-column-wrapper fusion-column-has-shadow fusion-flex-column-wrapper-legacy\"><div class=\"fusion-text fusion-text-2\"><h3>Un objetivo concreto<\/h3>\n<p>Soletanche Freyssinet ha asumido un compromiso medioambiental decidido, marc\u00e1ndose el objetivo de reducir sus emisiones de CO2 en un 40% para el a\u00f1o 2030.<\/p>\n<p>A nivel interno, el grupo ha puesto en marcha una iniciativa denominada Green Is Great para sensibilizar a sus empleados e incitarlos a participar, a su nivel, en los esfuerzos de la empresa.<\/p>\n<\/div><div class=\"fusion-image-element fusion-image-align-center in-legacy-container\" style=\"text-align:center;--awb-caption-title-font-family:var(--h2_typography-font-family);--awb-caption-title-font-weight:var(--h2_typography-font-weight);--awb-caption-title-font-style:var(--h2_typography-font-style);--awb-caption-title-size:var(--h2_typography-font-size);--awb-caption-title-transform:var(--h2_typography-text-transform);--awb-caption-title-line-height:var(--h2_typography-line-height);--awb-caption-title-letter-spacing:var(--h2_typography-letter-spacing);\"><div class=\"imageframe-align-center\"><span class=\" fusion-imageframe imageframe-none imageframe-1 hover-type-none\"><a class=\"fusion-no-lightbox\" href=\"https:\/\/www.soletanchefreyssinet.com\/wp-content\/uploads\/2020\/07\/Soletanche_Freyssinet_ENGAGEMENT-ENVIRONNEMENTAL_FR.pdf\" target=\"_self\" aria-label=\"greenisgreatESP\"><img decoding=\"async\" width=\"724\" height=\"1024\" src=\"https:\/\/www.soletanchefreyssinet.com\/wp-content\/uploads\/2020\/09\/greenisgreatESP.jpg\" data-orig-src=\"https:\/\/www.soletanchefreyssinet.com\/wp-content\/uploads\/2020\/09\/greenisgreatESP-724x1024.jpg\" alt class=\"lazyload img-responsive wp-image-3184\" srcset=\"data:image\/svg+xml,%3Csvg%20xmlns%3D%27http%3A%2F%2Fwww.w3.org%2F2000%2Fsvg%27%20width%3D%271811%27%20height%3D%272560%27%20viewBox%3D%270%200%201811%202560%27%3E%3Crect%20width%3D%271811%27%20height%3D%272560%27%20fill-opacity%3D%220%22%2F%3E%3C%2Fsvg%3E\" data-srcset=\"https:\/\/www.soletanchefreyssinet.com\/wp-content\/uploads\/2020\/09\/greenisgreatESP-200x283.jpg 200w, https:\/\/www.soletanchefreyssinet.com\/wp-content\/uploads\/2020\/09\/greenisgreatESP-400x565.jpg 400w, https:\/\/www.soletanchefreyssinet.com\/wp-content\/uploads\/2020\/09\/greenisgreatESP-600x848.jpg 600w, https:\/\/www.soletanchefreyssinet.com\/wp-content\/uploads\/2020\/09\/greenisgreatESP-800x1131.jpg 800w, https:\/\/www.soletanchefreyssinet.com\/wp-content\/uploads\/2020\/09\/greenisgreatESP-1200x1696.jpg 1200w, https:\/\/www.soletanchefreyssinet.com\/wp-content\/uploads\/2020\/09\/greenisgreatESP.jpg 1811w\" data-sizes=\"auto\" data-orig-sizes=\"(max-width: 800px) 100vw, 1200px\" \/><\/a><\/span><\/div><\/div><div class=\"fusion-text fusion-text-3\"><h3>Eco-dise\u00f1o y optimizaci\u00f3n de los ciclos de vida<\/h3>\n<p>Para reducir la huella medioambiental de sus actividades, las empresas de Soletanche Freyssinet han definido estrategias claras y han emprendido medidas concretas, con objetivos espec\u00edficos y cuantificables, incidiendo en particular en su consumo de agua y combustible y en la gesti\u00f3n de sus residuos en las obras.<\/p>\n<p>La protecci\u00f3n del medio ambiente tambi\u00e9n pasa por el eco-dise\u00f1o, con un enfoque en el que se estudian las estructuras y los edificios a lo largo de todo su ciclo de vida. Las empresas de Soletanche Freyssinet intervienen en particular en el refuerzo de las estructuras ante los fen\u00f3menos clim\u00e1ticos extremos, para garantizar su durabilidad.<\/p>\n<h3>Numerosas iniciativas<\/h3>\n<p>Implicadas de forma decidida en este esfuerzo colectivo para lograr un mundo m\u00e1s verde, las distintas empresas de Soletanche Freyssinet multiplican los ejemplos de iniciativas concretas a favor de nuestro planeta, con medidas directamente vinculadas a su actividad o no: investigaci\u00f3n para desarrollar hormig\u00f3n bajo en carbono por <a href=\"https:\/\/www.soletanchefreyssinet.com\/es\/our-brands\/soletanche-bachy\/\" rel=\"noopener noreferrer\">Soletanche Bachy<\/a>, descontaminaci\u00f3n de suelos por Menard y su filial\u00a0<a href=\"https:\/\/www.remea-group.com\/\" target=\"_blank\" rel=\"noopener noreferrer\">Remea<\/a>, realizaci\u00f3n de pasos de fauna por <a href=\"https:\/\/www.soletanchefreyssinet.com\/es\/our-brands\/terre-armee\/\" rel=\"noopener noreferrer\">Geoquest<\/a>, dise\u00f1o y fabricaci\u00f3n de torres e\u00f3licas de gran altura por <a href=\"https:\/\/www.soletanchefreyssinet.com\/es\/our-brands\/freyssinet\/\" rel=\"noopener noreferrer\">Freyssinet<\/a>, descontaminaci\u00f3n de solares industriales por <a href=\"https:\/\/www.soletanchefreyssinet.com\/es\/our-brands\/nuvia\/\" rel=\"noopener noreferrer\">Nuvia<\/a>, acompa\u00f1amiento en el desarrollo de parques e\u00f3licos por <a href=\"https:\/\/www.soletanchefreyssinet.com\/es\/our-brands\/sixense\/\" rel=\"noopener noreferrer\">Sixense<\/a>\u2026<\/p>\n<\/div><div class=\"fusion-video fusion-youtube fusion-aligncenter\" style=\"--awb-max-width:600px;--awb-max-height:360px;--awb-width:100%;\"><div class=\"video-shortcode\"><div class=\"fluid-width-video-wrapper\" style=\"padding-top:60%;\" ><iframe title=\"YouTube video player 1\" src=\"https:\/\/www.youtube.com\/embed\/WdcJWd1E_Vc?wmode=transparent&autoplay=0&amp;rel=0\" width=\"600\" height=\"360\" allowfullscreen allow=\"autoplay; clipboard-write; encrypted-media; gyroscope; picture-in-picture;\"><\/iframe><\/div><\/div><\/div><div class=\"fusion-clearfix\"><\/div><\/div><\/div><\/div><\/div><\/p>\n","protected":false},"excerpt":{"rendered":"","protected":false},"author":1,"featured_media":0,"parent":2533,"menu_order":0,"comment_status":"closed","ping_status":"closed","template":"","meta":{"_acf_changed":false,"inline_featured_image":false,"footnotes":""},"class_list":["post-2604","page","type-page","status-publish","hentry"],"acf":[],"yoast_head":"<!-- This site is optimized with the Yoast SEO plugin v27.2 - https:\/\/yoast.com\/product\/yoast-seo-wordpress\/ -->\n<title>Soletanche Freyssinet \u2013 El medio ambiente es una prioridad<\/title>\n<meta name=\"description\" content=\"El medio ambiente es un aspecto central en la estrategia de Soletanche Freyssinet y de sus empresas, con objetivos concretos de reducci\u00f3n de su huella de carbono.\" \/>\n<meta name=\"robots\" content=\"index, follow, max-snippet:-1, max-image-preview:large, max-video-preview:-1\" \/>\n<link rel=\"canonical\" href=\"https:\/\/www.soletanchefreyssinet.com\/es\/grupo\/medio-ambiente\/\" \/>\n<meta property=\"og:locale\" content=\"es_ES\" \/>\n<meta property=\"og:type\" content=\"article\" \/>\n<meta property=\"og:title\" content=\"Soletanche Freyssinet \u2013 El medio ambiente es una prioridad\" \/>\n<meta property=\"og:description\" content=\"El medio ambiente es un aspecto central en la estrategia de Soletanche Freyssinet y de sus empresas, con objetivos concretos de reducci\u00f3n de su huella de carbono.\" \/>\n<meta property=\"og:url\" content=\"https:\/\/www.soletanchefreyssinet.com\/es\/grupo\/medio-ambiente\/\" \/>\n<meta property=\"og:site_name\" content=\"Soletanche Freyssinet\" \/>\n<meta property=\"article:publisher\" content=\"https:\/\/www.facebook.com\/soletanchefreyssinet.group\" \/>\n<meta property=\"article:modified_time\" content=\"2025-01-17T14:24:46+00:00\" \/>\n<meta property=\"og:image\" content=\"https:\/\/www.soletanchefreyssinet.com\/wp-content\/uploads\/2020\/07\/SOLETANCHE_FREYSSINET_BOT_GB_V_RVB.gif\" \/>\n\t<meta property=\"og:image:width\" content=\"355\" \/>\n\t<meta property=\"og:image:height\" content=\"162\" \/>\n\t<meta property=\"og:image:type\" content=\"image\/gif\" \/>\n<meta name=\"twitter:card\" content=\"summary_large_image\" \/>\n<script type=\"application\/ld+json\" class=\"yoast-schema-graph\">{\"@context\":\"https:\/\/schema.org\",\"@graph\":[{\"@type\":\"WebPage\",\"@id\":\"https:\/\/www.soletanchefreyssinet.com\/es\/grupo\/medio-ambiente\/\",\"url\":\"https:\/\/www.soletanchefreyssinet.com\/es\/grupo\/medio-ambiente\/\",\"name\":\"Soletanche Freyssinet \u2013 El medio ambiente es una prioridad\",\"isPartOf\":{\"@id\":\"https:\/\/www.soletanchefreyssinet.com\/es\/#website\"},\"datePublished\":\"2020-06-15T16:05:29+00:00\",\"dateModified\":\"2025-01-17T14:24:46+00:00\",\"description\":\"El medio ambiente es un aspecto central en la estrategia de Soletanche Freyssinet y de sus empresas, con objetivos concretos de reducci\u00f3n de su huella de carbono.\",\"breadcrumb\":{\"@id\":\"https:\/\/www.soletanchefreyssinet.com\/es\/grupo\/medio-ambiente\/#breadcrumb\"},\"inLanguage\":\"es\",\"potentialAction\":[{\"@type\":\"ReadAction\",\"target\":[\"https:\/\/www.soletanchefreyssinet.com\/es\/grupo\/medio-ambiente\/\"]}]},{\"@type\":\"BreadcrumbList\",\"@id\":\"https:\/\/www.soletanchefreyssinet.com\/es\/grupo\/medio-ambiente\/#breadcrumb\",\"itemListElement\":[{\"@type\":\"ListItem\",\"position\":1,\"name\":\"Accueil\",\"item\":\"https:\/\/www.soletanchefreyssinet.com\/es\/\"},{\"@type\":\"ListItem\",\"position\":2,\"name\":\"Grupo\",\"item\":\"https:\/\/www.soletanchefreyssinet.com\/es\/grupo\/\"},{\"@type\":\"ListItem\",\"position\":3,\"name\":\"Medio ambiente\"}]},{\"@type\":\"WebSite\",\"@id\":\"https:\/\/www.soletanchefreyssinet.com\/es\/#website\",\"url\":\"https:\/\/www.soletanchefreyssinet.com\/es\/\",\"name\":\"Soletanche Freyssinet\",\"description\":\"Leader mondial dans les m\u00e9tiers du sol, des structures et du nucl\u00e9aire\",\"publisher\":{\"@id\":\"https:\/\/www.soletanchefreyssinet.com\/es\/#organization\"},\"potentialAction\":[{\"@type\":\"SearchAction\",\"target\":{\"@type\":\"EntryPoint\",\"urlTemplate\":\"https:\/\/www.soletanchefreyssinet.com\/es\/?s={search_term_string}\"},\"query-input\":{\"@type\":\"PropertyValueSpecification\",\"valueRequired\":true,\"valueName\":\"search_term_string\"}}],\"inLanguage\":\"es\"},{\"@type\":\"Organization\",\"@id\":\"https:\/\/www.soletanchefreyssinet.com\/es\/#organization\",\"name\":\"Soletanche freyssinet\",\"url\":\"https:\/\/www.soletanchefreyssinet.com\/es\/\",\"logo\":{\"@type\":\"ImageObject\",\"inLanguage\":\"es\",\"@id\":\"https:\/\/www.soletanchefreyssinet.com\/es\/#\/schema\/logo\/image\/\",\"url\":\"https:\/\/www.soletanchefreyssinet.com\/wp-content\/uploads\/2020\/07\/SOLETANCHE_FREYSSINET_BOT_GB_V_RVB.gif\",\"contentUrl\":\"https:\/\/www.soletanchefreyssinet.com\/wp-content\/uploads\/2020\/07\/SOLETANCHE_FREYSSINET_BOT_GB_V_RVB.gif\",\"width\":355,\"height\":162,\"caption\":\"Soletanche freyssinet\"},\"image\":{\"@id\":\"https:\/\/www.soletanchefreyssinet.com\/es\/#\/schema\/logo\/image\/\"},\"sameAs\":[\"https:\/\/www.facebook.com\/soletanchefreyssinet.group\"]}]}<\/script>\n<!-- \/ Yoast SEO plugin. -->","yoast_head_json":{"title":"Soletanche Freyssinet \u2013 El medio ambiente es una prioridad","description":"El medio ambiente es un aspecto central en la estrategia de Soletanche Freyssinet y de sus empresas, con objetivos concretos de reducci\u00f3n de su huella de carbono.","robots":{"index":"index","follow":"follow","max-snippet":"max-snippet:-1","max-image-preview":"max-image-preview:large","max-video-preview":"max-video-preview:-1"},"canonical":"https:\/\/www.soletanchefreyssinet.com\/es\/grupo\/medio-ambiente\/","og_locale":"es_ES","og_type":"article","og_title":"Soletanche Freyssinet \u2013 El medio ambiente es una prioridad","og_description":"El medio ambiente es un aspecto central en la estrategia de Soletanche Freyssinet y de sus empresas, con objetivos concretos de reducci\u00f3n de su huella de carbono.","og_url":"https:\/\/www.soletanchefreyssinet.com\/es\/grupo\/medio-ambiente\/","og_site_name":"Soletanche Freyssinet","article_publisher":"https:\/\/www.facebook.com\/soletanchefreyssinet.group","article_modified_time":"2025-01-17T14:24:46+00:00","og_image":[{"width":355,"height":162,"url":"https:\/\/www.soletanchefreyssinet.com\/wp-content\/uploads\/2020\/07\/SOLETANCHE_FREYSSINET_BOT_GB_V_RVB.gif","type":"image\/gif"}],"twitter_card":"summary_large_image","schema":{"@context":"https:\/\/schema.org","@graph":[{"@type":"WebPage","@id":"https:\/\/www.soletanchefreyssinet.com\/es\/grupo\/medio-ambiente\/","url":"https:\/\/www.soletanchefreyssinet.com\/es\/grupo\/medio-ambiente\/","name":"Soletanche Freyssinet \u2013 El medio ambiente es una prioridad","isPartOf":{"@id":"https:\/\/www.soletanchefreyssinet.com\/es\/#website"},"datePublished":"2020-06-15T16:05:29+00:00","dateModified":"2025-01-17T14:24:46+00:00","description":"El medio ambiente es un aspecto central en la estrategia de Soletanche Freyssinet y de sus empresas, con objetivos concretos de reducci\u00f3n de su huella de carbono.","breadcrumb":{"@id":"https:\/\/www.soletanchefreyssinet.com\/es\/grupo\/medio-ambiente\/#breadcrumb"},"inLanguage":"es","potentialAction":[{"@type":"ReadAction","target":["https:\/\/www.soletanchefreyssinet.com\/es\/grupo\/medio-ambiente\/"]}]},{"@type":"BreadcrumbList","@id":"https:\/\/www.soletanchefreyssinet.com\/es\/grupo\/medio-ambiente\/#breadcrumb","itemListElement":[{"@type":"ListItem","position":1,"name":"Accueil","item":"https:\/\/www.soletanchefreyssinet.com\/es\/"},{"@type":"ListItem","position":2,"name":"Grupo","item":"https:\/\/www.soletanchefreyssinet.com\/es\/grupo\/"},{"@type":"ListItem","position":3,"name":"Medio ambiente"}]},{"@type":"WebSite","@id":"https:\/\/www.soletanchefreyssinet.com\/es\/#website","url":"https:\/\/www.soletanchefreyssinet.com\/es\/","name":"Soletanche Freyssinet","description":"Leader mondial dans les m\u00e9tiers du sol, des structures et du nucl\u00e9aire","publisher":{"@id":"https:\/\/www.soletanchefreyssinet.com\/es\/#organization"},"potentialAction":[{"@type":"SearchAction","target":{"@type":"EntryPoint","urlTemplate":"https:\/\/www.soletanchefreyssinet.com\/es\/?s={search_term_string}"},"query-input":{"@type":"PropertyValueSpecification","valueRequired":true,"valueName":"search_term_string"}}],"inLanguage":"es"},{"@type":"Organization","@id":"https:\/\/www.soletanchefreyssinet.com\/es\/#organization","name":"Soletanche freyssinet","url":"https:\/\/www.soletanchefreyssinet.com\/es\/","logo":{"@type":"ImageObject","inLanguage":"es","@id":"https:\/\/www.soletanchefreyssinet.com\/es\/#\/schema\/logo\/image\/","url":"https:\/\/www.soletanchefreyssinet.com\/wp-content\/uploads\/2020\/07\/SOLETANCHE_FREYSSINET_BOT_GB_V_RVB.gif","contentUrl":"https:\/\/www.soletanchefreyssinet.com\/wp-content\/uploads\/2020\/07\/SOLETANCHE_FREYSSINET_BOT_GB_V_RVB.gif","width":355,"height":162,"caption":"Soletanche freyssinet"},"image":{"@id":"https:\/\/www.soletanchefreyssinet.com\/es\/#\/schema\/logo\/image\/"},"sameAs":["https:\/\/www.facebook.com\/soletanchefreyssinet.group"]}]}},"_links":{"self":[{"href":"https:\/\/www.soletanchefreyssinet.com\/es\/wp-json\/wp\/v2\/pages\/2604","targetHints":{"allow":["GET"]}}],"collection":[{"href":"https:\/\/www.soletanchefreyssinet.com\/es\/wp-json\/wp\/v2\/pages"}],"about":[{"href":"https:\/\/www.soletanchefreyssinet.com\/es\/wp-json\/wp\/v2\/types\/page"}],"author":[{"embeddable":true,"href":"https:\/\/www.soletanchefreyssinet.com\/es\/wp-json\/wp\/v2\/users\/1"}],"replies":[{"embeddable":true,"href":"https:\/\/www.soletanchefreyssinet.com\/es\/wp-json\/wp\/v2\/comments?post=2604"}],"version-history":[{"count":1,"href":"https:\/\/www.soletanchefreyssinet.com\/es\/wp-json\/wp\/v2\/pages\/2604\/revisions"}],"predecessor-version":[{"id":5494,"href":"https:\/\/www.soletanchefreyssinet.com\/es\/wp-json\/wp\/v2\/pages\/2604\/revisions\/5494"}],"up":[{"embeddable":true,"href":"https:\/\/www.soletanchefreyssinet.com\/es\/wp-json\/wp\/v2\/pages\/2533"}],"wp:attachment":[{"href":"https:\/\/www.soletanchefreyssinet.com\/es\/wp-json\/wp\/v2\/media?parent=2604"}],"curies":[{"name":"wp","href":"https:\/\/api.w.org\/{rel}","templated":true}]}}