{"id":2810,"date":"2020-06-19T09:29:39","date_gmt":"2020-06-19T07:29:39","guid":{"rendered":"https:\/\/www.soletanchefreyssinet.com\/raison-detre\/"},"modified":"2025-01-17T15:26:42","modified_gmt":"2025-01-17T14:26:42","slug":"razon-de-ser","status":"publish","type":"page","link":"https:\/\/www.soletanchefreyssinet.com\/es\/razon-de-ser\/","title":{"rendered":"Raz\u00f3n de ser"},"content":{"rendered":"<p><div class=\"fusion-fullwidth fullwidth-box fusion-builder-row-1 nonhundred-percent-fullwidth non-hundred-percent-height-scrolling\" style=\"--awb-border-radius-top-left:0px;--awb-border-radius-top-right:0px;--awb-border-radius-bottom-right:0px;--awb-border-radius-bottom-left:0px;--awb-flex-wrap:wrap;\" ><div class=\"fusion-builder-row fusion-row\"><div class=\"fusion-layout-column fusion_builder_column fusion-builder-column-0 fusion_builder_column_1_1 1_1 fusion-one-full fusion-column-first fusion-column-last\" style=\"--awb-padding-right:0%;--awb-padding-left:0%;--awb-bg-size:cover;\"><div class=\"fusion-column-wrapper fusion-column-has-shadow fusion-flex-column-wrapper-legacy\"><div class=\"fusion-text fusion-text-1\"><p><strong><span style=\"font-size: 14pt;\">Hacer obra \u00fatil y acompa\u00f1ar un mundo que cambia<\/span><\/strong><\/p>\n<p><span style=\"font-size: 14pt;\">Cada una de las empresas de Soletanche Freyssinet ha desempe\u00f1ado y sigue desempe\u00f1ando un papel crucial en la construcci\u00f3n del mundo que nos rodea. Tanto por lo que respecta a la mejora de la vida cotidiana (#makingyourdayeasier), al acceso a la energ\u00eda (#accesspower), a la contribuci\u00f3n al crecimiento econ\u00f3mico (#fostergrowth), a la salud y la seguridad de las personas (#careforall) o bien a la transici\u00f3n ecol\u00f3gica y energ\u00e9tica (#greenisgreat), contamos con una amplia oferta de t\u00e9cnicas que permite a <a href=\"https:\/\/www.soletanchefreyssinet.com\/es\/our-brands\/soletanche-bachy\/\">Soletanche Bachy<\/a>, <a href=\"https:\/\/www.soletanchefreyssinet.com\/es\/our-brands\/menard\/\">Menard<\/a>, <a href=\"https:\/\/www.soletanchefreyssinet.com\/es\/our-brands\/terre-armee\/\">Geoquest<\/a>, <a href=\"https:\/\/www.soletanchefreyssinet.com\/es\/our-brands\/freyssinet\/\">Freyssinet<\/a>, <a href=\"https:\/\/www.soletanchefreyssinet.com\/es\/our-brands\/nuvia\/\">Nuvia<\/a> y <a href=\"https:\/\/www.soletanchefreyssinet.com\/es\/our-brands\/sixense\/\">Sixense<\/a>, dar respuesta a los principales desaf\u00edos del mundo de ma\u00f1ana.<\/span><\/p>\n<\/div><div class=\"fusion-sep-clear\"><\/div><div class=\"fusion-separator fusion-full-width-sep\" style=\"margin-left: auto;margin-right: auto;margin-top:20px;width:100%;\"><\/div><div class=\"fusion-sep-clear\"><\/div><div class=\"fusion-clearfix\"><\/div><\/div><\/div><\/div><\/div><div class=\"fusion-fullwidth fullwidth-box fusion-builder-row-2 hundred-percent-fullwidth non-hundred-percent-height-scrolling\" style=\"--awb-border-radius-top-left:0px;--awb-border-radius-top-right:0px;--awb-border-radius-bottom-right:0px;--awb-border-radius-bottom-left:0px;--awb-flex-wrap:wrap;\" ><div class=\"fusion-builder-row fusion-row\"><div class=\"fusion-layout-column fusion_builder_column fusion-builder-column-1 fusion_builder_column_1_1 1_1 fusion-one-full fusion-column-first fusion-column-last\" style=\"--awb-bg-size:cover;\"><div class=\"fusion-column-wrapper fusion-column-has-shadow fusion-flex-column-wrapper-legacy\"><div class=\"fusion-clearfix\"><\/div><\/div><\/div><div class=\"fusion-layout-column fusion_builder_column fusion-builder-column-2 fusion_builder_column_1_1 1_1 fusion-one-full fusion-column-first fusion-column-last\" style=\"--awb-bg-size:cover;\"><div class=\"fusion-column-wrapper fusion-column-has-shadow fusion-flex-column-wrapper-legacy\"><div class=\"fusion-flip-boxes flip-boxes row fusion-columns-5 flip-effect-classic equal-heights\" style=\"--awb-flip-duration:2.0s;\"><div class=\"fusion-flip-box-wrapper col-lg-2 col-md-2 col-sm-2\"><div class=\"fusion-flip-box flip-up\" tabindex=\"0\"><div class=\"flip-box-inner-wrapper\"><div class=\"flip-box-front\" style=\"--awb-background-color-front:#ebebeb;--awb-title-front-color:#ffffff;--awb-text-front-color:#ffffff;--awb-background-image-front:url(&#039;https:\/\/www.soletanchefreyssinet.com\/wp-content\/uploads\/2020\/06\/bwmakingyourdayeasier-683x1024-1.jpg&#039;);\"><div class=\"flip-box-front-inner\"><h2 class=\"flip-box-heading without-text\">#making your day easier<\/h2><\/div><\/div><div class=\"flip-box-back\"><div class=\"flip-box-back-inner\"><h3 class=\"flip-box-heading-back\">#making your day easier<\/h3>\n<p>Facilitar la vida cotidiana forma parte de los grandes retos de nuestro mundo.<\/p>\n<p>Con sus seis empresas, Soletanche Freyssinet responde de forma activa a los numerosos desaf\u00edos de la movilidad. Puentes, t\u00faneles, v\u00edas de metro, estaciones, pistas de aeropuerto o autopistas\u2026 nuestros equipos participan en el dise\u00f1o y realizaci\u00f3n de las infraestructuras que utilizamos en el d\u00eda a d\u00eda.<\/p>\n<\/div><\/div><\/div><\/div><\/div><div class=\"fusion-flip-box-wrapper col-lg-2 col-md-2 col-sm-2\"><div class=\"fusion-flip-box flip-up\" tabindex=\"0\"><div class=\"flip-box-inner-wrapper\"><div class=\"flip-box-front\" style=\"--awb-background-color-front:#ebebeb;--awb-title-front-color:#ffffff;--awb-text-front-color:#ffffff;--awb-background-image-front:url(&#039;https:\/\/www.soletanchefreyssinet.com\/wp-content\/uploads\/2020\/06\/bwaccesspower-683x1024-1.jpg&#039;);\"><div class=\"flip-box-front-inner\"><h2 class=\"flip-box-heading without-text\">#access power<\/h2><\/div><\/div><div class=\"flip-box-back\"><div class=\"flip-box-back-inner\"><h3 class=\"flip-box-heading-back\">#access power<\/h3>\n<p>Abrir el grifo, encender el horno, ver en streaming la \u00faltima serie de moda, programar la calefacci\u00f3n&#8230;, todos son gestos cotidianos posibles gracias a las numerosas fuentes de energ\u00eda presentes en el mundo.<\/p>\n<p>Las empresas de Soletanche Freyssinet participan en la elaboraci\u00f3n, la construcci\u00f3n y la modernizaci\u00f3n de presas, de dep\u00f3sitos de agua, de silos, de centrales nucleares y de torres e\u00f3licas en todos los continentes.<\/p>\n<\/div><\/div><\/div><\/div><\/div><div class=\"fusion-flip-box-wrapper col-lg-2 col-md-2 col-sm-2\"><div class=\"fusion-flip-box flip-up\" tabindex=\"0\"><div class=\"flip-box-inner-wrapper\"><div class=\"flip-box-front\" style=\"--awb-background-color-front:#ebebeb;--awb-title-front-color:#ffffff;--awb-text-front-color:#ffffff;--awb-background-image-front:url(&#039;https:\/\/www.soletanchefreyssinet.com\/wp-content\/uploads\/2020\/06\/bwfostergrowth-683x1024-1.jpg&#039;);\"><div class=\"flip-box-front-inner\"><h2 class=\"flip-box-heading without-text\">#foster growth<\/h2><\/div><\/div><div class=\"flip-box-back\"><div class=\"flip-box-back-inner\"><h3 class=\"flip-box-heading-back\">#foster growth<\/h3>\n<p>La construcci\u00f3n est\u00e1 al servicio del desarrollo econ\u00f3mico.<\/p>\n<p>En todos los pa\u00edses en los que intervienen las empresas de Soletanche Freyssinet, contribuyen de forma activa a la econom\u00eda al participar en la construcci\u00f3n de un puerto, de un museo, de un edificio comercial o de un estadio.<\/p>\n<\/div><\/div><\/div><\/div><\/div><div class=\"fusion-flip-box-wrapper col-lg-2 col-md-2 col-sm-2\"><div class=\"fusion-flip-box flip-up\" tabindex=\"0\"><div class=\"flip-box-inner-wrapper\"><div class=\"flip-box-front\" style=\"--awb-background-color-front:#ebebeb;--awb-title-front-color:#ffffff;--awb-text-front-color:#ffffff;--awb-background-image-front:url(&#039;https:\/\/www.soletanchefreyssinet.com\/wp-content\/uploads\/2020\/06\/bwcareforal-683x1024-1.jpg&#039;);\"><div class=\"flip-box-front-inner\"><h2 class=\"flip-box-heading without-text\">#care for all<\/h2><\/div><\/div><div class=\"flip-box-back\"><div class=\"flip-box-back-inner\"><h3 class=\"flip-box-heading-back\">#care for all<\/h3>\n<p>La salud y la seguridad de las personas son una de las cosas m\u00e1s importantes del mundo.<\/p>\n<p>En ese terreno, las empresas de Soletanche Freyssinet aportan respuestas concretas mediante la fabricaci\u00f3n de materiales m\u00e9dicos, la adecuaci\u00f3n de la normativa s\u00edsmica de instalaciones industriales o edificios de viviendas, el monitoreo de obras de ingenier\u00eda civil, la auscultaci\u00f3n de obras, la puesta en seguridad de instalaciones nucleares o el refuerzo de edificios.<\/p>\n<\/div><\/div><\/div><\/div><\/div><div class=\"fusion-flip-box-wrapper col-lg-2 col-md-2 col-sm-2\"><div class=\"fusion-flip-box flip-up\" tabindex=\"0\"><div class=\"flip-box-inner-wrapper\"><div class=\"flip-box-front\" style=\"--awb-background-color-front:#ebebeb;--awb-title-front-color:#ffffff;--awb-text-front-color:#ffffff;--awb-background-image-front:url(&#039;https:\/\/www.soletanchefreyssinet.com\/wp-content\/uploads\/2020\/06\/bwgreenisgreat-683x1024-1.jpg&#039;);\"><div class=\"flip-box-front-inner\"><h2 class=\"flip-box-heading without-text\">#green is great<\/h2><\/div><\/div><div class=\"flip-box-back\"><div class=\"flip-box-back-inner\"><h3 class=\"flip-box-heading-back\">#green is great<\/h3>\n<p>Descontaminaci\u00f3n de suelos, fachadas de edificios revestidas de paneles fotovoltaicos, desmantelamiento de instalaciones nucleares, construcci\u00f3n de torres e\u00f3licas en hormig\u00f3n prefabricado para poder captar los vientos m\u00e1s fuertes que circulan a mayor altura&#8230;, las empresas de Soletanche Freyssinet proponen numerosas t\u00e9cnicas para responder a los desaf\u00edos de la transici\u00f3n ecol\u00f3gica y energ\u00e9tica.<\/p>\n<\/div><\/div><\/div><\/div><\/div><\/div><div class=\"clearfix\"><\/div><div class=\"fusion-clearfix\"><\/div><\/div><\/div><\/div><\/div><\/p>\n","protected":false},"excerpt":{"rendered":"","protected":false},"author":3,"featured_media":0,"parent":0,"menu_order":0,"comment_status":"closed","ping_status":"closed","template":"100-width.php","meta":{"_acf_changed":false,"inline_featured_image":false,"footnotes":""},"class_list":["post-2810","page","type-page","status-publish","hentry"],"acf":[],"yoast_head":"<!-- This site is optimized with the Yoast SEO plugin v27.2 - https:\/\/yoast.com\/product\/yoast-seo-wordpress\/ -->\n<title>Soletanche Freyssinet, construyamos el mundo del ma\u00f1ana<\/title>\n<meta name=\"description\" content=\"Las empresas de Soletanche Freyssinet disponen de un abanico de t\u00e9cnicas que permite responder a los principales retos del mundo del ma\u00f1ana.\" \/>\n<meta name=\"robots\" content=\"index, follow, max-snippet:-1, max-image-preview:large, max-video-preview:-1\" \/>\n<link rel=\"canonical\" href=\"https:\/\/www.soletanchefreyssinet.com\/es\/razon-de-ser\/\" \/>\n<meta property=\"og:locale\" content=\"es_ES\" \/>\n<meta property=\"og:type\" content=\"article\" \/>\n<meta property=\"og:title\" content=\"Soletanche Freyssinet, construyamos el mundo del ma\u00f1ana\" \/>\n<meta property=\"og:description\" content=\"Las empresas de Soletanche Freyssinet disponen de un abanico de t\u00e9cnicas que permite responder a los principales retos del mundo del ma\u00f1ana.\" \/>\n<meta property=\"og:url\" content=\"https:\/\/www.soletanchefreyssinet.com\/es\/razon-de-ser\/\" \/>\n<meta property=\"og:site_name\" content=\"Soletanche Freyssinet\" \/>\n<meta property=\"article:publisher\" content=\"https:\/\/www.facebook.com\/soletanchefreyssinet.group\" \/>\n<meta property=\"article:modified_time\" content=\"2025-01-17T14:26:42+00:00\" \/>\n<meta property=\"og:image\" content=\"https:\/\/www.soletanchefreyssinet.com\/wp-content\/uploads\/2020\/07\/SOLETANCHE_FREYSSINET_BOT_GB_V_RVB.gif\" \/>\n\t<meta property=\"og:image:width\" content=\"355\" \/>\n\t<meta property=\"og:image:height\" content=\"162\" \/>\n\t<meta property=\"og:image:type\" content=\"image\/gif\" \/>\n<meta name=\"twitter:card\" content=\"summary_large_image\" \/>\n<script type=\"application\/ld+json\" class=\"yoast-schema-graph\">{\"@context\":\"https:\/\/schema.org\",\"@graph\":[{\"@type\":\"WebPage\",\"@id\":\"https:\/\/www.soletanchefreyssinet.com\/es\/razon-de-ser\/\",\"url\":\"https:\/\/www.soletanchefreyssinet.com\/es\/razon-de-ser\/\",\"name\":\"Soletanche Freyssinet, construyamos el mundo del ma\u00f1ana\",\"isPartOf\":{\"@id\":\"https:\/\/www.soletanchefreyssinet.com\/es\/#website\"},\"datePublished\":\"2020-06-19T07:29:39+00:00\",\"dateModified\":\"2025-01-17T14:26:42+00:00\",\"description\":\"Las empresas de Soletanche Freyssinet disponen de un abanico de t\u00e9cnicas que permite responder a los principales retos del mundo del ma\u00f1ana.\",\"breadcrumb\":{\"@id\":\"https:\/\/www.soletanchefreyssinet.com\/es\/razon-de-ser\/#breadcrumb\"},\"inLanguage\":\"es\",\"potentialAction\":[{\"@type\":\"ReadAction\",\"target\":[\"https:\/\/www.soletanchefreyssinet.com\/es\/razon-de-ser\/\"]}]},{\"@type\":\"BreadcrumbList\",\"@id\":\"https:\/\/www.soletanchefreyssinet.com\/es\/razon-de-ser\/#breadcrumb\",\"itemListElement\":[{\"@type\":\"ListItem\",\"position\":1,\"name\":\"Accueil\",\"item\":\"https:\/\/www.soletanchefreyssinet.com\/es\/\"},{\"@type\":\"ListItem\",\"position\":2,\"name\":\"Raz\u00f3n de ser\"}]},{\"@type\":\"WebSite\",\"@id\":\"https:\/\/www.soletanchefreyssinet.com\/es\/#website\",\"url\":\"https:\/\/www.soletanchefreyssinet.com\/es\/\",\"name\":\"Soletanche Freyssinet\",\"description\":\"Leader mondial dans les m\u00e9tiers du sol, des structures et du nucl\u00e9aire\",\"publisher\":{\"@id\":\"https:\/\/www.soletanchefreyssinet.com\/es\/#organization\"},\"potentialAction\":[{\"@type\":\"SearchAction\",\"target\":{\"@type\":\"EntryPoint\",\"urlTemplate\":\"https:\/\/www.soletanchefreyssinet.com\/es\/?s={search_term_string}\"},\"query-input\":{\"@type\":\"PropertyValueSpecification\",\"valueRequired\":true,\"valueName\":\"search_term_string\"}}],\"inLanguage\":\"es\"},{\"@type\":\"Organization\",\"@id\":\"https:\/\/www.soletanchefreyssinet.com\/es\/#organization\",\"name\":\"Soletanche freyssinet\",\"url\":\"https:\/\/www.soletanchefreyssinet.com\/es\/\",\"logo\":{\"@type\":\"ImageObject\",\"inLanguage\":\"es\",\"@id\":\"https:\/\/www.soletanchefreyssinet.com\/es\/#\/schema\/logo\/image\/\",\"url\":\"https:\/\/www.soletanchefreyssinet.com\/wp-content\/uploads\/2020\/07\/SOLETANCHE_FREYSSINET_BOT_GB_V_RVB.gif\",\"contentUrl\":\"https:\/\/www.soletanchefreyssinet.com\/wp-content\/uploads\/2020\/07\/SOLETANCHE_FREYSSINET_BOT_GB_V_RVB.gif\",\"width\":355,\"height\":162,\"caption\":\"Soletanche freyssinet\"},\"image\":{\"@id\":\"https:\/\/www.soletanchefreyssinet.com\/es\/#\/schema\/logo\/image\/\"},\"sameAs\":[\"https:\/\/www.facebook.com\/soletanchefreyssinet.group\"]}]}<\/script>\n<!-- \/ Yoast SEO plugin. -->","yoast_head_json":{"title":"Soletanche Freyssinet, construyamos el mundo del ma\u00f1ana","description":"Las empresas de Soletanche Freyssinet disponen de un abanico de t\u00e9cnicas que permite responder a los principales retos del mundo del ma\u00f1ana.","robots":{"index":"index","follow":"follow","max-snippet":"max-snippet:-1","max-image-preview":"max-image-preview:large","max-video-preview":"max-video-preview:-1"},"canonical":"https:\/\/www.soletanchefreyssinet.com\/es\/razon-de-ser\/","og_locale":"es_ES","og_type":"article","og_title":"Soletanche Freyssinet, construyamos el mundo del ma\u00f1ana","og_description":"Las empresas de Soletanche Freyssinet disponen de un abanico de t\u00e9cnicas que permite responder a los principales retos del mundo del ma\u00f1ana.","og_url":"https:\/\/www.soletanchefreyssinet.com\/es\/razon-de-ser\/","og_site_name":"Soletanche Freyssinet","article_publisher":"https:\/\/www.facebook.com\/soletanchefreyssinet.group","article_modified_time":"2025-01-17T14:26:42+00:00","og_image":[{"width":355,"height":162,"url":"https:\/\/www.soletanchefreyssinet.com\/wp-content\/uploads\/2020\/07\/SOLETANCHE_FREYSSINET_BOT_GB_V_RVB.gif","type":"image\/gif"}],"twitter_card":"summary_large_image","schema":{"@context":"https:\/\/schema.org","@graph":[{"@type":"WebPage","@id":"https:\/\/www.soletanchefreyssinet.com\/es\/razon-de-ser\/","url":"https:\/\/www.soletanchefreyssinet.com\/es\/razon-de-ser\/","name":"Soletanche Freyssinet, construyamos el mundo del ma\u00f1ana","isPartOf":{"@id":"https:\/\/www.soletanchefreyssinet.com\/es\/#website"},"datePublished":"2020-06-19T07:29:39+00:00","dateModified":"2025-01-17T14:26:42+00:00","description":"Las empresas de Soletanche Freyssinet disponen de un abanico de t\u00e9cnicas que permite responder a los principales retos del mundo del ma\u00f1ana.","breadcrumb":{"@id":"https:\/\/www.soletanchefreyssinet.com\/es\/razon-de-ser\/#breadcrumb"},"inLanguage":"es","potentialAction":[{"@type":"ReadAction","target":["https:\/\/www.soletanchefreyssinet.com\/es\/razon-de-ser\/"]}]},{"@type":"BreadcrumbList","@id":"https:\/\/www.soletanchefreyssinet.com\/es\/razon-de-ser\/#breadcrumb","itemListElement":[{"@type":"ListItem","position":1,"name":"Accueil","item":"https:\/\/www.soletanchefreyssinet.com\/es\/"},{"@type":"ListItem","position":2,"name":"Raz\u00f3n de ser"}]},{"@type":"WebSite","@id":"https:\/\/www.soletanchefreyssinet.com\/es\/#website","url":"https:\/\/www.soletanchefreyssinet.com\/es\/","name":"Soletanche Freyssinet","description":"Leader mondial dans les m\u00e9tiers du sol, des structures et du nucl\u00e9aire","publisher":{"@id":"https:\/\/www.soletanchefreyssinet.com\/es\/#organization"},"potentialAction":[{"@type":"SearchAction","target":{"@type":"EntryPoint","urlTemplate":"https:\/\/www.soletanchefreyssinet.com\/es\/?s={search_term_string}"},"query-input":{"@type":"PropertyValueSpecification","valueRequired":true,"valueName":"search_term_string"}}],"inLanguage":"es"},{"@type":"Organization","@id":"https:\/\/www.soletanchefreyssinet.com\/es\/#organization","name":"Soletanche freyssinet","url":"https:\/\/www.soletanchefreyssinet.com\/es\/","logo":{"@type":"ImageObject","inLanguage":"es","@id":"https:\/\/www.soletanchefreyssinet.com\/es\/#\/schema\/logo\/image\/","url":"https:\/\/www.soletanchefreyssinet.com\/wp-content\/uploads\/2020\/07\/SOLETANCHE_FREYSSINET_BOT_GB_V_RVB.gif","contentUrl":"https:\/\/www.soletanchefreyssinet.com\/wp-content\/uploads\/2020\/07\/SOLETANCHE_FREYSSINET_BOT_GB_V_RVB.gif","width":355,"height":162,"caption":"Soletanche freyssinet"},"image":{"@id":"https:\/\/www.soletanchefreyssinet.com\/es\/#\/schema\/logo\/image\/"},"sameAs":["https:\/\/www.facebook.com\/soletanchefreyssinet.group"]}]}},"_links":{"self":[{"href":"https:\/\/www.soletanchefreyssinet.com\/es\/wp-json\/wp\/v2\/pages\/2810","targetHints":{"allow":["GET"]}}],"collection":[{"href":"https:\/\/www.soletanchefreyssinet.com\/es\/wp-json\/wp\/v2\/pages"}],"about":[{"href":"https:\/\/www.soletanchefreyssinet.com\/es\/wp-json\/wp\/v2\/types\/page"}],"author":[{"embeddable":true,"href":"https:\/\/www.soletanchefreyssinet.com\/es\/wp-json\/wp\/v2\/users\/3"}],"replies":[{"embeddable":true,"href":"https:\/\/www.soletanchefreyssinet.com\/es\/wp-json\/wp\/v2\/comments?post=2810"}],"version-history":[{"count":1,"href":"https:\/\/www.soletanchefreyssinet.com\/es\/wp-json\/wp\/v2\/pages\/2810\/revisions"}],"predecessor-version":[{"id":5496,"href":"https:\/\/www.soletanchefreyssinet.com\/es\/wp-json\/wp\/v2\/pages\/2810\/revisions\/5496"}],"wp:attachment":[{"href":"https:\/\/www.soletanchefreyssinet.com\/es\/wp-json\/wp\/v2\/media?parent=2810"}],"curies":[{"name":"wp","href":"https:\/\/api.w.org\/{rel}","templated":true}]}}