{"id":3205,"date":"2020-07-29T19:01:16","date_gmt":"2020-07-29T17:01:16","guid":{"rendered":"https:\/\/www.soletanchefreyssinet.com\/plan-de-site\/"},"modified":"2020-09-04T12:06:55","modified_gmt":"2020-09-04T10:06:55","slug":"mapa-del-sitio","status":"publish","type":"page","link":"https:\/\/www.soletanchefreyssinet.com\/es\/mapa-del-sitio\/","title":{"rendered":"Mapa del sitio"},"content":{"rendered":"<div class=\"fusion-fullwidth fullwidth-box fusion-builder-row-1 nonhundred-percent-fullwidth non-hundred-percent-height-scrolling\" style=\"--awb-border-radius-top-left:0px;--awb-border-radius-top-right:0px;--awb-border-radius-bottom-right:0px;--awb-border-radius-bottom-left:0px;--awb-flex-wrap:wrap;\" ><div class=\"fusion-builder-row fusion-row\"><div class=\"fusion-layout-column fusion_builder_column fusion-builder-column-0 fusion_builder_column_1_2 1_2 fusion-one-half fusion-column-first\" style=\"--awb-bg-size:cover;width:50%;width:calc(50% - ( ( 4% ) * 0.5 ) );margin-right: 4%;\"><div class=\"fusion-column-wrapper fusion-column-has-shadow fusion-flex-column-wrapper-legacy\"><div class=\"fusion-text fusion-text-1\"><p>Abajo encontrar\u00e1 el \u00e1rbol del sitio internet de Soletanche Freyssinet<\/p>\n<\/div><div id=\"wp-realtime-sitemap-menu\"><h3>&nbsp;<\/h3><ul><li id=\"menu-item-2999\" class=\"menu-item menu-item-type-post_type menu-item-object-page menu-item-has-children menu-item-2999\"><a href=\"https:\/\/www.soletanchefreyssinet.com\/es\/grupo\/\">SOLETANCHE FREYSSINET<\/a>\n<ul class=\"sub-menu\">\n\t<li id=\"menu-item-3000\" class=\"menu-item menu-item-type-post_type menu-item-object-page menu-item-3000\"><a href=\"https:\/\/www.soletanchefreyssinet.com\/es\/grupo\/quienes-somos\/\">\u00bfQuienes somos?<\/a><\/li>\n\t<li id=\"menu-item-3001\" class=\"menu-item menu-item-type-post_type menu-item-object-page menu-item-3001\"><a href=\"https:\/\/www.soletanchefreyssinet.com\/es\/grupo\/gerencia\/\">Gerencia<\/a><\/li>\n\t<li id=\"menu-item-3002\" class=\"menu-item menu-item-type-post_type menu-item-object-page menu-item-3002\"><a href=\"https:\/\/www.soletanchefreyssinet.com\/es\/grupo\/organizacion\/\">Organizaci\u00f3n<\/a><\/li>\n\t<li id=\"menu-item-3003\" class=\"menu-item menu-item-type-post_type menu-item-object-page menu-item-3003\"><a href=\"https:\/\/www.soletanchefreyssinet.com\/es\/grupo\/valores\/\">Valores<\/a><\/li>\n\t<li id=\"menu-item-3004\" class=\"menu-item menu-item-type-post_type menu-item-object-page menu-item-3004\"><a href=\"https:\/\/www.soletanchefreyssinet.com\/es\/grupo\/seguridad\/\">Seguridad<\/a><\/li>\n\t<li id=\"menu-item-3005\" class=\"menu-item menu-item-type-post_type menu-item-object-page menu-item-3005\"><a href=\"https:\/\/www.soletanchefreyssinet.com\/es\/grupo\/medio-ambiente\/\">Medio ambiente<\/a><\/li>\n<\/ul>\n<\/li>\n<li id=\"menu-item-3006\" class=\"menu-item menu-item-type-post_type menu-item-object-page menu-item-3006\"><a href=\"https:\/\/www.soletanchefreyssinet.com\/es\/razon-de-ser\/\">RAZ\u00d3N DE SER<\/a><\/li>\n<li id=\"menu-item-3007\" class=\"menu-item menu-item-type-post_type menu-item-object-page menu-item-has-children menu-item-3007\"><a href=\"https:\/\/www.soletanchefreyssinet.com\/es\/ambitos-de-actividad\/\">\u00c1MBITOS DE ACTIVIDAD<\/a>\n<ul class=\"sub-menu\">\n\t<li id=\"menu-item-3559\" class=\"menu-item menu-item-type-post_type menu-item-object-page menu-item-3559\"><a href=\"https:\/\/www.soletanchefreyssinet.com\/es\/ambitos-de-actividad\/sols\/\">Suelos<\/a><\/li>\n\t<li id=\"menu-item-3557\" class=\"menu-item menu-item-type-post_type menu-item-object-page menu-item-3557\"><a href=\"https:\/\/www.soletanchefreyssinet.com\/es\/ambitos-de-actividad\/structures\/\">Estructuras<\/a><\/li>\n\t<li id=\"menu-item-3558\" class=\"menu-item menu-item-type-post_type menu-item-object-page menu-item-3558\"><a href=\"https:\/\/www.soletanchefreyssinet.com\/es\/ambitos-de-actividad\/nucleaire\/\">Nuclear<\/a><\/li>\n\t<li id=\"menu-item-3556\" class=\"menu-item menu-item-type-post_type menu-item-object-page menu-item-3556\"><a href=\"https:\/\/www.soletanchefreyssinet.com\/es\/ambitos-de-actividad\/3484-2\/\">Digital<\/a><\/li>\n<\/ul>\n<\/li>\n<li id=\"menu-item-3008\" class=\"menu-item menu-item-type-post_type menu-item-object-page menu-item-has-children menu-item-3008\"><a href=\"https:\/\/www.soletanchefreyssinet.com\/es\/marcas\/\">MARCAS<\/a>\n<ul class=\"sub-menu\">\n\t<li id=\"menu-item-3009\" class=\"menu-item menu-item-type-custom menu-item-object-custom menu-item-3009\"><a href=\"\/es\/our-brands\/soletanche-bachy\/\">Soletanche Bachy<\/a><\/li>\n\t<li id=\"menu-item-3010\" class=\"menu-item menu-item-type-custom menu-item-object-custom menu-item-3010\"><a href=\"\/es\/our-brands\/menard\/\">Menard<\/a><\/li>\n\t<li id=\"menu-item-3011\" class=\"menu-item menu-item-type-custom menu-item-object-custom menu-item-3011\"><a href=\"\/es\/our-brands\/terre-armee\/\">Geoquest<\/a><\/li>\n\t<li id=\"menu-item-3012\" class=\"menu-item menu-item-type-custom menu-item-object-custom menu-item-3012\"><a href=\"\/es\/our-brands\/freyssinet\/\">Freyssinet<\/a><\/li>\n\t<li id=\"menu-item-3013\" class=\"menu-item menu-item-type-custom menu-item-object-custom menu-item-3013\"><a href=\"\/es\/our-brands\/nuvia\/\">Nuvia<\/a><\/li>\n\t<li id=\"menu-item-3014\" class=\"menu-item menu-item-type-custom menu-item-object-custom menu-item-3014\"><a href=\"\/es\/our-brands\/sixense\/\">Sixense<\/a><\/li>\n<\/ul>\n<\/li>\n<li id=\"menu-item-3016\" class=\"menu-item menu-item-type-post_type menu-item-object-page menu-item-3016\"><a href=\"https:\/\/www.soletanchefreyssinet.com\/es\/engineering\/\">ENGINEERING<\/a><\/li>\n<li id=\"menu-item-5014\" class=\"menu-item menu-item-type-post_type menu-item-object-page menu-item-5014\"><a href=\"https:\/\/www.soletanchefreyssinet.com\/es\/etica\/\">\u00c9TICA<\/a><\/li>\n<li id=\"menu-item-4257\" class=\"menu-item menu-item-type-post_type menu-item-object-page menu-item-4257\"><a href=\"https:\/\/www.soletanchefreyssinet.com\/es\/talents\/\">TALENTOS<\/a><\/li>\n<li id=\"menu-item-4258\" class=\"menu-item menu-item-type-post_type menu-item-object-page menu-item-4258\"><a href=\"https:\/\/www.soletanchefreyssinet.com\/es\/talents\/\">TALENTOS<\/a><\/li>\n<li id=\"menu-item-3017\" class=\"menu-item menu-item-type-post_type menu-item-object-page menu-item-has-children menu-item-3017\"><a href=\"https:\/\/www.soletanchefreyssinet.com\/es\/newsroom\/\">NEWSROOM<\/a>\n<ul class=\"sub-menu\">\n\t<li id=\"menu-item-3018\" class=\"menu-item menu-item-type-post_type menu-item-object-page current_page_parent menu-item-3018\"><a href=\"https:\/\/www.soletanchefreyssinet.com\/es\/newsroom\/noticias\/\">Noticias<\/a><\/li>\n\t<li id=\"menu-item-3786\" class=\"menu-item menu-item-type-taxonomy menu-item-object-category menu-item-3786\"><a href=\"https:\/\/www.soletanchefreyssinet.com\/es\/category\/tipo\/evento\/\">Eventos<\/a><\/li>\n\t<li id=\"menu-item-3019\" class=\"menu-item menu-item-type-post_type menu-item-object-page menu-item-3019\"><a href=\"https:\/\/www.soletanchefreyssinet.com\/es\/newsroom\/redes-sociales\/\">Redes sociales<\/a><\/li>\n\t<li id=\"menu-item-3931\" class=\"menu-item menu-item-type-custom menu-item-object-custom menu-item-3931\"><a href=\"\/es\/newsroom\/publicaciones\/informes-de-actividad\/\">Publicaciones<\/a><\/li>\n<\/ul>\n<\/li>\n<li id=\"menu-item-wpml-ls-8-es\" class=\"menu-item wpml-ls-slot-8 wpml-ls-item wpml-ls-item-es wpml-ls-current-language wpml-ls-menu-item wpml-ls-last-item menu-item-type-wpml_ls_menu_item menu-item-object-wpml_ls_menu_item menu-item-has-children menu-item-wpml-ls-8-es\"><a href=\"https:\/\/www.soletanchefreyssinet.com\/es\/\" role=\"menuitem\" class=\"wpml-ls-link\"><span class=\"wpml-ls-native\" lang=\"es\">ES<\/span><\/a>\n<ul class=\"sub-menu\">\n\t<li id=\"menu-item-wpml-ls-8-fr\" class=\"menu-item wpml-ls-slot-8 wpml-ls-item wpml-ls-item-fr wpml-ls-menu-item wpml-ls-first-item menu-item-type-wpml_ls_menu_item menu-item-object-wpml_ls_menu_item menu-item-wpml-ls-8-fr\"><a href=\"https:\/\/www.soletanchefreyssinet.com\/\" title=\"Cambiar a FR\" aria-label=\"Cambiar a FR\" role=\"menuitem\" class=\"wpml-ls-link\"><span class=\"wpml-ls-native\" lang=\"fr\">FR<\/span><\/a><\/li>\n\t<li id=\"menu-item-wpml-ls-8-en\" class=\"menu-item wpml-ls-slot-8 wpml-ls-item wpml-ls-item-en wpml-ls-menu-item menu-item-type-wpml_ls_menu_item menu-item-object-wpml_ls_menu_item menu-item-wpml-ls-8-en\"><a href=\"https:\/\/www.soletanchefreyssinet.com\/en\/\" title=\"Cambiar a EN\" aria-label=\"Cambiar a EN\" role=\"menuitem\" class=\"wpml-ls-link\"><span class=\"wpml-ls-native\" lang=\"en\">EN<\/span><\/a><\/li>\n<\/ul>\n<\/li>\n<li id=\"menu-item-3936\" class=\"menu-item menu-item-type-post_type menu-item-object-page menu-item-3936\"><a href=\"https:\/\/www.soletanchefreyssinet.com\/es\/ambitos-de-actividad\/sols\/\">Suelos<\/a><\/li>\n<li id=\"menu-item-3934\" class=\"menu-item menu-item-type-post_type menu-item-object-page menu-item-3934\"><a href=\"https:\/\/www.soletanchefreyssinet.com\/es\/ambitos-de-actividad\/structures\/\">Estructuras<\/a><\/li>\n<li id=\"menu-item-3935\" class=\"menu-item menu-item-type-post_type menu-item-object-page menu-item-3935\"><a href=\"https:\/\/www.soletanchefreyssinet.com\/es\/ambitos-de-actividad\/nucleaire\/\">Nuclear<\/a><\/li>\n<li id=\"menu-item-3933\" class=\"menu-item menu-item-type-post_type menu-item-object-page menu-item-3933\"><a href=\"https:\/\/www.soletanchefreyssinet.com\/es\/ambitos-de-actividad\/3484-2\/\">Digital<\/a><\/li>\n<\/ul><\/div><div class=\"fusion-clearfix\"><\/div><\/div><\/div><div class=\"fusion-layout-column fusion_builder_column fusion-builder-column-1 fusion_builder_column_1_2 1_2 fusion-one-half fusion-column-last\" style=\"--awb-bg-size:cover;width:50%;width:calc(50% - ( ( 4% ) * 0.5 ) );\"><div class=\"fusion-column-wrapper fusion-column-has-shadow fusion-flex-column-wrapper-legacy\"><div class=\"fusion-image-element in-legacy-container\" style=\"--awb-caption-title-font-family:var(--h2_typography-font-family);--awb-caption-title-font-weight:var(--h2_typography-font-weight);--awb-caption-title-font-style:var(--h2_typography-font-style);--awb-caption-title-size:var(--h2_typography-font-size);--awb-caption-title-transform:var(--h2_typography-text-transform);--awb-caption-title-line-height:var(--h2_typography-line-height);--awb-caption-title-letter-spacing:var(--h2_typography-letter-spacing);\"><span class=\" fusion-imageframe imageframe-none imageframe-1 hover-type-none\"><img decoding=\"async\" width=\"800\" height=\"1200\" title=\"wfostergrowth\" src=\"https:\/\/www.soletanchefreyssinet.com\/wp-content\/uploads\/2020\/06\/wfostergrowth.jpg\" data-orig-src=\"https:\/\/www.soletanchefreyssinet.com\/wp-content\/uploads\/2020\/06\/wfostergrowth.jpg\" alt class=\"lazyload img-responsive wp-image-1618\" srcset=\"data:image\/svg+xml,%3Csvg%20xmlns%3D%27http%3A%2F%2Fwww.w3.org%2F2000%2Fsvg%27%20width%3D%27800%27%20height%3D%271200%27%20viewBox%3D%270%200%20800%201200%27%3E%3Crect%20width%3D%27800%27%20height%3D%271200%27%20fill-opacity%3D%220%22%2F%3E%3C%2Fsvg%3E\" data-srcset=\"https:\/\/www.soletanchefreyssinet.com\/wp-content\/uploads\/2020\/06\/wfostergrowth-200x300.jpg 200w, https:\/\/www.soletanchefreyssinet.com\/wp-content\/uploads\/2020\/06\/wfostergrowth-400x600.jpg 400w, https:\/\/www.soletanchefreyssinet.com\/wp-content\/uploads\/2020\/06\/wfostergrowth-600x900.jpg 600w, https:\/\/www.soletanchefreyssinet.com\/wp-content\/uploads\/2020\/06\/wfostergrowth.jpg 800w\" data-sizes=\"auto\" data-orig-sizes=\"(max-width: 800px) 100vw, 600px\" \/><\/span><\/div><div class=\"fusion-clearfix\"><\/div><\/div><\/div><\/div><\/div>\n","protected":false},"excerpt":{"rendered":"","protected":false},"author":1,"featured_media":0,"parent":0,"menu_order":0,"comment_status":"closed","ping_status":"closed","template":"","meta":{"_acf_changed":false,"inline_featured_image":false,"footnotes":""},"class_list":["post-3205","page","type-page","status-publish","hentry"],"acf":[],"yoast_head":"<!-- This site is optimized with the Yoast SEO plugin v27.2 - https:\/\/yoast.com\/product\/yoast-seo-wordpress\/ -->\n<title>Mapa del sitio institucional de Soletanche Freyssinet<\/title>\n<meta name=\"description\" content=\"En esta secci\u00f3n, encontrar\u00e1 el \u00e1rbol del sitio de Soletanche Freyssinet para poder navegarlo a gusto y tener vista sobre todos los rubros del mismo.\" \/>\n<meta name=\"robots\" content=\"index, follow, max-snippet:-1, max-image-preview:large, max-video-preview:-1\" \/>\n<link rel=\"canonical\" href=\"https:\/\/www.soletanchefreyssinet.com\/es\/mapa-del-sitio\/\" \/>\n<meta property=\"og:locale\" content=\"es_ES\" \/>\n<meta property=\"og:type\" content=\"article\" \/>\n<meta property=\"og:title\" content=\"Mapa del sitio institucional de Soletanche Freyssinet\" \/>\n<meta property=\"og:description\" content=\"En esta secci\u00f3n, encontrar\u00e1 el \u00e1rbol del sitio de Soletanche Freyssinet para poder navegarlo a gusto y tener vista sobre todos los rubros del mismo.\" \/>\n<meta property=\"og:url\" content=\"https:\/\/www.soletanchefreyssinet.com\/es\/mapa-del-sitio\/\" \/>\n<meta property=\"og:site_name\" content=\"Soletanche Freyssinet\" \/>\n<meta property=\"article:publisher\" content=\"https:\/\/www.facebook.com\/soletanchefreyssinet.group\" \/>\n<meta property=\"article:modified_time\" content=\"2020-09-04T10:06:55+00:00\" \/>\n<meta property=\"og:image\" content=\"https:\/\/www.soletanchefreyssinet.com\/wp-content\/uploads\/2020\/07\/SOLETANCHE_FREYSSINET_BOT_GB_V_RVB.gif\" \/>\n\t<meta property=\"og:image:width\" content=\"355\" \/>\n\t<meta property=\"og:image:height\" content=\"162\" \/>\n\t<meta property=\"og:image:type\" content=\"image\/gif\" \/>\n<meta name=\"twitter:card\" content=\"summary_large_image\" \/>\n<script type=\"application\/ld+json\" class=\"yoast-schema-graph\">{\"@context\":\"https:\/\/schema.org\",\"@graph\":[{\"@type\":\"WebPage\",\"@id\":\"https:\/\/www.soletanchefreyssinet.com\/es\/mapa-del-sitio\/\",\"url\":\"https:\/\/www.soletanchefreyssinet.com\/es\/mapa-del-sitio\/\",\"name\":\"Mapa del sitio institucional de Soletanche Freyssinet\",\"isPartOf\":{\"@id\":\"https:\/\/www.soletanchefreyssinet.com\/es\/#website\"},\"datePublished\":\"2020-07-29T17:01:16+00:00\",\"dateModified\":\"2020-09-04T10:06:55+00:00\",\"description\":\"En esta secci\u00f3n, encontrar\u00e1 el \u00e1rbol del sitio de Soletanche Freyssinet para poder navegarlo a gusto y tener vista sobre todos los rubros del mismo.\",\"breadcrumb\":{\"@id\":\"https:\/\/www.soletanchefreyssinet.com\/es\/mapa-del-sitio\/#breadcrumb\"},\"inLanguage\":\"es\",\"potentialAction\":[{\"@type\":\"ReadAction\",\"target\":[\"https:\/\/www.soletanchefreyssinet.com\/es\/mapa-del-sitio\/\"]}]},{\"@type\":\"BreadcrumbList\",\"@id\":\"https:\/\/www.soletanchefreyssinet.com\/es\/mapa-del-sitio\/#breadcrumb\",\"itemListElement\":[{\"@type\":\"ListItem\",\"position\":1,\"name\":\"Accueil\",\"item\":\"https:\/\/www.soletanchefreyssinet.com\/es\/\"},{\"@type\":\"ListItem\",\"position\":2,\"name\":\"Mapa del sitio\"}]},{\"@type\":\"WebSite\",\"@id\":\"https:\/\/www.soletanchefreyssinet.com\/es\/#website\",\"url\":\"https:\/\/www.soletanchefreyssinet.com\/es\/\",\"name\":\"Soletanche Freyssinet\",\"description\":\"Leader mondial dans les m\u00e9tiers du sol, des structures et du nucl\u00e9aire\",\"publisher\":{\"@id\":\"https:\/\/www.soletanchefreyssinet.com\/es\/#organization\"},\"potentialAction\":[{\"@type\":\"SearchAction\",\"target\":{\"@type\":\"EntryPoint\",\"urlTemplate\":\"https:\/\/www.soletanchefreyssinet.com\/es\/?s={search_term_string}\"},\"query-input\":{\"@type\":\"PropertyValueSpecification\",\"valueRequired\":true,\"valueName\":\"search_term_string\"}}],\"inLanguage\":\"es\"},{\"@type\":\"Organization\",\"@id\":\"https:\/\/www.soletanchefreyssinet.com\/es\/#organization\",\"name\":\"Soletanche freyssinet\",\"url\":\"https:\/\/www.soletanchefreyssinet.com\/es\/\",\"logo\":{\"@type\":\"ImageObject\",\"inLanguage\":\"es\",\"@id\":\"https:\/\/www.soletanchefreyssinet.com\/es\/#\/schema\/logo\/image\/\",\"url\":\"https:\/\/www.soletanchefreyssinet.com\/wp-content\/uploads\/2020\/07\/SOLETANCHE_FREYSSINET_BOT_GB_V_RVB.gif\",\"contentUrl\":\"https:\/\/www.soletanchefreyssinet.com\/wp-content\/uploads\/2020\/07\/SOLETANCHE_FREYSSINET_BOT_GB_V_RVB.gif\",\"width\":355,\"height\":162,\"caption\":\"Soletanche freyssinet\"},\"image\":{\"@id\":\"https:\/\/www.soletanchefreyssinet.com\/es\/#\/schema\/logo\/image\/\"},\"sameAs\":[\"https:\/\/www.facebook.com\/soletanchefreyssinet.group\"]}]}<\/script>\n<!-- \/ Yoast SEO plugin. -->","yoast_head_json":{"title":"Mapa del sitio institucional de Soletanche Freyssinet","description":"En esta secci\u00f3n, encontrar\u00e1 el \u00e1rbol del sitio de Soletanche Freyssinet para poder navegarlo a gusto y tener vista sobre todos los rubros del mismo.","robots":{"index":"index","follow":"follow","max-snippet":"max-snippet:-1","max-image-preview":"max-image-preview:large","max-video-preview":"max-video-preview:-1"},"canonical":"https:\/\/www.soletanchefreyssinet.com\/es\/mapa-del-sitio\/","og_locale":"es_ES","og_type":"article","og_title":"Mapa del sitio institucional de Soletanche Freyssinet","og_description":"En esta secci\u00f3n, encontrar\u00e1 el \u00e1rbol del sitio de Soletanche Freyssinet para poder navegarlo a gusto y tener vista sobre todos los rubros del mismo.","og_url":"https:\/\/www.soletanchefreyssinet.com\/es\/mapa-del-sitio\/","og_site_name":"Soletanche Freyssinet","article_publisher":"https:\/\/www.facebook.com\/soletanchefreyssinet.group","article_modified_time":"2020-09-04T10:06:55+00:00","og_image":[{"width":355,"height":162,"url":"https:\/\/www.soletanchefreyssinet.com\/wp-content\/uploads\/2020\/07\/SOLETANCHE_FREYSSINET_BOT_GB_V_RVB.gif","type":"image\/gif"}],"twitter_card":"summary_large_image","schema":{"@context":"https:\/\/schema.org","@graph":[{"@type":"WebPage","@id":"https:\/\/www.soletanchefreyssinet.com\/es\/mapa-del-sitio\/","url":"https:\/\/www.soletanchefreyssinet.com\/es\/mapa-del-sitio\/","name":"Mapa del sitio institucional de Soletanche Freyssinet","isPartOf":{"@id":"https:\/\/www.soletanchefreyssinet.com\/es\/#website"},"datePublished":"2020-07-29T17:01:16+00:00","dateModified":"2020-09-04T10:06:55+00:00","description":"En esta secci\u00f3n, encontrar\u00e1 el \u00e1rbol del sitio de Soletanche Freyssinet para poder navegarlo a gusto y tener vista sobre todos los rubros del mismo.","breadcrumb":{"@id":"https:\/\/www.soletanchefreyssinet.com\/es\/mapa-del-sitio\/#breadcrumb"},"inLanguage":"es","potentialAction":[{"@type":"ReadAction","target":["https:\/\/www.soletanchefreyssinet.com\/es\/mapa-del-sitio\/"]}]},{"@type":"BreadcrumbList","@id":"https:\/\/www.soletanchefreyssinet.com\/es\/mapa-del-sitio\/#breadcrumb","itemListElement":[{"@type":"ListItem","position":1,"name":"Accueil","item":"https:\/\/www.soletanchefreyssinet.com\/es\/"},{"@type":"ListItem","position":2,"name":"Mapa del sitio"}]},{"@type":"WebSite","@id":"https:\/\/www.soletanchefreyssinet.com\/es\/#website","url":"https:\/\/www.soletanchefreyssinet.com\/es\/","name":"Soletanche Freyssinet","description":"Leader mondial dans les m\u00e9tiers du sol, des structures et du nucl\u00e9aire","publisher":{"@id":"https:\/\/www.soletanchefreyssinet.com\/es\/#organization"},"potentialAction":[{"@type":"SearchAction","target":{"@type":"EntryPoint","urlTemplate":"https:\/\/www.soletanchefreyssinet.com\/es\/?s={search_term_string}"},"query-input":{"@type":"PropertyValueSpecification","valueRequired":true,"valueName":"search_term_string"}}],"inLanguage":"es"},{"@type":"Organization","@id":"https:\/\/www.soletanchefreyssinet.com\/es\/#organization","name":"Soletanche freyssinet","url":"https:\/\/www.soletanchefreyssinet.com\/es\/","logo":{"@type":"ImageObject","inLanguage":"es","@id":"https:\/\/www.soletanchefreyssinet.com\/es\/#\/schema\/logo\/image\/","url":"https:\/\/www.soletanchefreyssinet.com\/wp-content\/uploads\/2020\/07\/SOLETANCHE_FREYSSINET_BOT_GB_V_RVB.gif","contentUrl":"https:\/\/www.soletanchefreyssinet.com\/wp-content\/uploads\/2020\/07\/SOLETANCHE_FREYSSINET_BOT_GB_V_RVB.gif","width":355,"height":162,"caption":"Soletanche freyssinet"},"image":{"@id":"https:\/\/www.soletanchefreyssinet.com\/es\/#\/schema\/logo\/image\/"},"sameAs":["https:\/\/www.facebook.com\/soletanchefreyssinet.group"]}]}},"_links":{"self":[{"href":"https:\/\/www.soletanchefreyssinet.com\/es\/wp-json\/wp\/v2\/pages\/3205","targetHints":{"allow":["GET"]}}],"collection":[{"href":"https:\/\/www.soletanchefreyssinet.com\/es\/wp-json\/wp\/v2\/pages"}],"about":[{"href":"https:\/\/www.soletanchefreyssinet.com\/es\/wp-json\/wp\/v2\/types\/page"}],"author":[{"embeddable":true,"href":"https:\/\/www.soletanchefreyssinet.com\/es\/wp-json\/wp\/v2\/users\/1"}],"replies":[{"embeddable":true,"href":"https:\/\/www.soletanchefreyssinet.com\/es\/wp-json\/wp\/v2\/comments?post=3205"}],"version-history":[{"count":0,"href":"https:\/\/www.soletanchefreyssinet.com\/es\/wp-json\/wp\/v2\/pages\/3205\/revisions"}],"wp:attachment":[{"href":"https:\/\/www.soletanchefreyssinet.com\/es\/wp-json\/wp\/v2\/media?parent=3205"}],"curies":[{"name":"wp","href":"https:\/\/api.w.org\/{rel}","templated":true}]}}