{"id":3484,"date":"2020-09-04T16:51:33","date_gmt":"2020-09-04T14:51:33","guid":{"rendered":"https:\/\/www.soletanchefreyssinet.com\/?page_id=3484"},"modified":"2020-09-17T20:23:45","modified_gmt":"2020-09-17T18:23:45","slug":"3484-2","status":"publish","type":"page","link":"https:\/\/www.soletanchefreyssinet.com\/es\/ambitos-de-actividad\/3484-2\/","title":{"rendered":"Digital"},"content":{"rendered":"<div class=\"fusion-fullwidth fullwidth-box fusion-builder-row-1 nonhundred-percent-fullwidth non-hundred-percent-height-scrolling\" style=\"--awb-border-radius-top-left:0px;--awb-border-radius-top-right:0px;--awb-border-radius-bottom-right:0px;--awb-border-radius-bottom-left:0px;--awb-flex-wrap:wrap;\" ><div class=\"fusion-builder-row fusion-row\"><div class=\"fusion-layout-column fusion_builder_column fusion-builder-column-0 fusion_builder_column_1_3 1_3 fusion-one-third fusion-column-first\" style=\"--awb-bg-size:cover;width:33.333333333333%;width:calc(33.333333333333% - ( ( 4% ) * 0.33333333333333 ) );margin-right: 4%;\"><div class=\"fusion-column-wrapper fusion-column-has-shadow fusion-flex-column-wrapper-legacy\"><div class=\"fusion-image-carousel fusion-image-carousel-auto fusion-image-carousel-1 lightbox-enabled\"><div class=\"awb-carousel awb-swiper awb-swiper-carousel awb-carousel--carousel awb-swiper-dots-position-bottom\" data-layout=\"carousel\" data-autoplay=\"yes\" data-autoplayspeed=\"2500\" data-autoplaypause=\"no\" data-columns=\"1\" data-columnsmedium=\"1\" data-columnssmall=\"1\" data-itemmargin=\"5\" data-itemwidth=\"180\" data-touchscroll=\"no\" data-freemode=\"no\" data-imagesize=\"auto\" data-scrollitems=\"0\" data-centeredslides=\"no\" data-rotationangle=\"50\" data-depth=\"100\" data-speed=\"500\" data-shadow=\"no\" data-pagination=\"bullets\" style=\"--awb-columns:1;--awb-column-spacing:5px;\"><div class=\"swiper-wrapper awb-image-carousel-wrapper fusion-flex-align-items-center\"><div class=\"swiper-slide\"><div class=\"fusion-carousel-item-wrapper\"><div class=\"fusion-image-wrapper hover-type-none\"><a data-rel=\"iLightbox[image_carousel_1]\" data-title=\"Sixense_1\" aria-label=\"Sixense_1\" href=\"https:\/\/www.soletanchefreyssinet.com\/wp-content\/uploads\/2020\/09\/Sixense_1-1-400x467.png\" target=\"_self\"><img decoding=\"async\" width=\"480\" height=\"560\" src=\"https:\/\/www.soletanchefreyssinet.com\/wp-content\/uploads\/2020\/09\/Sixense_1-1.png\" class=\"attachment-full size-full lazyload\" alt=\"\" srcset=\"data:image\/svg+xml,%3Csvg%20xmlns%3D%27http%3A%2F%2Fwww.w3.org%2F2000%2Fsvg%27%20width%3D%27480%27%20height%3D%27560%27%20viewBox%3D%270%200%20480%20560%27%3E%3Crect%20width%3D%27480%27%20height%3D%27560%27%20fill-opacity%3D%220%22%2F%3E%3C%2Fsvg%3E\" data-orig-src=\"https:\/\/www.soletanchefreyssinet.com\/wp-content\/uploads\/2020\/09\/Sixense_1-1.png\" data-srcset=\"https:\/\/www.soletanchefreyssinet.com\/wp-content\/uploads\/2020\/09\/Sixense_1-1-200x233.png 200w, https:\/\/www.soletanchefreyssinet.com\/wp-content\/uploads\/2020\/09\/Sixense_1-1-257x300.png 257w, https:\/\/www.soletanchefreyssinet.com\/wp-content\/uploads\/2020\/09\/Sixense_1-1-400x467.png 400w, https:\/\/www.soletanchefreyssinet.com\/wp-content\/uploads\/2020\/09\/Sixense_1-1.png 480w\" data-sizes=\"auto\" \/><\/a><\/div><\/div><\/div><div class=\"swiper-slide\"><div class=\"fusion-carousel-item-wrapper\"><div class=\"fusion-image-wrapper hover-type-none\"><a data-rel=\"iLightbox[image_carousel_1]\" data-title=\"Sixense_2\" aria-label=\"Sixense_2\" href=\"https:\/\/www.soletanchefreyssinet.com\/wp-content\/uploads\/2020\/09\/Sixense_2-400x467.png\" target=\"_self\"><img decoding=\"async\" width=\"480\" height=\"560\" src=\"https:\/\/www.soletanchefreyssinet.com\/wp-content\/uploads\/2020\/09\/Sixense_2.png\" class=\"attachment-full size-full lazyload\" alt=\"\" srcset=\"data:image\/svg+xml,%3Csvg%20xmlns%3D%27http%3A%2F%2Fwww.w3.org%2F2000%2Fsvg%27%20width%3D%27480%27%20height%3D%27560%27%20viewBox%3D%270%200%20480%20560%27%3E%3Crect%20width%3D%27480%27%20height%3D%27560%27%20fill-opacity%3D%220%22%2F%3E%3C%2Fsvg%3E\" data-orig-src=\"https:\/\/www.soletanchefreyssinet.com\/wp-content\/uploads\/2020\/09\/Sixense_2.png\" data-srcset=\"https:\/\/www.soletanchefreyssinet.com\/wp-content\/uploads\/2020\/09\/Sixense_2-200x233.png 200w, https:\/\/www.soletanchefreyssinet.com\/wp-content\/uploads\/2020\/09\/Sixense_2-257x300.png 257w, https:\/\/www.soletanchefreyssinet.com\/wp-content\/uploads\/2020\/09\/Sixense_2-400x467.png 400w, https:\/\/www.soletanchefreyssinet.com\/wp-content\/uploads\/2020\/09\/Sixense_2.png 480w\" data-sizes=\"auto\" \/><\/a><\/div><\/div><\/div><div class=\"swiper-slide\"><div class=\"fusion-carousel-item-wrapper\"><div class=\"fusion-image-wrapper hover-type-none\"><a data-rel=\"iLightbox[image_carousel_1]\" data-title=\"Sixense_4\" aria-label=\"Sixense_4\" href=\"https:\/\/www.soletanchefreyssinet.com\/wp-content\/uploads\/2020\/09\/Sixense_4-400x467.png\" target=\"_self\"><img decoding=\"async\" width=\"480\" height=\"560\" src=\"https:\/\/www.soletanchefreyssinet.com\/wp-content\/uploads\/2020\/09\/Sixense_4.png\" class=\"attachment-full size-full lazyload\" alt=\"\" srcset=\"data:image\/svg+xml,%3Csvg%20xmlns%3D%27http%3A%2F%2Fwww.w3.org%2F2000%2Fsvg%27%20width%3D%27480%27%20height%3D%27560%27%20viewBox%3D%270%200%20480%20560%27%3E%3Crect%20width%3D%27480%27%20height%3D%27560%27%20fill-opacity%3D%220%22%2F%3E%3C%2Fsvg%3E\" data-orig-src=\"https:\/\/www.soletanchefreyssinet.com\/wp-content\/uploads\/2020\/09\/Sixense_4.png\" data-srcset=\"https:\/\/www.soletanchefreyssinet.com\/wp-content\/uploads\/2020\/09\/Sixense_4-200x233.png 200w, https:\/\/www.soletanchefreyssinet.com\/wp-content\/uploads\/2020\/09\/Sixense_4-257x300.png 257w, https:\/\/www.soletanchefreyssinet.com\/wp-content\/uploads\/2020\/09\/Sixense_4-400x467.png 400w, https:\/\/www.soletanchefreyssinet.com\/wp-content\/uploads\/2020\/09\/Sixense_4.png 480w\" data-sizes=\"auto\" \/><\/a><\/div><\/div><\/div><div class=\"swiper-slide\"><div class=\"fusion-carousel-item-wrapper\"><div class=\"fusion-image-wrapper hover-type-none\"><a data-rel=\"iLightbox[image_carousel_1]\" data-title=\"Sixense_6\" aria-label=\"Sixense_6\" href=\"https:\/\/www.soletanchefreyssinet.com\/wp-content\/uploads\/2020\/09\/Sixense_6.png\" target=\"_self\"><img decoding=\"async\" width=\"400\" height=\"467\" src=\"https:\/\/www.soletanchefreyssinet.com\/wp-content\/uploads\/2020\/09\/Sixense_6.png\" class=\"attachment-full size-full lazyload\" alt=\"\" srcset=\"data:image\/svg+xml,%3Csvg%20xmlns%3D%27http%3A%2F%2Fwww.w3.org%2F2000%2Fsvg%27%20width%3D%27400%27%20height%3D%27467%27%20viewBox%3D%270%200%20400%20467%27%3E%3Crect%20width%3D%27400%27%20height%3D%27467%27%20fill-opacity%3D%220%22%2F%3E%3C%2Fsvg%3E\" data-orig-src=\"https:\/\/www.soletanchefreyssinet.com\/wp-content\/uploads\/2020\/09\/Sixense_6.png\" data-srcset=\"https:\/\/www.soletanchefreyssinet.com\/wp-content\/uploads\/2020\/09\/Sixense_6-200x234.png 200w, https:\/\/www.soletanchefreyssinet.com\/wp-content\/uploads\/2020\/09\/Sixense_6-257x300.png 257w, https:\/\/www.soletanchefreyssinet.com\/wp-content\/uploads\/2020\/09\/Sixense_6.png 400w\" data-sizes=\"auto\" \/><\/a><\/div><\/div><\/div><\/div><div class=\"awb-swiper-button awb-swiper-button-prev\"><i class=\"awb-icon-angle-left\" aria-hidden=\"true\"><\/i><\/div><div class=\"awb-swiper-button awb-swiper-button-next\"><i class=\"awb-icon-angle-right\" aria-hidden=\"true\"><\/i><\/div><\/div><\/div><div class=\"fusion-clearfix\"><\/div><\/div><\/div><div class=\"fusion-layout-column fusion_builder_column fusion-builder-column-1 fusion_builder_column_2_3 2_3 fusion-two-third fusion-column-last\" style=\"--awb-bg-size:cover;width:66.666666666667%;width:calc(66.666666666667% - ( ( 4% ) * 0.66666666666667 ) );\"><div class=\"fusion-column-wrapper fusion-column-has-shadow fusion-flex-column-wrapper-legacy\"><div class=\"fusion-text fusion-text-1\"><h3>DIGITAL<\/h3>\n<p>. Con <a href=\"https:\/\/www.soletanchefreyssinet.com\/es\/our-brands\/sixense\/\">Sixense<\/a>, Soletanche Freyssinet, dispone de una empresa <strong>especializada en la supervisi\u00f3n, el diagn\u00f3stico y la modelizaci\u00f3n de las obras e infraestructuras<\/strong>. Esta oferta comprende, mediante distintas t\u00e9cnicas de auscultaci\u00f3n, gemelo digital, cartograf\u00eda, etc., la supervisi\u00f3n del estado y del comportamiento de las obras, la seguridad de su construcci\u00f3n, as\u00ed como la optimizaci\u00f3n de su mantenimiento.<\/p>\n<p>. <strong>Como complemento de esta oferta especializada, todas las empresas de Soletanche Freyssinet participan de forma decidida en la cuesti\u00f3n estrat\u00e9gica de la transformaci\u00f3n digital de las obras<\/strong>. La explotaci\u00f3n y la valorizaci\u00f3n de los datos provenientes de las operaciones sobre el terreno son un\u00a0 reto importante, en particular en el \u00e1mbito geot\u00e9cnico. El uso de t\u00e9cnicas y procedimientos genera un ingente volumen de informaci\u00f3n bruta, adem\u00e1s de la proveniente de maquinaria y equipos. Su explotaci\u00f3n ofrece m\u00e1s recursos para optimizar los procesos de estudio, dise\u00f1o y producci\u00f3n, aportar mayor fiabilidad a la presentaci\u00f3n de informes, realizar un mantenimiento predictivo de la maquinaria, garantizar la trazabilidad de las operaciones\u2026 Todo esto permite en \u00faltima instancia mejorar significativamente la calidad y la seguridad de las obras, lo que redunda en beneficio de los clientes.<\/p>\n<\/div><div class=\"fusion-clearfix\"><\/div><\/div><\/div><\/div><\/div>\n","protected":false},"excerpt":{"rendered":"","protected":false},"author":5,"featured_media":0,"parent":2817,"menu_order":0,"comment_status":"closed","ping_status":"closed","template":"","meta":{"_acf_changed":false,"inline_featured_image":false,"footnotes":""},"class_list":["post-3484","page","type-page","status-publish","hentry"],"acf":[],"yoast_head":"<!-- This site is optimized with the Yoast SEO plugin v27.2 - https:\/\/yoast.com\/product\/yoast-seo-wordpress\/ -->\n<title>Con Sixense, Soletanche Freyssinet es un l\u00edder mundial del digital<\/title>\n<meta name=\"description\" content=\"Sixense se especializa en el monitoreo, el diagn\u00f3stico y la modelizaci\u00f3n de las estructuras e infraestructuras.\" \/>\n<meta name=\"robots\" content=\"index, follow, max-snippet:-1, max-image-preview:large, max-video-preview:-1\" \/>\n<link rel=\"canonical\" href=\"https:\/\/www.soletanchefreyssinet.com\/es\/ambitos-de-actividad\/3484-2\/\" \/>\n<meta property=\"og:locale\" content=\"es_ES\" \/>\n<meta property=\"og:type\" content=\"article\" \/>\n<meta property=\"og:title\" content=\"Con Sixense, Soletanche Freyssinet es un l\u00edder mundial del digital\" \/>\n<meta property=\"og:description\" content=\"Sixense se especializa en el monitoreo, el diagn\u00f3stico y la modelizaci\u00f3n de las estructuras e infraestructuras.\" \/>\n<meta property=\"og:url\" content=\"https:\/\/www.soletanchefreyssinet.com\/es\/ambitos-de-actividad\/3484-2\/\" \/>\n<meta property=\"og:site_name\" content=\"Soletanche Freyssinet\" \/>\n<meta property=\"article:publisher\" content=\"https:\/\/www.facebook.com\/soletanchefreyssinet.group\" \/>\n<meta property=\"article:modified_time\" content=\"2020-09-17T18:23:45+00:00\" \/>\n<meta property=\"og:image\" content=\"https:\/\/www.soletanchefreyssinet.com\/wp-content\/uploads\/2020\/07\/SOLETANCHE_FREYSSINET_BOT_GB_V_RVB.gif\" \/>\n\t<meta property=\"og:image:width\" content=\"355\" \/>\n\t<meta property=\"og:image:height\" content=\"162\" \/>\n\t<meta property=\"og:image:type\" content=\"image\/gif\" \/>\n<meta name=\"twitter:card\" content=\"summary_large_image\" \/>\n<script type=\"application\/ld+json\" class=\"yoast-schema-graph\">{\"@context\":\"https:\/\/schema.org\",\"@graph\":[{\"@type\":\"WebPage\",\"@id\":\"https:\/\/www.soletanchefreyssinet.com\/es\/ambitos-de-actividad\/3484-2\/\",\"url\":\"https:\/\/www.soletanchefreyssinet.com\/es\/ambitos-de-actividad\/3484-2\/\",\"name\":\"Con Sixense, Soletanche Freyssinet es un l\u00edder mundial del digital\",\"isPartOf\":{\"@id\":\"https:\/\/www.soletanchefreyssinet.com\/es\/#website\"},\"datePublished\":\"2020-09-04T14:51:33+00:00\",\"dateModified\":\"2020-09-17T18:23:45+00:00\",\"description\":\"Sixense se especializa en el monitoreo, el diagn\u00f3stico y la modelizaci\u00f3n de las estructuras e infraestructuras.\",\"breadcrumb\":{\"@id\":\"https:\/\/www.soletanchefreyssinet.com\/es\/ambitos-de-actividad\/3484-2\/#breadcrumb\"},\"inLanguage\":\"es\",\"potentialAction\":[{\"@type\":\"ReadAction\",\"target\":[\"https:\/\/www.soletanchefreyssinet.com\/es\/ambitos-de-actividad\/3484-2\/\"]}]},{\"@type\":\"BreadcrumbList\",\"@id\":\"https:\/\/www.soletanchefreyssinet.com\/es\/ambitos-de-actividad\/3484-2\/#breadcrumb\",\"itemListElement\":[{\"@type\":\"ListItem\",\"position\":1,\"name\":\"Accueil\",\"item\":\"https:\/\/www.soletanchefreyssinet.com\/es\/\"},{\"@type\":\"ListItem\",\"position\":2,\"name\":\"\u00c1mbitos de actividad\",\"item\":\"https:\/\/www.soletanchefreyssinet.com\/es\/ambitos-de-actividad\/\"},{\"@type\":\"ListItem\",\"position\":3,\"name\":\"Digital\"}]},{\"@type\":\"WebSite\",\"@id\":\"https:\/\/www.soletanchefreyssinet.com\/es\/#website\",\"url\":\"https:\/\/www.soletanchefreyssinet.com\/es\/\",\"name\":\"Soletanche Freyssinet\",\"description\":\"Leader mondial dans les m\u00e9tiers du sol, des structures et du nucl\u00e9aire\",\"publisher\":{\"@id\":\"https:\/\/www.soletanchefreyssinet.com\/es\/#organization\"},\"potentialAction\":[{\"@type\":\"SearchAction\",\"target\":{\"@type\":\"EntryPoint\",\"urlTemplate\":\"https:\/\/www.soletanchefreyssinet.com\/es\/?s={search_term_string}\"},\"query-input\":{\"@type\":\"PropertyValueSpecification\",\"valueRequired\":true,\"valueName\":\"search_term_string\"}}],\"inLanguage\":\"es\"},{\"@type\":\"Organization\",\"@id\":\"https:\/\/www.soletanchefreyssinet.com\/es\/#organization\",\"name\":\"Soletanche freyssinet\",\"url\":\"https:\/\/www.soletanchefreyssinet.com\/es\/\",\"logo\":{\"@type\":\"ImageObject\",\"inLanguage\":\"es\",\"@id\":\"https:\/\/www.soletanchefreyssinet.com\/es\/#\/schema\/logo\/image\/\",\"url\":\"https:\/\/www.soletanchefreyssinet.com\/wp-content\/uploads\/2020\/07\/SOLETANCHE_FREYSSINET_BOT_GB_V_RVB.gif\",\"contentUrl\":\"https:\/\/www.soletanchefreyssinet.com\/wp-content\/uploads\/2020\/07\/SOLETANCHE_FREYSSINET_BOT_GB_V_RVB.gif\",\"width\":355,\"height\":162,\"caption\":\"Soletanche freyssinet\"},\"image\":{\"@id\":\"https:\/\/www.soletanchefreyssinet.com\/es\/#\/schema\/logo\/image\/\"},\"sameAs\":[\"https:\/\/www.facebook.com\/soletanchefreyssinet.group\"]}]}<\/script>\n<!-- \/ Yoast SEO plugin. -->","yoast_head_json":{"title":"Con Sixense, Soletanche Freyssinet es un l\u00edder mundial del digital","description":"Sixense se especializa en el monitoreo, el diagn\u00f3stico y la modelizaci\u00f3n de las estructuras e infraestructuras.","robots":{"index":"index","follow":"follow","max-snippet":"max-snippet:-1","max-image-preview":"max-image-preview:large","max-video-preview":"max-video-preview:-1"},"canonical":"https:\/\/www.soletanchefreyssinet.com\/es\/ambitos-de-actividad\/3484-2\/","og_locale":"es_ES","og_type":"article","og_title":"Con Sixense, Soletanche Freyssinet es un l\u00edder mundial del digital","og_description":"Sixense se especializa en el monitoreo, el diagn\u00f3stico y la modelizaci\u00f3n de las estructuras e infraestructuras.","og_url":"https:\/\/www.soletanchefreyssinet.com\/es\/ambitos-de-actividad\/3484-2\/","og_site_name":"Soletanche Freyssinet","article_publisher":"https:\/\/www.facebook.com\/soletanchefreyssinet.group","article_modified_time":"2020-09-17T18:23:45+00:00","og_image":[{"width":355,"height":162,"url":"https:\/\/www.soletanchefreyssinet.com\/wp-content\/uploads\/2020\/07\/SOLETANCHE_FREYSSINET_BOT_GB_V_RVB.gif","type":"image\/gif"}],"twitter_card":"summary_large_image","schema":{"@context":"https:\/\/schema.org","@graph":[{"@type":"WebPage","@id":"https:\/\/www.soletanchefreyssinet.com\/es\/ambitos-de-actividad\/3484-2\/","url":"https:\/\/www.soletanchefreyssinet.com\/es\/ambitos-de-actividad\/3484-2\/","name":"Con Sixense, Soletanche Freyssinet es un l\u00edder mundial del digital","isPartOf":{"@id":"https:\/\/www.soletanchefreyssinet.com\/es\/#website"},"datePublished":"2020-09-04T14:51:33+00:00","dateModified":"2020-09-17T18:23:45+00:00","description":"Sixense se especializa en el monitoreo, el diagn\u00f3stico y la modelizaci\u00f3n de las estructuras e infraestructuras.","breadcrumb":{"@id":"https:\/\/www.soletanchefreyssinet.com\/es\/ambitos-de-actividad\/3484-2\/#breadcrumb"},"inLanguage":"es","potentialAction":[{"@type":"ReadAction","target":["https:\/\/www.soletanchefreyssinet.com\/es\/ambitos-de-actividad\/3484-2\/"]}]},{"@type":"BreadcrumbList","@id":"https:\/\/www.soletanchefreyssinet.com\/es\/ambitos-de-actividad\/3484-2\/#breadcrumb","itemListElement":[{"@type":"ListItem","position":1,"name":"Accueil","item":"https:\/\/www.soletanchefreyssinet.com\/es\/"},{"@type":"ListItem","position":2,"name":"\u00c1mbitos de actividad","item":"https:\/\/www.soletanchefreyssinet.com\/es\/ambitos-de-actividad\/"},{"@type":"ListItem","position":3,"name":"Digital"}]},{"@type":"WebSite","@id":"https:\/\/www.soletanchefreyssinet.com\/es\/#website","url":"https:\/\/www.soletanchefreyssinet.com\/es\/","name":"Soletanche Freyssinet","description":"Leader mondial dans les m\u00e9tiers du sol, des structures et du nucl\u00e9aire","publisher":{"@id":"https:\/\/www.soletanchefreyssinet.com\/es\/#organization"},"potentialAction":[{"@type":"SearchAction","target":{"@type":"EntryPoint","urlTemplate":"https:\/\/www.soletanchefreyssinet.com\/es\/?s={search_term_string}"},"query-input":{"@type":"PropertyValueSpecification","valueRequired":true,"valueName":"search_term_string"}}],"inLanguage":"es"},{"@type":"Organization","@id":"https:\/\/www.soletanchefreyssinet.com\/es\/#organization","name":"Soletanche freyssinet","url":"https:\/\/www.soletanchefreyssinet.com\/es\/","logo":{"@type":"ImageObject","inLanguage":"es","@id":"https:\/\/www.soletanchefreyssinet.com\/es\/#\/schema\/logo\/image\/","url":"https:\/\/www.soletanchefreyssinet.com\/wp-content\/uploads\/2020\/07\/SOLETANCHE_FREYSSINET_BOT_GB_V_RVB.gif","contentUrl":"https:\/\/www.soletanchefreyssinet.com\/wp-content\/uploads\/2020\/07\/SOLETANCHE_FREYSSINET_BOT_GB_V_RVB.gif","width":355,"height":162,"caption":"Soletanche freyssinet"},"image":{"@id":"https:\/\/www.soletanchefreyssinet.com\/es\/#\/schema\/logo\/image\/"},"sameAs":["https:\/\/www.facebook.com\/soletanchefreyssinet.group"]}]}},"_links":{"self":[{"href":"https:\/\/www.soletanchefreyssinet.com\/es\/wp-json\/wp\/v2\/pages\/3484","targetHints":{"allow":["GET"]}}],"collection":[{"href":"https:\/\/www.soletanchefreyssinet.com\/es\/wp-json\/wp\/v2\/pages"}],"about":[{"href":"https:\/\/www.soletanchefreyssinet.com\/es\/wp-json\/wp\/v2\/types\/page"}],"author":[{"embeddable":true,"href":"https:\/\/www.soletanchefreyssinet.com\/es\/wp-json\/wp\/v2\/users\/5"}],"replies":[{"embeddable":true,"href":"https:\/\/www.soletanchefreyssinet.com\/es\/wp-json\/wp\/v2\/comments?post=3484"}],"version-history":[{"count":0,"href":"https:\/\/www.soletanchefreyssinet.com\/es\/wp-json\/wp\/v2\/pages\/3484\/revisions"}],"up":[{"embeddable":true,"href":"https:\/\/www.soletanchefreyssinet.com\/es\/wp-json\/wp\/v2\/pages\/2817"}],"wp:attachment":[{"href":"https:\/\/www.soletanchefreyssinet.com\/es\/wp-json\/wp\/v2\/media?parent=3484"}],"curies":[{"name":"wp","href":"https:\/\/api.w.org\/{rel}","templated":true}]}}