{"id":3523,"date":"2020-09-04T17:33:10","date_gmt":"2020-09-04T15:33:10","guid":{"rendered":"https:\/\/www.soletanchefreyssinet.com\/?page_id=3523"},"modified":"2020-09-07T11:47:32","modified_gmt":"2020-09-07T09:47:32","slug":"nucleaire","status":"publish","type":"page","link":"https:\/\/www.soletanchefreyssinet.com\/es\/ambitos-de-actividad\/nucleaire\/","title":{"rendered":"Nuclear"},"content":{"rendered":"<div class=\"fusion-fullwidth fullwidth-box fusion-builder-row-1 nonhundred-percent-fullwidth non-hundred-percent-height-scrolling\" style=\"--awb-border-radius-top-left:0px;--awb-border-radius-top-right:0px;--awb-border-radius-bottom-right:0px;--awb-border-radius-bottom-left:0px;--awb-flex-wrap:wrap;\" ><div class=\"fusion-builder-row fusion-row\"><div class=\"fusion-layout-column fusion_builder_column fusion-builder-column-0 fusion_builder_column_1_3 1_3 fusion-one-third fusion-column-first\" style=\"--awb-bg-size:cover;width:33.333333333333%;width:calc(33.333333333333% - ( ( 4% ) * 0.33333333333333 ) );margin-right: 4%;\"><div class=\"fusion-column-wrapper fusion-column-has-shadow fusion-flex-column-wrapper-legacy\"><div class=\"fusion-image-carousel fusion-image-carousel-auto fusion-image-carousel-1 lightbox-enabled\"><div class=\"awb-carousel awb-swiper awb-swiper-carousel awb-carousel--carousel awb-swiper-dots-position-bottom\" data-layout=\"carousel\" data-autoplay=\"yes\" data-autoplayspeed=\"2500\" data-autoplaypause=\"no\" data-columns=\"1\" data-columnsmedium=\"1\" data-columnssmall=\"1\" data-itemmargin=\"5\" data-itemwidth=\"180\" data-touchscroll=\"no\" data-freemode=\"no\" data-imagesize=\"auto\" data-scrollitems=\"0\" data-centeredslides=\"no\" data-rotationangle=\"50\" data-depth=\"100\" data-speed=\"500\" data-shadow=\"no\" data-pagination=\"bullets\" style=\"--awb-columns:1;--awb-column-spacing:5px;\"><div class=\"swiper-wrapper awb-image-carousel-wrapper fusion-flex-align-items-center\"><div class=\"swiper-slide\"><div class=\"fusion-carousel-item-wrapper\"><div class=\"fusion-image-wrapper hover-type-none\"><a data-rel=\"iLightbox[image_carousel_1]\" data-title=\"Nuvia_4\" aria-label=\"Nuvia_4\" href=\"https:\/\/www.soletanchefreyssinet.com\/wp-content\/uploads\/2020\/09\/Nuvia_4-400x467.png\" target=\"_self\"><img decoding=\"async\" width=\"480\" height=\"560\" src=\"https:\/\/www.soletanchefreyssinet.com\/wp-content\/uploads\/2020\/09\/Nuvia_4.png\" class=\"attachment-full size-full lazyload\" alt=\"\" srcset=\"data:image\/svg+xml,%3Csvg%20xmlns%3D%27http%3A%2F%2Fwww.w3.org%2F2000%2Fsvg%27%20width%3D%27480%27%20height%3D%27560%27%20viewBox%3D%270%200%20480%20560%27%3E%3Crect%20width%3D%27480%27%20height%3D%27560%27%20fill-opacity%3D%220%22%2F%3E%3C%2Fsvg%3E\" data-orig-src=\"https:\/\/www.soletanchefreyssinet.com\/wp-content\/uploads\/2020\/09\/Nuvia_4.png\" data-srcset=\"https:\/\/www.soletanchefreyssinet.com\/wp-content\/uploads\/2020\/09\/Nuvia_4-200x233.png 200w, https:\/\/www.soletanchefreyssinet.com\/wp-content\/uploads\/2020\/09\/Nuvia_4-257x300.png 257w, https:\/\/www.soletanchefreyssinet.com\/wp-content\/uploads\/2020\/09\/Nuvia_4-400x467.png 400w, https:\/\/www.soletanchefreyssinet.com\/wp-content\/uploads\/2020\/09\/Nuvia_4.png 480w\" data-sizes=\"auto\" \/><\/a><\/div><\/div><\/div><div class=\"swiper-slide\"><div class=\"fusion-carousel-item-wrapper\"><div class=\"fusion-image-wrapper hover-type-none\"><a data-rel=\"iLightbox[image_carousel_1]\" data-title=\"Nuvia_3\" aria-label=\"Nuvia_3\" href=\"https:\/\/www.soletanchefreyssinet.com\/wp-content\/uploads\/2020\/09\/Nuvia_3-400x467.png\" target=\"_self\"><img decoding=\"async\" width=\"480\" height=\"560\" src=\"https:\/\/www.soletanchefreyssinet.com\/wp-content\/uploads\/2020\/09\/Nuvia_3.png\" class=\"attachment-full size-full lazyload\" alt=\"\" srcset=\"data:image\/svg+xml,%3Csvg%20xmlns%3D%27http%3A%2F%2Fwww.w3.org%2F2000%2Fsvg%27%20width%3D%27480%27%20height%3D%27560%27%20viewBox%3D%270%200%20480%20560%27%3E%3Crect%20width%3D%27480%27%20height%3D%27560%27%20fill-opacity%3D%220%22%2F%3E%3C%2Fsvg%3E\" data-orig-src=\"https:\/\/www.soletanchefreyssinet.com\/wp-content\/uploads\/2020\/09\/Nuvia_3.png\" data-srcset=\"https:\/\/www.soletanchefreyssinet.com\/wp-content\/uploads\/2020\/09\/Nuvia_3-200x233.png 200w, https:\/\/www.soletanchefreyssinet.com\/wp-content\/uploads\/2020\/09\/Nuvia_3-257x300.png 257w, https:\/\/www.soletanchefreyssinet.com\/wp-content\/uploads\/2020\/09\/Nuvia_3-400x467.png 400w, https:\/\/www.soletanchefreyssinet.com\/wp-content\/uploads\/2020\/09\/Nuvia_3.png 480w\" data-sizes=\"auto\" \/><\/a><\/div><\/div><\/div><div class=\"swiper-slide\"><div class=\"fusion-carousel-item-wrapper\"><div class=\"fusion-image-wrapper hover-type-none\"><a data-rel=\"iLightbox[image_carousel_1]\" data-title=\"Nuvia_2\" aria-label=\"Nuvia_2\" href=\"https:\/\/www.soletanchefreyssinet.com\/wp-content\/uploads\/2020\/09\/Nuvia_2-400x468.png\" target=\"_self\"><img decoding=\"async\" width=\"480\" height=\"561\" src=\"https:\/\/www.soletanchefreyssinet.com\/wp-content\/uploads\/2020\/09\/Nuvia_2.png\" class=\"attachment-full size-full lazyload\" alt=\"\" srcset=\"data:image\/svg+xml,%3Csvg%20xmlns%3D%27http%3A%2F%2Fwww.w3.org%2F2000%2Fsvg%27%20width%3D%27480%27%20height%3D%27561%27%20viewBox%3D%270%200%20480%20561%27%3E%3Crect%20width%3D%27480%27%20height%3D%27561%27%20fill-opacity%3D%220%22%2F%3E%3C%2Fsvg%3E\" data-orig-src=\"https:\/\/www.soletanchefreyssinet.com\/wp-content\/uploads\/2020\/09\/Nuvia_2.png\" data-srcset=\"https:\/\/www.soletanchefreyssinet.com\/wp-content\/uploads\/2020\/09\/Nuvia_2-200x234.png 200w, https:\/\/www.soletanchefreyssinet.com\/wp-content\/uploads\/2020\/09\/Nuvia_2-257x300.png 257w, https:\/\/www.soletanchefreyssinet.com\/wp-content\/uploads\/2020\/09\/Nuvia_2-400x468.png 400w, https:\/\/www.soletanchefreyssinet.com\/wp-content\/uploads\/2020\/09\/Nuvia_2.png 480w\" data-sizes=\"auto\" \/><\/a><\/div><\/div><\/div><div class=\"swiper-slide\"><div class=\"fusion-carousel-item-wrapper\"><div class=\"fusion-image-wrapper hover-type-none\"><a data-rel=\"iLightbox[image_carousel_1]\" data-title=\"Nuvia_1\" aria-label=\"Nuvia_1\" href=\"https:\/\/www.soletanchefreyssinet.com\/wp-content\/uploads\/2020\/09\/Nuvia_1-400x467.png\" target=\"_self\"><img decoding=\"async\" width=\"480\" height=\"560\" src=\"https:\/\/www.soletanchefreyssinet.com\/wp-content\/uploads\/2020\/09\/Nuvia_1.png\" class=\"attachment-full size-full lazyload\" alt=\"\" srcset=\"data:image\/svg+xml,%3Csvg%20xmlns%3D%27http%3A%2F%2Fwww.w3.org%2F2000%2Fsvg%27%20width%3D%27480%27%20height%3D%27560%27%20viewBox%3D%270%200%20480%20560%27%3E%3Crect%20width%3D%27480%27%20height%3D%27560%27%20fill-opacity%3D%220%22%2F%3E%3C%2Fsvg%3E\" data-orig-src=\"https:\/\/www.soletanchefreyssinet.com\/wp-content\/uploads\/2020\/09\/Nuvia_1.png\" data-srcset=\"https:\/\/www.soletanchefreyssinet.com\/wp-content\/uploads\/2020\/09\/Nuvia_1-200x233.png 200w, https:\/\/www.soletanchefreyssinet.com\/wp-content\/uploads\/2020\/09\/Nuvia_1-257x300.png 257w, https:\/\/www.soletanchefreyssinet.com\/wp-content\/uploads\/2020\/09\/Nuvia_1-400x467.png 400w, https:\/\/www.soletanchefreyssinet.com\/wp-content\/uploads\/2020\/09\/Nuvia_1.png 480w\" data-sizes=\"auto\" \/><\/a><\/div><\/div><\/div><\/div><div class=\"awb-swiper-button awb-swiper-button-prev\"><i class=\"awb-icon-angle-left\" aria-hidden=\"true\"><\/i><\/div><div class=\"awb-swiper-button awb-swiper-button-next\"><i class=\"awb-icon-angle-right\" aria-hidden=\"true\"><\/i><\/div><\/div><\/div><div class=\"fusion-clearfix\"><\/div><\/div><\/div><div class=\"fusion-layout-column fusion_builder_column fusion-builder-column-1 fusion_builder_column_2_3 2_3 fusion-two-third fusion-column-last\" style=\"--awb-bg-size:cover;width:66.666666666667%;width:calc(66.666666666667% - ( ( 4% ) * 0.66666666666667 ) );\"><div class=\"fusion-column-wrapper fusion-column-has-shadow fusion-flex-column-wrapper-legacy\"><div class=\"fusion-text fusion-text-1\"><h3>NUCLEAR<\/h3>\n<p>Con <a href=\"https:\/\/www.soletanchefreyssinet.com\/es\/our-brands\/nuvia\/\">Nuvia<\/a>, Soletanche Freyssinet cuenta con un <strong>especialista del \u00e1mbito nuclear civil y militar<\/strong> (defensa, medicina, centrales nucleares, industria, etc.) que <strong>acompa\u00f1a a sus clientes en entornos sensibles y muy regulados en todas las etapas del ciclo de vida de las instalaciones<\/strong>: desde la construcci\u00f3n hasta la gesti\u00f3n de residuos y la prolongaci\u00f3n de la vida \u00fatil, pasando por la explotaci\u00f3n de las instalaciones y su desmantelamiento, garantizando en todo momento un nivel de excelencia y de cumplimiento de las exigencias en materia de seguridad y protecci\u00f3n.<\/p>\n<\/div><div class=\"fusion-clearfix\"><\/div><\/div><\/div><\/div><\/div>\n","protected":false},"excerpt":{"rendered":"","protected":false},"author":4,"featured_media":0,"parent":2817,"menu_order":0,"comment_status":"closed","ping_status":"closed","template":"","meta":{"_acf_changed":false,"inline_featured_image":false,"footnotes":""},"class_list":["post-3523","page","type-page","status-publish","hentry"],"acf":[],"yoast_head":"<!-- This site is optimized with the Yoast SEO plugin v27.2 - https:\/\/yoast.com\/product\/yoast-seo-wordpress\/ -->\n<title>Nuvia, la filial de Soletanche Freyssinet especializada en el nuclear<\/title>\n<meta name=\"description\" content=\"Con Nuvia, Soletanche Freyssinet cuenta con un especialista del nuclear civil y militar, quien acompa\u00f1a a sus clientes en \u00e1mbitos sensibles.\" \/>\n<meta name=\"robots\" content=\"index, follow, max-snippet:-1, max-image-preview:large, max-video-preview:-1\" \/>\n<link rel=\"canonical\" href=\"https:\/\/www.soletanchefreyssinet.com\/es\/ambitos-de-actividad\/nucleaire\/\" \/>\n<meta property=\"og:locale\" content=\"es_ES\" \/>\n<meta property=\"og:type\" content=\"article\" \/>\n<meta property=\"og:title\" content=\"Nuvia, la filial de Soletanche Freyssinet especializada en el nuclear\" \/>\n<meta property=\"og:description\" content=\"Con Nuvia, Soletanche Freyssinet cuenta con un especialista del nuclear civil y militar, quien acompa\u00f1a a sus clientes en \u00e1mbitos sensibles.\" \/>\n<meta property=\"og:url\" content=\"https:\/\/www.soletanchefreyssinet.com\/es\/ambitos-de-actividad\/nucleaire\/\" \/>\n<meta property=\"og:site_name\" content=\"Soletanche Freyssinet\" \/>\n<meta property=\"article:publisher\" content=\"https:\/\/www.facebook.com\/soletanchefreyssinet.group\" \/>\n<meta property=\"article:modified_time\" content=\"2020-09-07T09:47:32+00:00\" \/>\n<meta property=\"og:image\" content=\"https:\/\/www.soletanchefreyssinet.com\/wp-content\/uploads\/2020\/07\/SOLETANCHE_FREYSSINET_BOT_GB_V_RVB.gif\" \/>\n\t<meta property=\"og:image:width\" content=\"355\" \/>\n\t<meta property=\"og:image:height\" content=\"162\" \/>\n\t<meta property=\"og:image:type\" content=\"image\/gif\" \/>\n<meta name=\"twitter:card\" content=\"summary_large_image\" \/>\n<script type=\"application\/ld+json\" class=\"yoast-schema-graph\">{\"@context\":\"https:\/\/schema.org\",\"@graph\":[{\"@type\":\"WebPage\",\"@id\":\"https:\/\/www.soletanchefreyssinet.com\/es\/ambitos-de-actividad\/nucleaire\/\",\"url\":\"https:\/\/www.soletanchefreyssinet.com\/es\/ambitos-de-actividad\/nucleaire\/\",\"name\":\"Nuvia, la filial de Soletanche Freyssinet especializada en el nuclear\",\"isPartOf\":{\"@id\":\"https:\/\/www.soletanchefreyssinet.com\/es\/#website\"},\"datePublished\":\"2020-09-04T15:33:10+00:00\",\"dateModified\":\"2020-09-07T09:47:32+00:00\",\"description\":\"Con Nuvia, Soletanche Freyssinet cuenta con un especialista del nuclear civil y militar, quien acompa\u00f1a a sus clientes en \u00e1mbitos sensibles.\",\"breadcrumb\":{\"@id\":\"https:\/\/www.soletanchefreyssinet.com\/es\/ambitos-de-actividad\/nucleaire\/#breadcrumb\"},\"inLanguage\":\"es\",\"potentialAction\":[{\"@type\":\"ReadAction\",\"target\":[\"https:\/\/www.soletanchefreyssinet.com\/es\/ambitos-de-actividad\/nucleaire\/\"]}]},{\"@type\":\"BreadcrumbList\",\"@id\":\"https:\/\/www.soletanchefreyssinet.com\/es\/ambitos-de-actividad\/nucleaire\/#breadcrumb\",\"itemListElement\":[{\"@type\":\"ListItem\",\"position\":1,\"name\":\"Accueil\",\"item\":\"https:\/\/www.soletanchefreyssinet.com\/es\/\"},{\"@type\":\"ListItem\",\"position\":2,\"name\":\"\u00c1mbitos de actividad\",\"item\":\"https:\/\/www.soletanchefreyssinet.com\/es\/ambitos-de-actividad\/\"},{\"@type\":\"ListItem\",\"position\":3,\"name\":\"Nuclear\"}]},{\"@type\":\"WebSite\",\"@id\":\"https:\/\/www.soletanchefreyssinet.com\/es\/#website\",\"url\":\"https:\/\/www.soletanchefreyssinet.com\/es\/\",\"name\":\"Soletanche Freyssinet\",\"description\":\"Leader mondial dans les m\u00e9tiers du sol, des structures et du nucl\u00e9aire\",\"publisher\":{\"@id\":\"https:\/\/www.soletanchefreyssinet.com\/es\/#organization\"},\"potentialAction\":[{\"@type\":\"SearchAction\",\"target\":{\"@type\":\"EntryPoint\",\"urlTemplate\":\"https:\/\/www.soletanchefreyssinet.com\/es\/?s={search_term_string}\"},\"query-input\":{\"@type\":\"PropertyValueSpecification\",\"valueRequired\":true,\"valueName\":\"search_term_string\"}}],\"inLanguage\":\"es\"},{\"@type\":\"Organization\",\"@id\":\"https:\/\/www.soletanchefreyssinet.com\/es\/#organization\",\"name\":\"Soletanche freyssinet\",\"url\":\"https:\/\/www.soletanchefreyssinet.com\/es\/\",\"logo\":{\"@type\":\"ImageObject\",\"inLanguage\":\"es\",\"@id\":\"https:\/\/www.soletanchefreyssinet.com\/es\/#\/schema\/logo\/image\/\",\"url\":\"https:\/\/www.soletanchefreyssinet.com\/wp-content\/uploads\/2020\/07\/SOLETANCHE_FREYSSINET_BOT_GB_V_RVB.gif\",\"contentUrl\":\"https:\/\/www.soletanchefreyssinet.com\/wp-content\/uploads\/2020\/07\/SOLETANCHE_FREYSSINET_BOT_GB_V_RVB.gif\",\"width\":355,\"height\":162,\"caption\":\"Soletanche freyssinet\"},\"image\":{\"@id\":\"https:\/\/www.soletanchefreyssinet.com\/es\/#\/schema\/logo\/image\/\"},\"sameAs\":[\"https:\/\/www.facebook.com\/soletanchefreyssinet.group\"]}]}<\/script>\n<!-- \/ Yoast SEO plugin. -->","yoast_head_json":{"title":"Nuvia, la filial de Soletanche Freyssinet especializada en el nuclear","description":"Con Nuvia, Soletanche Freyssinet cuenta con un especialista del nuclear civil y militar, quien acompa\u00f1a a sus clientes en \u00e1mbitos sensibles.","robots":{"index":"index","follow":"follow","max-snippet":"max-snippet:-1","max-image-preview":"max-image-preview:large","max-video-preview":"max-video-preview:-1"},"canonical":"https:\/\/www.soletanchefreyssinet.com\/es\/ambitos-de-actividad\/nucleaire\/","og_locale":"es_ES","og_type":"article","og_title":"Nuvia, la filial de Soletanche Freyssinet especializada en el nuclear","og_description":"Con Nuvia, Soletanche Freyssinet cuenta con un especialista del nuclear civil y militar, quien acompa\u00f1a a sus clientes en \u00e1mbitos sensibles.","og_url":"https:\/\/www.soletanchefreyssinet.com\/es\/ambitos-de-actividad\/nucleaire\/","og_site_name":"Soletanche Freyssinet","article_publisher":"https:\/\/www.facebook.com\/soletanchefreyssinet.group","article_modified_time":"2020-09-07T09:47:32+00:00","og_image":[{"width":355,"height":162,"url":"https:\/\/www.soletanchefreyssinet.com\/wp-content\/uploads\/2020\/07\/SOLETANCHE_FREYSSINET_BOT_GB_V_RVB.gif","type":"image\/gif"}],"twitter_card":"summary_large_image","schema":{"@context":"https:\/\/schema.org","@graph":[{"@type":"WebPage","@id":"https:\/\/www.soletanchefreyssinet.com\/es\/ambitos-de-actividad\/nucleaire\/","url":"https:\/\/www.soletanchefreyssinet.com\/es\/ambitos-de-actividad\/nucleaire\/","name":"Nuvia, la filial de Soletanche Freyssinet especializada en el nuclear","isPartOf":{"@id":"https:\/\/www.soletanchefreyssinet.com\/es\/#website"},"datePublished":"2020-09-04T15:33:10+00:00","dateModified":"2020-09-07T09:47:32+00:00","description":"Con Nuvia, Soletanche Freyssinet cuenta con un especialista del nuclear civil y militar, quien acompa\u00f1a a sus clientes en \u00e1mbitos sensibles.","breadcrumb":{"@id":"https:\/\/www.soletanchefreyssinet.com\/es\/ambitos-de-actividad\/nucleaire\/#breadcrumb"},"inLanguage":"es","potentialAction":[{"@type":"ReadAction","target":["https:\/\/www.soletanchefreyssinet.com\/es\/ambitos-de-actividad\/nucleaire\/"]}]},{"@type":"BreadcrumbList","@id":"https:\/\/www.soletanchefreyssinet.com\/es\/ambitos-de-actividad\/nucleaire\/#breadcrumb","itemListElement":[{"@type":"ListItem","position":1,"name":"Accueil","item":"https:\/\/www.soletanchefreyssinet.com\/es\/"},{"@type":"ListItem","position":2,"name":"\u00c1mbitos de actividad","item":"https:\/\/www.soletanchefreyssinet.com\/es\/ambitos-de-actividad\/"},{"@type":"ListItem","position":3,"name":"Nuclear"}]},{"@type":"WebSite","@id":"https:\/\/www.soletanchefreyssinet.com\/es\/#website","url":"https:\/\/www.soletanchefreyssinet.com\/es\/","name":"Soletanche Freyssinet","description":"Leader mondial dans les m\u00e9tiers du sol, des structures et du nucl\u00e9aire","publisher":{"@id":"https:\/\/www.soletanchefreyssinet.com\/es\/#organization"},"potentialAction":[{"@type":"SearchAction","target":{"@type":"EntryPoint","urlTemplate":"https:\/\/www.soletanchefreyssinet.com\/es\/?s={search_term_string}"},"query-input":{"@type":"PropertyValueSpecification","valueRequired":true,"valueName":"search_term_string"}}],"inLanguage":"es"},{"@type":"Organization","@id":"https:\/\/www.soletanchefreyssinet.com\/es\/#organization","name":"Soletanche freyssinet","url":"https:\/\/www.soletanchefreyssinet.com\/es\/","logo":{"@type":"ImageObject","inLanguage":"es","@id":"https:\/\/www.soletanchefreyssinet.com\/es\/#\/schema\/logo\/image\/","url":"https:\/\/www.soletanchefreyssinet.com\/wp-content\/uploads\/2020\/07\/SOLETANCHE_FREYSSINET_BOT_GB_V_RVB.gif","contentUrl":"https:\/\/www.soletanchefreyssinet.com\/wp-content\/uploads\/2020\/07\/SOLETANCHE_FREYSSINET_BOT_GB_V_RVB.gif","width":355,"height":162,"caption":"Soletanche freyssinet"},"image":{"@id":"https:\/\/www.soletanchefreyssinet.com\/es\/#\/schema\/logo\/image\/"},"sameAs":["https:\/\/www.facebook.com\/soletanchefreyssinet.group"]}]}},"_links":{"self":[{"href":"https:\/\/www.soletanchefreyssinet.com\/es\/wp-json\/wp\/v2\/pages\/3523","targetHints":{"allow":["GET"]}}],"collection":[{"href":"https:\/\/www.soletanchefreyssinet.com\/es\/wp-json\/wp\/v2\/pages"}],"about":[{"href":"https:\/\/www.soletanchefreyssinet.com\/es\/wp-json\/wp\/v2\/types\/page"}],"author":[{"embeddable":true,"href":"https:\/\/www.soletanchefreyssinet.com\/es\/wp-json\/wp\/v2\/users\/4"}],"replies":[{"embeddable":true,"href":"https:\/\/www.soletanchefreyssinet.com\/es\/wp-json\/wp\/v2\/comments?post=3523"}],"version-history":[{"count":0,"href":"https:\/\/www.soletanchefreyssinet.com\/es\/wp-json\/wp\/v2\/pages\/3523\/revisions"}],"up":[{"embeddable":true,"href":"https:\/\/www.soletanchefreyssinet.com\/es\/wp-json\/wp\/v2\/pages\/2817"}],"wp:attachment":[{"href":"https:\/\/www.soletanchefreyssinet.com\/es\/wp-json\/wp\/v2\/media?parent=3523"}],"curies":[{"name":"wp","href":"https:\/\/api.w.org\/{rel}","templated":true}]}}