{"id":3528,"date":"2020-06-19T09:26:44","date_gmt":"2020-06-19T07:26:44","guid":{"rendered":"https:\/\/www.soletanchefreyssinet.com\/?page_id=3528"},"modified":"2025-01-17T15:33:35","modified_gmt":"2025-01-17T14:33:35","slug":"structures","status":"publish","type":"page","link":"https:\/\/www.soletanchefreyssinet.com\/es\/ambitos-de-actividad\/structures\/","title":{"rendered":"Estructuras"},"content":{"rendered":"<div class=\"fusion-fullwidth fullwidth-box fusion-builder-row-1 nonhundred-percent-fullwidth non-hundred-percent-height-scrolling\" style=\"--awb-border-radius-top-left:0px;--awb-border-radius-top-right:0px;--awb-border-radius-bottom-right:0px;--awb-border-radius-bottom-left:0px;--awb-flex-wrap:wrap;\" ><div class=\"fusion-builder-row fusion-row\"><div class=\"fusion-layout-column fusion_builder_column fusion-builder-column-0 fusion_builder_column_1_3 1_3 fusion-one-third fusion-column-first\" style=\"--awb-bg-size:cover;width:33.333333333333%;width:calc(33.333333333333% - ( ( 4% ) * 0.33333333333333 ) );margin-right: 4%;\"><div class=\"fusion-column-wrapper fusion-column-has-shadow fusion-flex-column-wrapper-legacy\"><div class=\"fusion-image-carousel fusion-image-carousel-auto fusion-image-carousel-1\"><div class=\"awb-carousel awb-swiper awb-swiper-carousel awb-carousel--carousel awb-swiper-dots-position-bottom\" data-layout=\"carousel\" data-autoplay=\"yes\" data-autoplayspeed=\"2500\" data-autoplaypause=\"no\" data-columns=\"1\" data-columnsmedium=\"1\" data-columnssmall=\"1\" data-itemmargin=\"13\" data-itemwidth=\"180\" data-touchscroll=\"drag\" data-freemode=\"no\" data-imagesize=\"auto\" data-scrollitems=\"0\" data-centeredslides=\"no\" data-rotationangle=\"50\" data-depth=\"100\" data-speed=\"500\" data-shadow=\"no\" data-pagination=\"bullets\" style=\"--awb-columns:1;\"><div class=\"swiper-wrapper awb-image-carousel-wrapper fusion-flex-align-items-center\"><div class=\"swiper-slide\"><div class=\"fusion-carousel-item-wrapper\"><div class=\"fusion-image-wrapper hover-type-none\"><img decoding=\"async\" width=\"480\" height=\"480\" src=\"https:\/\/www.soletanchefreyssinet.com\/wp-content\/uploads\/2020\/08\/Freyssinet-structures-560-x480.jpg\" class=\"attachment-full size-full lazyload\" alt=\"\" srcset=\"data:image\/svg+xml,%3Csvg%20xmlns%3D%27http%3A%2F%2Fwww.w3.org%2F2000%2Fsvg%27%20width%3D%27480%27%20height%3D%27480%27%20viewBox%3D%270%200%20480%20480%27%3E%3Crect%20width%3D%27480%27%20height%3D%27480%27%20fill-opacity%3D%220%22%2F%3E%3C%2Fsvg%3E\" data-orig-src=\"https:\/\/www.soletanchefreyssinet.com\/wp-content\/uploads\/2020\/08\/Freyssinet-structures-560-x480.jpg\" data-srcset=\"https:\/\/www.soletanchefreyssinet.com\/wp-content\/uploads\/2020\/08\/Freyssinet-structures-560-x480-66x66.jpg 66w, https:\/\/www.soletanchefreyssinet.com\/wp-content\/uploads\/2020\/08\/Freyssinet-structures-560-x480-150x150.jpg 150w, https:\/\/www.soletanchefreyssinet.com\/wp-content\/uploads\/2020\/08\/Freyssinet-structures-560-x480-200x200.jpg 200w, https:\/\/www.soletanchefreyssinet.com\/wp-content\/uploads\/2020\/08\/Freyssinet-structures-560-x480-300x300.jpg 300w, https:\/\/www.soletanchefreyssinet.com\/wp-content\/uploads\/2020\/08\/Freyssinet-structures-560-x480-400x400.jpg 400w, https:\/\/www.soletanchefreyssinet.com\/wp-content\/uploads\/2020\/08\/Freyssinet-structures-560-x480.jpg 480w\" data-sizes=\"auto\" \/><\/div><\/div><\/div><div class=\"swiper-slide\"><div class=\"fusion-carousel-item-wrapper\"><div class=\"fusion-image-wrapper hover-type-none\"><img decoding=\"async\" width=\"480\" height=\"480\" src=\"https:\/\/www.soletanchefreyssinet.com\/wp-content\/uploads\/2020\/08\/TA-structures-560-x480.jpg\" class=\"attachment-full size-full lazyload\" alt=\"\" srcset=\"data:image\/svg+xml,%3Csvg%20xmlns%3D%27http%3A%2F%2Fwww.w3.org%2F2000%2Fsvg%27%20width%3D%27480%27%20height%3D%27480%27%20viewBox%3D%270%200%20480%20480%27%3E%3Crect%20width%3D%27480%27%20height%3D%27480%27%20fill-opacity%3D%220%22%2F%3E%3C%2Fsvg%3E\" data-orig-src=\"https:\/\/www.soletanchefreyssinet.com\/wp-content\/uploads\/2020\/08\/TA-structures-560-x480.jpg\" data-srcset=\"https:\/\/www.soletanchefreyssinet.com\/wp-content\/uploads\/2020\/08\/TA-structures-560-x480-66x66.jpg 66w, https:\/\/www.soletanchefreyssinet.com\/wp-content\/uploads\/2020\/08\/TA-structures-560-x480-150x150.jpg 150w, https:\/\/www.soletanchefreyssinet.com\/wp-content\/uploads\/2020\/08\/TA-structures-560-x480-200x200.jpg 200w, https:\/\/www.soletanchefreyssinet.com\/wp-content\/uploads\/2020\/08\/TA-structures-560-x480-300x300.jpg 300w, https:\/\/www.soletanchefreyssinet.com\/wp-content\/uploads\/2020\/08\/TA-structures-560-x480-400x400.jpg 400w, https:\/\/www.soletanchefreyssinet.com\/wp-content\/uploads\/2020\/08\/TA-structures-560-x480.jpg 480w\" data-sizes=\"auto\" \/><\/div><\/div><\/div><div class=\"swiper-slide\"><div class=\"fusion-carousel-item-wrapper\"><div class=\"fusion-image-wrapper hover-type-none\"><img decoding=\"async\" width=\"480\" height=\"480\" src=\"https:\/\/www.soletanchefreyssinet.com\/wp-content\/uploads\/2020\/08\/ActivSkeen-structures-560-x480.jpg\" class=\"attachment-full size-full lazyload\" alt=\"\" srcset=\"data:image\/svg+xml,%3Csvg%20xmlns%3D%27http%3A%2F%2Fwww.w3.org%2F2000%2Fsvg%27%20width%3D%27480%27%20height%3D%27480%27%20viewBox%3D%270%200%20480%20480%27%3E%3Crect%20width%3D%27480%27%20height%3D%27480%27%20fill-opacity%3D%220%22%2F%3E%3C%2Fsvg%3E\" data-orig-src=\"https:\/\/www.soletanchefreyssinet.com\/wp-content\/uploads\/2020\/08\/ActivSkeen-structures-560-x480.jpg\" data-srcset=\"https:\/\/www.soletanchefreyssinet.com\/wp-content\/uploads\/2020\/08\/ActivSkeen-structures-560-x480-66x66.jpg 66w, https:\/\/www.soletanchefreyssinet.com\/wp-content\/uploads\/2020\/08\/ActivSkeen-structures-560-x480-150x150.jpg 150w, https:\/\/www.soletanchefreyssinet.com\/wp-content\/uploads\/2020\/08\/ActivSkeen-structures-560-x480-200x200.jpg 200w, https:\/\/www.soletanchefreyssinet.com\/wp-content\/uploads\/2020\/08\/ActivSkeen-structures-560-x480-300x300.jpg 300w, https:\/\/www.soletanchefreyssinet.com\/wp-content\/uploads\/2020\/08\/ActivSkeen-structures-560-x480-400x400.jpg 400w, https:\/\/www.soletanchefreyssinet.com\/wp-content\/uploads\/2020\/08\/ActivSkeen-structures-560-x480.jpg 480w\" data-sizes=\"auto\" \/><\/div><\/div><\/div><\/div><div class=\"awb-swiper-button awb-swiper-button-prev\"><i class=\"awb-icon-angle-left\" aria-hidden=\"true\"><\/i><\/div><div class=\"awb-swiper-button awb-swiper-button-next\"><i class=\"awb-icon-angle-right\" aria-hidden=\"true\"><\/i><\/div><\/div><\/div><div class=\"fusion-clearfix\"><\/div><\/div><\/div><div class=\"fusion-layout-column fusion_builder_column fusion-builder-column-1 fusion_builder_column_2_3 2_3 fusion-two-third fusion-column-last\" style=\"--awb-bg-size:cover;width:66.666666666667%;width:calc(66.666666666667% - ( ( 4% ) * 0.66666666666667 ) );\"><div class=\"fusion-column-wrapper fusion-column-has-shadow fusion-flex-column-wrapper-legacy\"><div class=\"fusion-text fusion-text-1\"><h3>ESTRUCTURAS<\/h3>\n<p>. Tanto en el campo de la construcci\u00f3n como en el de la reparaci\u00f3n, Soletanche Freyssinet dispone con <a href=\"https:\/\/www.soletanchefreyssinet.com\/es\/our-brands\/freyssinet\/\">Freyssinet<\/a> de una pericia sin igual en todas las obras de ingenier\u00eda civil especializada: pretensado, m\u00e9todos de construcci\u00f3n, estructuras cableadas, dispositivos de obra, refuerzo estructural, reparaci\u00f3n de hormigones, protecci\u00f3n de armaduras, protecci\u00f3n paras\u00edsmica y mantenimiento especializado.<\/p>\n<p>. <a href=\"https:\/\/www.soletanchefreyssinet.com\/es\/our-brands\/terre-armee\/\">Geoquest<\/a>\u00a0propone numerosas soluciones de b\u00f3vedas, arcos prefabricados y estructuras de contenci\u00f3n.<\/p>\n<p><strong>Al igual que en el \u00e1mbito de los suelos, estas empresas intervienen con todo tipo de clientes y de estructuras: puentes, pasarelas peatonales, puertos, presas, estacionamientos, metros, t\u00faneles, energ\u00eda, edificaci\u00f3n, carreteras y autopistas, ferrocarril, industria, ingenier\u00eda civil del agua, transporte del agua, etc.<\/strong><\/p>\n<\/div><div class=\"fusion-clearfix\"><\/div><\/div><\/div><\/div><\/div>\n","protected":false},"excerpt":{"rendered":"","protected":false},"author":4,"featured_media":0,"parent":2817,"menu_order":0,"comment_status":"closed","ping_status":"closed","template":"","meta":{"_acf_changed":false,"inline_featured_image":false,"footnotes":""},"class_list":["post-3528","page","type-page","status-publish","hentry"],"acf":[],"yoast_head":"<!-- This site is optimized with the Yoast SEO plugin v27.2 - https:\/\/yoast.com\/product\/yoast-seo-wordpress\/ -->\n<title>Soletanche Freyssinet, l\u00edder mundial de las estructuras y de la ingenier\u00eda<\/title>\n<meta name=\"description\" content=\"Numerosos campos de aplicaci\u00f3n: puertos, presas, metros, t\u00faneles, edificios, v\u00edas, ferrocarril, ind\u00fastria, ingenier\u00eda civil del agua...\" \/>\n<meta name=\"robots\" content=\"index, follow, max-snippet:-1, max-image-preview:large, max-video-preview:-1\" \/>\n<link rel=\"canonical\" href=\"https:\/\/www.soletanchefreyssinet.com\/es\/ambitos-de-actividad\/structures\/\" \/>\n<meta property=\"og:locale\" content=\"es_ES\" \/>\n<meta property=\"og:type\" content=\"article\" \/>\n<meta property=\"og:title\" content=\"Soletanche Freyssinet, l\u00edder mundial de las estructuras y de la ingenier\u00eda\" \/>\n<meta property=\"og:description\" content=\"Numerosos campos de aplicaci\u00f3n: puertos, presas, metros, t\u00faneles, edificios, v\u00edas, ferrocarril, ind\u00fastria, ingenier\u00eda civil del agua...\" \/>\n<meta property=\"og:url\" content=\"https:\/\/www.soletanchefreyssinet.com\/es\/ambitos-de-actividad\/structures\/\" \/>\n<meta property=\"og:site_name\" content=\"Soletanche Freyssinet\" \/>\n<meta property=\"article:publisher\" content=\"https:\/\/www.facebook.com\/soletanchefreyssinet.group\" \/>\n<meta property=\"article:modified_time\" content=\"2025-01-17T14:33:35+00:00\" \/>\n<meta property=\"og:image\" content=\"https:\/\/www.soletanchefreyssinet.com\/wp-content\/uploads\/2020\/07\/SOLETANCHE_FREYSSINET_BOT_GB_V_RVB.gif\" \/>\n\t<meta property=\"og:image:width\" content=\"355\" \/>\n\t<meta property=\"og:image:height\" content=\"162\" \/>\n\t<meta property=\"og:image:type\" content=\"image\/gif\" \/>\n<meta name=\"twitter:card\" content=\"summary_large_image\" \/>\n<script type=\"application\/ld+json\" class=\"yoast-schema-graph\">{\"@context\":\"https:\/\/schema.org\",\"@graph\":[{\"@type\":\"WebPage\",\"@id\":\"https:\/\/www.soletanchefreyssinet.com\/es\/ambitos-de-actividad\/structures\/\",\"url\":\"https:\/\/www.soletanchefreyssinet.com\/es\/ambitos-de-actividad\/structures\/\",\"name\":\"Soletanche Freyssinet, l\u00edder mundial de las estructuras y de la ingenier\u00eda\",\"isPartOf\":{\"@id\":\"https:\/\/www.soletanchefreyssinet.com\/es\/#website\"},\"datePublished\":\"2020-06-19T07:26:44+00:00\",\"dateModified\":\"2025-01-17T14:33:35+00:00\",\"description\":\"Numerosos campos de aplicaci\u00f3n: puertos, presas, metros, t\u00faneles, edificios, v\u00edas, ferrocarril, ind\u00fastria, ingenier\u00eda civil del agua...\",\"breadcrumb\":{\"@id\":\"https:\/\/www.soletanchefreyssinet.com\/es\/ambitos-de-actividad\/structures\/#breadcrumb\"},\"inLanguage\":\"es\",\"potentialAction\":[{\"@type\":\"ReadAction\",\"target\":[\"https:\/\/www.soletanchefreyssinet.com\/es\/ambitos-de-actividad\/structures\/\"]}]},{\"@type\":\"BreadcrumbList\",\"@id\":\"https:\/\/www.soletanchefreyssinet.com\/es\/ambitos-de-actividad\/structures\/#breadcrumb\",\"itemListElement\":[{\"@type\":\"ListItem\",\"position\":1,\"name\":\"Accueil\",\"item\":\"https:\/\/www.soletanchefreyssinet.com\/es\/\"},{\"@type\":\"ListItem\",\"position\":2,\"name\":\"\u00c1mbitos de actividad\",\"item\":\"https:\/\/www.soletanchefreyssinet.com\/es\/ambitos-de-actividad\/\"},{\"@type\":\"ListItem\",\"position\":3,\"name\":\"Estructuras\"}]},{\"@type\":\"WebSite\",\"@id\":\"https:\/\/www.soletanchefreyssinet.com\/es\/#website\",\"url\":\"https:\/\/www.soletanchefreyssinet.com\/es\/\",\"name\":\"Soletanche Freyssinet\",\"description\":\"Leader mondial dans les m\u00e9tiers du sol, des structures et du nucl\u00e9aire\",\"publisher\":{\"@id\":\"https:\/\/www.soletanchefreyssinet.com\/es\/#organization\"},\"potentialAction\":[{\"@type\":\"SearchAction\",\"target\":{\"@type\":\"EntryPoint\",\"urlTemplate\":\"https:\/\/www.soletanchefreyssinet.com\/es\/?s={search_term_string}\"},\"query-input\":{\"@type\":\"PropertyValueSpecification\",\"valueRequired\":true,\"valueName\":\"search_term_string\"}}],\"inLanguage\":\"es\"},{\"@type\":\"Organization\",\"@id\":\"https:\/\/www.soletanchefreyssinet.com\/es\/#organization\",\"name\":\"Soletanche freyssinet\",\"url\":\"https:\/\/www.soletanchefreyssinet.com\/es\/\",\"logo\":{\"@type\":\"ImageObject\",\"inLanguage\":\"es\",\"@id\":\"https:\/\/www.soletanchefreyssinet.com\/es\/#\/schema\/logo\/image\/\",\"url\":\"https:\/\/www.soletanchefreyssinet.com\/wp-content\/uploads\/2020\/07\/SOLETANCHE_FREYSSINET_BOT_GB_V_RVB.gif\",\"contentUrl\":\"https:\/\/www.soletanchefreyssinet.com\/wp-content\/uploads\/2020\/07\/SOLETANCHE_FREYSSINET_BOT_GB_V_RVB.gif\",\"width\":355,\"height\":162,\"caption\":\"Soletanche freyssinet\"},\"image\":{\"@id\":\"https:\/\/www.soletanchefreyssinet.com\/es\/#\/schema\/logo\/image\/\"},\"sameAs\":[\"https:\/\/www.facebook.com\/soletanchefreyssinet.group\"]}]}<\/script>\n<!-- \/ Yoast SEO plugin. -->","yoast_head_json":{"title":"Soletanche Freyssinet, l\u00edder mundial de las estructuras y de la ingenier\u00eda","description":"Numerosos campos de aplicaci\u00f3n: puertos, presas, metros, t\u00faneles, edificios, v\u00edas, ferrocarril, ind\u00fastria, ingenier\u00eda civil del agua...","robots":{"index":"index","follow":"follow","max-snippet":"max-snippet:-1","max-image-preview":"max-image-preview:large","max-video-preview":"max-video-preview:-1"},"canonical":"https:\/\/www.soletanchefreyssinet.com\/es\/ambitos-de-actividad\/structures\/","og_locale":"es_ES","og_type":"article","og_title":"Soletanche Freyssinet, l\u00edder mundial de las estructuras y de la ingenier\u00eda","og_description":"Numerosos campos de aplicaci\u00f3n: puertos, presas, metros, t\u00faneles, edificios, v\u00edas, ferrocarril, ind\u00fastria, ingenier\u00eda civil del agua...","og_url":"https:\/\/www.soletanchefreyssinet.com\/es\/ambitos-de-actividad\/structures\/","og_site_name":"Soletanche Freyssinet","article_publisher":"https:\/\/www.facebook.com\/soletanchefreyssinet.group","article_modified_time":"2025-01-17T14:33:35+00:00","og_image":[{"width":355,"height":162,"url":"https:\/\/www.soletanchefreyssinet.com\/wp-content\/uploads\/2020\/07\/SOLETANCHE_FREYSSINET_BOT_GB_V_RVB.gif","type":"image\/gif"}],"twitter_card":"summary_large_image","schema":{"@context":"https:\/\/schema.org","@graph":[{"@type":"WebPage","@id":"https:\/\/www.soletanchefreyssinet.com\/es\/ambitos-de-actividad\/structures\/","url":"https:\/\/www.soletanchefreyssinet.com\/es\/ambitos-de-actividad\/structures\/","name":"Soletanche Freyssinet, l\u00edder mundial de las estructuras y de la ingenier\u00eda","isPartOf":{"@id":"https:\/\/www.soletanchefreyssinet.com\/es\/#website"},"datePublished":"2020-06-19T07:26:44+00:00","dateModified":"2025-01-17T14:33:35+00:00","description":"Numerosos campos de aplicaci\u00f3n: puertos, presas, metros, t\u00faneles, edificios, v\u00edas, ferrocarril, ind\u00fastria, ingenier\u00eda civil del agua...","breadcrumb":{"@id":"https:\/\/www.soletanchefreyssinet.com\/es\/ambitos-de-actividad\/structures\/#breadcrumb"},"inLanguage":"es","potentialAction":[{"@type":"ReadAction","target":["https:\/\/www.soletanchefreyssinet.com\/es\/ambitos-de-actividad\/structures\/"]}]},{"@type":"BreadcrumbList","@id":"https:\/\/www.soletanchefreyssinet.com\/es\/ambitos-de-actividad\/structures\/#breadcrumb","itemListElement":[{"@type":"ListItem","position":1,"name":"Accueil","item":"https:\/\/www.soletanchefreyssinet.com\/es\/"},{"@type":"ListItem","position":2,"name":"\u00c1mbitos de actividad","item":"https:\/\/www.soletanchefreyssinet.com\/es\/ambitos-de-actividad\/"},{"@type":"ListItem","position":3,"name":"Estructuras"}]},{"@type":"WebSite","@id":"https:\/\/www.soletanchefreyssinet.com\/es\/#website","url":"https:\/\/www.soletanchefreyssinet.com\/es\/","name":"Soletanche Freyssinet","description":"Leader mondial dans les m\u00e9tiers du sol, des structures et du nucl\u00e9aire","publisher":{"@id":"https:\/\/www.soletanchefreyssinet.com\/es\/#organization"},"potentialAction":[{"@type":"SearchAction","target":{"@type":"EntryPoint","urlTemplate":"https:\/\/www.soletanchefreyssinet.com\/es\/?s={search_term_string}"},"query-input":{"@type":"PropertyValueSpecification","valueRequired":true,"valueName":"search_term_string"}}],"inLanguage":"es"},{"@type":"Organization","@id":"https:\/\/www.soletanchefreyssinet.com\/es\/#organization","name":"Soletanche freyssinet","url":"https:\/\/www.soletanchefreyssinet.com\/es\/","logo":{"@type":"ImageObject","inLanguage":"es","@id":"https:\/\/www.soletanchefreyssinet.com\/es\/#\/schema\/logo\/image\/","url":"https:\/\/www.soletanchefreyssinet.com\/wp-content\/uploads\/2020\/07\/SOLETANCHE_FREYSSINET_BOT_GB_V_RVB.gif","contentUrl":"https:\/\/www.soletanchefreyssinet.com\/wp-content\/uploads\/2020\/07\/SOLETANCHE_FREYSSINET_BOT_GB_V_RVB.gif","width":355,"height":162,"caption":"Soletanche freyssinet"},"image":{"@id":"https:\/\/www.soletanchefreyssinet.com\/es\/#\/schema\/logo\/image\/"},"sameAs":["https:\/\/www.facebook.com\/soletanchefreyssinet.group"]}]}},"_links":{"self":[{"href":"https:\/\/www.soletanchefreyssinet.com\/es\/wp-json\/wp\/v2\/pages\/3528","targetHints":{"allow":["GET"]}}],"collection":[{"href":"https:\/\/www.soletanchefreyssinet.com\/es\/wp-json\/wp\/v2\/pages"}],"about":[{"href":"https:\/\/www.soletanchefreyssinet.com\/es\/wp-json\/wp\/v2\/types\/page"}],"author":[{"embeddable":true,"href":"https:\/\/www.soletanchefreyssinet.com\/es\/wp-json\/wp\/v2\/users\/4"}],"replies":[{"embeddable":true,"href":"https:\/\/www.soletanchefreyssinet.com\/es\/wp-json\/wp\/v2\/comments?post=3528"}],"version-history":[{"count":1,"href":"https:\/\/www.soletanchefreyssinet.com\/es\/wp-json\/wp\/v2\/pages\/3528\/revisions"}],"predecessor-version":[{"id":5502,"href":"https:\/\/www.soletanchefreyssinet.com\/es\/wp-json\/wp\/v2\/pages\/3528\/revisions\/5502"}],"up":[{"embeddable":true,"href":"https:\/\/www.soletanchefreyssinet.com\/es\/wp-json\/wp\/v2\/pages\/2817"}],"wp:attachment":[{"href":"https:\/\/www.soletanchefreyssinet.com\/es\/wp-json\/wp\/v2\/media?parent=3528"}],"curies":[{"name":"wp","href":"https:\/\/api.w.org\/{rel}","templated":true}]}}